{"id":1262,"date":"2023-10-20T09:19:00","date_gmt":"2023-10-20T07:19:00","guid":{"rendered":"https:\/\/andersen-storm.com\/?page_id=1262"},"modified":"2023-10-20T09:36:46","modified_gmt":"2023-10-20T07:36:46","slug":"keine-zeit","status":"publish","type":"page","link":"https:\/\/andersen-storm.com\/de\/keine-zeit\/","title":{"rendered":"Keine Zeit"},"content":{"rendered":"\n<p>Lyrics By Andersen Storm \u00a9 2023<br>Song was written, perrformed and recorded by Andersen Storm 2023<\/p>\n\n\n\n<div class=\"wp-block-buttons is-layout-flex wp-block-buttons-is-layout-flex\">\n<div class=\"wp-block-button\"><a class=\"wp-block-button__link wp-element-button\" href=\"\/de\/\" style=\"border-radius:20px\">Jetzt anh\u00f6ren<\/a><\/div>\n\n\n\n<div class=\"wp-block-button\"><a class=\"wp-block-button__link wp-element-button\" href=\"https:\/\/andersen-storm.com\/lyrics\/\" style=\"border-radius:20px\">Lyrics<\/a><\/div>\n\n\n\n<div class=\"wp-block-button\"><a class=\"wp-block-button__link wp-element-button\" style=\"border-radius:20px\">Passende Posts<\/a><\/div>\n\n\n\n<div class=\"wp-block-button\"><a class=\"wp-block-button__link wp-element-button\" style=\"border-radius:20px\">Trivia<\/a><\/div>\n\n\n\n<div class=\"wp-block-button\"><a class=\"wp-block-button__link wp-element-button\" href=\"https:\/\/andersen-storm.com\/de\/music\/\" style=\"border-radius:20px\">Musik<\/a><\/div>\n<\/div>\n\n\n\n<p>Vers 1<br>Wenn alte Berge pl\u00f6tzlich wanken,<br>dann wird dein H\u00fcgel zum Olymp.<br>Der Blick wird weit. Es fallen Schranken.<br>Und es erheben sich Gedanken.<\/p>\n\n\n\n<p>Und eine ungeahnte F\u00fclle<br>von neuen Saiten auf dem Bass,<br>erf\u00fcllt mit Lieblichkeit die Stille.<br>Doch ohne Boden ist mein Fass.<\/p>\n\n\n\n<p>Chorus 1 <br>Ich h\u00e4tte gerne mehr gesungen.<br>Ich h\u00e4tte gerne mehr gelacht.<br>Ich hatte Kraft noch in den Lungen.<br>Ich h\u00e4tte gerne mehr gemacht.<\/p>\n\n\n\n<p>Wir hatten einfach keine Zeit.<\/p>\n\n\n\n<p>Vers 2<br>Alles war denkbar, war zu fragen,<br>war neu zu f\u00fcllen, neu zu tun.<br>Das Unertr\u00e4gliche zu tragen,<br>war noch gewohnt. Das muss man sagen.<\/p>\n\n\n\n<p>Und auch die F\u00fclle der Optionen<br>war jeder Orientierung bar.<br>Noch war es sicherer zu wohnen;<br>fast war das gro\u00dfe Leben da.<\/p>\n\n\n\n<p>Chorus 2<br>Ich h\u00e4tte gerne mehr gelernt.<br>Ich h\u00e4tte gerne mehr versucht.<br>Ich hab den K\u00e4fig nicht verlassen.<br>Ich h\u00e4tte es getan \u2013 verflucht!<\/p>\n\n\n\n<p>Wir hatten einfach keine Zeit.\u00a0<br>Wir hatten einfach keine Zeit.\u00a0\u00a0<\/p>\n","protected":false},"excerpt":{"rendered":"<p>Lyrics By Andersen Storm \u00a9 2023Song was written, perrformed and recorded by Andersen Storm 2023 Vers 1Wenn alte Berge pl\u00f6tzlich wanken,dann wird dein H\u00fcgel zum Olymp.Der Blick wird weit. Es fallen Schranken.Und es erheben sich Gedanken. Und eine ungeahnte F\u00fcllevon neuen Saiten auf dem Bass,erf\u00fcllt mit Lieblichkeit die Stille.Doch ohne Boden ist mein Fass. Chorus&hellip; <a class=\"more-link\" href=\"https:\/\/andersen-storm.com\/de\/keine-zeit\/\"><span class=\"screen-reader-text\">Keine Zeit<\/span> weiterlesen<\/a><\/p>\n","protected":false},"author":1,"featured_media":1263,"parent":0,"menu_order":0,"comment_status":"closed","ping_status":"closed","template":"","meta":{"footnotes":"","_links_to":"","_links_to_target":""},"class_list":["post-1262","page","type-page","status-publish","has-post-thumbnail","hentry","entry"],"translation":{"provider":"WPGlobus","version":"3.0.2","language":"de","enabled_languages":["en","de"],"languages":{"en":{"title":true,"content":true,"excerpt":false},"de":{"title":false,"content":false,"excerpt":false}}},"yoast_head":"<!-- This site is optimized with the Yoast SEO plugin v27.6 - https:\/\/yoast.com\/product\/yoast-seo-wordpress\/ -->\n<title>Keine Zeit - Andersen Storm<\/title>\n<meta name=\"robots\" content=\"index, follow, max-snippet:-1, max-image-preview:large, max-video-preview:-1\" \/>\n<link rel=\"canonical\" href=\"https:\/\/andersen-storm.com\/keine-zeit\/\" \/>\n<meta property=\"og:locale\" content=\"de_DE\" \/>\n<meta property=\"og:type\" content=\"article\" \/>\n<meta property=\"og:title\" content=\"Keine Zeit - Andersen Storm\" \/>\n<meta property=\"og:url\" content=\"https:\/\/andersen-storm.com\/keine-zeit\/\" \/>\n<meta property=\"og:site_name\" content=\"Andersen Storm\" \/>\n<meta property=\"article:modified_time\" content=\"2023-10-20T07:36:46+00:00\" \/>\n<meta property=\"og:image\" content=\"https:\/\/andersen-storm.com\/wp-content\/uploads\/2023\/10\/artwork_keinezeit-1024x1024.png\" \/>\n\t<meta property=\"og:image:width\" content=\"1024\" \/>\n\t<meta property=\"og:image:height\" content=\"1024\" \/>\n\t<meta property=\"og:image:type\" content=\"image\/png\" \/>\n<meta name=\"twitter:card\" content=\"summary_large_image\" \/>\n<meta name=\"twitter:label1\" content=\"Gesch\u00e4tzte Lesezeit\" \/>\n\t<meta name=\"twitter:data1\" content=\"1\u00a0Minute\" \/>\n<script type=\"application\/ld+json\" class=\"yoast-schema-graph\">{\"@context\":\"https:\\\/\\\/schema.org\",\"@graph\":[{\"@type\":\"WebPage\",\"@id\":\"https:\\\/\\\/andersen-storm.com\\\/keine-zeit\\\/\",\"url\":\"https:\\\/\\\/andersen-storm.com\\\/keine-zeit\\\/\",\"name\":\"Keine Zeit - Andersen Storm\",\"isPartOf\":{\"@id\":\"https:\\\/\\\/andersen-storm.com\\\/#website\"},\"primaryImageOfPage\":{\"@id\":\"https:\\\/\\\/andersen-storm.com\\\/keine-zeit\\\/#primaryimage\"},\"image\":{\"@id\":\"https:\\\/\\\/andersen-storm.com\\\/keine-zeit\\\/#primaryimage\"},\"thumbnailUrl\":\"https:\\\/\\\/andersen-storm.com\\\/wp-content\\\/uploads\\\/2023\\\/10\\\/artwork_keinezeit.png\",\"datePublished\":\"2023-10-20T07:19:00+00:00\",\"dateModified\":\"2023-10-20T07:36:46+00:00\",\"breadcrumb\":{\"@id\":\"https:\\\/\\\/andersen-storm.com\\\/keine-zeit\\\/#breadcrumb\"},\"inLanguage\":\"de\",\"potentialAction\":[{\"@type\":\"ReadAction\",\"target\":[\"https:\\\/\\\/andersen-storm.com\\\/keine-zeit\\\/\"]}]},{\"@type\":\"ImageObject\",\"inLanguage\":\"de\",\"@id\":\"https:\\\/\\\/andersen-storm.com\\\/keine-zeit\\\/#primaryimage\",\"url\":\"https:\\\/\\\/andersen-storm.com\\\/wp-content\\\/uploads\\\/2023\\\/10\\\/artwork_keinezeit.png\",\"contentUrl\":\"https:\\\/\\\/andersen-storm.com\\\/wp-content\\\/uploads\\\/2023\\\/10\\\/artwork_keinezeit.png\",\"width\":3000,\"height\":3000,\"caption\":\"Single Release Cover of KEINE ZEIT By Andersen Storm\"},{\"@type\":\"BreadcrumbList\",\"@id\":\"https:\\\/\\\/andersen-storm.com\\\/keine-zeit\\\/#breadcrumb\",\"itemListElement\":[{\"@type\":\"ListItem\",\"position\":1,\"name\":\"Startseite\",\"item\":\"https:\\\/\\\/andersen-storm.com\\\/\"},{\"@type\":\"ListItem\",\"position\":2,\"name\":\"Keine Zeit\"}]},{\"@type\":\"WebSite\",\"@id\":\"https:\\\/\\\/andersen-storm.com\\\/#website\",\"url\":\"https:\\\/\\\/andersen-storm.com\\\/\",\"name\":\"{:en}Andersen Storm{:}{:de}Andersen Storm{:}\",\"description\":\"My Music \u2022 K\u00fcnstlerwebsite\",\"publisher\":{\"@id\":\"https:\\\/\\\/andersen-storm.com\\\/#\\\/schema\\\/person\\\/e0b5c824d9b0479c8df4d0acaf5ee1a0\"},\"potentialAction\":[{\"@type\":\"SearchAction\",\"target\":{\"@type\":\"EntryPoint\",\"urlTemplate\":\"https:\\\/\\\/andersen-storm.com\\\/?s={search_term_string}\"},\"query-input\":{\"@type\":\"PropertyValueSpecification\",\"valueRequired\":true,\"valueName\":\"search_term_string\"}}],\"inLanguage\":\"de\"},{\"@type\":[\"Person\",\"Organization\"],\"@id\":\"https:\\\/\\\/andersen-storm.com\\\/#\\\/schema\\\/person\\\/e0b5c824d9b0479c8df4d0acaf5ee1a0\",\"name\":\"Andersen\",\"image\":{\"@type\":\"ImageObject\",\"inLanguage\":\"de\",\"@id\":\"https:\\\/\\\/andersen-storm.com\\\/wp-content\\\/uploads\\\/2025\\\/08\\\/20250806_161303.jpg\",\"url\":\"https:\\\/\\\/andersen-storm.com\\\/wp-content\\\/uploads\\\/2025\\\/08\\\/20250806_161303.jpg\",\"contentUrl\":\"https:\\\/\\\/andersen-storm.com\\\/wp-content\\\/uploads\\\/2025\\\/08\\\/20250806_161303.jpg\",\"width\":1080,\"height\":1079,\"caption\":\"Andersen\"},\"logo\":{\"@id\":\"https:\\\/\\\/andersen-storm.com\\\/wp-content\\\/uploads\\\/2025\\\/08\\\/20250806_161303.jpg\"},\"sameAs\":[\"https:\\\/\\\/andersenstorm.com\"]}]}<\/script>\n<!-- \/ Yoast SEO plugin. -->","yoast_head_json":{"title":"Keine Zeit - Andersen Storm","robots":{"index":"index","follow":"follow","max-snippet":"max-snippet:-1","max-image-preview":"max-image-preview:large","max-video-preview":"max-video-preview:-1"},"canonical":"https:\/\/andersen-storm.com\/keine-zeit\/","og_locale":"de_DE","og_type":"article","og_title":"Keine Zeit - Andersen Storm","og_url":"https:\/\/andersen-storm.com\/keine-zeit\/","og_site_name":"Andersen Storm","article_modified_time":"2023-10-20T07:36:46+00:00","og_image":[{"width":1024,"height":1024,"url":"https:\/\/andersen-storm.com\/wp-content\/uploads\/2023\/10\/artwork_keinezeit-1024x1024.png","type":"image\/png"}],"twitter_card":"summary_large_image","twitter_misc":{"Gesch\u00e4tzte Lesezeit":"1\u00a0Minute"},"schema":{"@context":"https:\/\/schema.org","@graph":[{"@type":"WebPage","@id":"https:\/\/andersen-storm.com\/keine-zeit\/","url":"https:\/\/andersen-storm.com\/keine-zeit\/","name":"Keine Zeit - Andersen Storm","isPartOf":{"@id":"https:\/\/andersen-storm.com\/#website"},"primaryImageOfPage":{"@id":"https:\/\/andersen-storm.com\/keine-zeit\/#primaryimage"},"image":{"@id":"https:\/\/andersen-storm.com\/keine-zeit\/#primaryimage"},"thumbnailUrl":"https:\/\/andersen-storm.com\/wp-content\/uploads\/2023\/10\/artwork_keinezeit.png","datePublished":"2023-10-20T07:19:00+00:00","dateModified":"2023-10-20T07:36:46+00:00","breadcrumb":{"@id":"https:\/\/andersen-storm.com\/keine-zeit\/#breadcrumb"},"inLanguage":"de","potentialAction":[{"@type":"ReadAction","target":["https:\/\/andersen-storm.com\/keine-zeit\/"]}]},{"@type":"ImageObject","inLanguage":"de","@id":"https:\/\/andersen-storm.com\/keine-zeit\/#primaryimage","url":"https:\/\/andersen-storm.com\/wp-content\/uploads\/2023\/10\/artwork_keinezeit.png","contentUrl":"https:\/\/andersen-storm.com\/wp-content\/uploads\/2023\/10\/artwork_keinezeit.png","width":3000,"height":3000,"caption":"Single Release Cover of KEINE ZEIT By Andersen Storm"},{"@type":"BreadcrumbList","@id":"https:\/\/andersen-storm.com\/keine-zeit\/#breadcrumb","itemListElement":[{"@type":"ListItem","position":1,"name":"Startseite","item":"https:\/\/andersen-storm.com\/"},{"@type":"ListItem","position":2,"name":"Keine Zeit"}]},{"@type":"WebSite","@id":"https:\/\/andersen-storm.com\/#website","url":"https:\/\/andersen-storm.com\/","name":"{:en}Andersen Storm{:}{:de}Andersen Storm{:}","description":"My Music \u2022 K\u00fcnstlerwebsite","publisher":{"@id":"https:\/\/andersen-storm.com\/#\/schema\/person\/e0b5c824d9b0479c8df4d0acaf5ee1a0"},"potentialAction":[{"@type":"SearchAction","target":{"@type":"EntryPoint","urlTemplate":"https:\/\/andersen-storm.com\/?s={search_term_string}"},"query-input":{"@type":"PropertyValueSpecification","valueRequired":true,"valueName":"search_term_string"}}],"inLanguage":"de"},{"@type":["Person","Organization"],"@id":"https:\/\/andersen-storm.com\/#\/schema\/person\/e0b5c824d9b0479c8df4d0acaf5ee1a0","name":"Andersen","image":{"@type":"ImageObject","inLanguage":"de","@id":"https:\/\/andersen-storm.com\/wp-content\/uploads\/2025\/08\/20250806_161303.jpg","url":"https:\/\/andersen-storm.com\/wp-content\/uploads\/2025\/08\/20250806_161303.jpg","contentUrl":"https:\/\/andersen-storm.com\/wp-content\/uploads\/2025\/08\/20250806_161303.jpg","width":1080,"height":1079,"caption":"Andersen"},"logo":{"@id":"https:\/\/andersen-storm.com\/wp-content\/uploads\/2025\/08\/20250806_161303.jpg"},"sameAs":["https:\/\/andersenstorm.com"]}]}},"_links":{"self":[{"href":"https:\/\/andersen-storm.com\/de\/wp-json\/wp\/v2\/pages\/1262","targetHints":{"allow":["GET"]}}],"collection":[{"href":"https:\/\/andersen-storm.com\/de\/wp-json\/wp\/v2\/pages"}],"about":[{"href":"https:\/\/andersen-storm.com\/de\/wp-json\/wp\/v2\/types\/page"}],"author":[{"embeddable":true,"href":"https:\/\/andersen-storm.com\/de\/wp-json\/wp\/v2\/users\/1"}],"replies":[{"embeddable":true,"href":"https:\/\/andersen-storm.com\/de\/wp-json\/wp\/v2\/comments?post=1262"}],"version-history":[{"count":2,"href":"https:\/\/andersen-storm.com\/de\/wp-json\/wp\/v2\/pages\/1262\/revisions"}],"predecessor-version":[{"id":1274,"href":"https:\/\/andersen-storm.com\/de\/wp-json\/wp\/v2\/pages\/1262\/revisions\/1274"}],"wp:featuredmedia":[{"embeddable":true,"href":"https:\/\/andersen-storm.com\/de\/wp-json\/wp\/v2\/media\/1263"}],"wp:attachment":[{"href":"https:\/\/andersen-storm.com\/de\/wp-json\/wp\/v2\/media?parent=1262"}],"curies":[{"name":"wp","href":"https:\/\/api.w.org\/{rel}","templated":true}]}}