{"id":1572,"date":"2024-06-13T13:47:57","date_gmt":"2024-06-13T11:47:57","guid":{"rendered":"https:\/\/andersen-storm.com\/?page_id=1572"},"modified":"2024-07-08T13:46:18","modified_gmt":"2024-07-08T11:46:18","slug":"klarkommen-song","status":"publish","type":"page","link":"https:\/\/andersen-storm.com\/de\/klarkommen-song\/","title":{"rendered":"Klarkommen (Song)"},"content":{"rendered":"\n<figure class=\"wp-block-image size-large\"><a href=\"https:\/\/youtu.be\/D2ucO3Y6Qqw?feature=shared\" target=\"_blank\" rel=\"noreferrer noopener\"><img loading=\"lazy\" decoding=\"async\" width=\"1024\" height=\"1024\" src=\"https:\/\/andersen-storm.com\/wp-content\/uploads\/2024\/06\/Klarkommen__AndersenStorm_pic1_1080-1024x1024.png\" alt=\"\" class=\"wp-image-1590\" srcset=\"https:\/\/andersen-storm.com\/wp-content\/uploads\/2024\/06\/Klarkommen__AndersenStorm_pic1_1080-1024x1024.png 1024w, https:\/\/andersen-storm.com\/wp-content\/uploads\/2024\/06\/Klarkommen__AndersenStorm_pic1_1080-300x300.png 300w, https:\/\/andersen-storm.com\/wp-content\/uploads\/2024\/06\/Klarkommen__AndersenStorm_pic1_1080-150x150.png 150w, https:\/\/andersen-storm.com\/wp-content\/uploads\/2024\/06\/Klarkommen__AndersenStorm_pic1_1080-768x768.png 768w, https:\/\/andersen-storm.com\/wp-content\/uploads\/2024\/06\/Klarkommen__AndersenStorm_pic1_1080-450x450.png 450w, https:\/\/andersen-storm.com\/wp-content\/uploads\/2024\/06\/Klarkommen__AndersenStorm_pic1_1080-600x600.png 600w, https:\/\/andersen-storm.com\/wp-content\/uploads\/2024\/06\/Klarkommen__AndersenStorm_pic1_1080-100x100.png 100w, https:\/\/andersen-storm.com\/wp-content\/uploads\/2024\/06\/Klarkommen__AndersenStorm_pic1_1080.png 1080w\" sizes=\"auto, (max-width: 1024px) 100vw, 1024px\" \/><\/a><\/figure>\n\n\n\n<p>Das Lied wurde geschrieben, produziert and performed by Andersen Storm, \u00a9 2024. Released am 14. Juni 2024.<\/p>\n\n\n\n<div class=\"wp-block-buttons is-layout-flex wp-block-buttons-is-layout-flex\">\n<div class=\"wp-block-button\"><a class=\"wp-block-button__link wp-element-button\" href=\"https:\/\/youtu.be\/d1tycdwydyY?feature=shared&amp;t=19\" style=\"border-radius:20px\" target=\"_blank\" rel=\"noreferrer noopener\">Jetzt anh\u00f6ren<\/a><\/div>\n\n\n\n<div class=\"wp-block-button\"><a class=\"wp-block-button__link wp-element-button\" href=\"https:\/\/andersen-storm.com\/lyrics\/\" style=\"border-radius:20px\">Lyrics<\/a><\/div>\n\n\n\n<div class=\"wp-block-button\"><a class=\"wp-block-button__link wp-element-button\" href=\"https:\/\/stormimwasserglas.de\/podcast\/teaser-klarkommen-aslr\/\" style=\"border-radius:20px\" target=\"_blank\" rel=\"noreferrer noopener\">Posts<\/a><\/div>\n\n\n\n<div class=\"wp-block-button\"><a class=\"wp-block-button__link wp-element-button\" href=\"https:\/\/andersen-storm.com\/de\/music\/\" style=\"border-radius:20px\">Musik<\/a><\/div>\n<\/div>\n\n\n\n<p>Sie kommen klar mit der Welt<br>Mit dem Geld<br>Ist klar, dass es hinten und vorne fehlt<br>Doch es gibt Hilfe vom Amt<br>Wenn man beantragt<br>F\u00fcr Schreibkram ist man lieber besser veranlagt<br>Wenn man arm ist<br>Sonst wirds hart<br>Eben auch f\u00fcr die Kinder<br>Die kriegen das zu sp\u00fcren<br>Jeden Tag mit kleinen Stichen<\/p>\n\n\n\n<p>Sie kommen klar, aber es ist so<br>Jeder der&#8217;s wissen will kann&#8217;s wissen<br>Es steht ind er Zeitung<br>Ist Thema im Fernsehen<br>Kocht auf in der Talkshow<br>Da kann man&#8217;s dann sch\u00f6nreden<br>Was?! Bei Kinderarmut gibt&#8217;s neben Contra auch Pro?<br>Wach doch auf! Klar gibt&#8217;s das<br>W\u00e4re es sonst so?<\/p>\n\n\n\n<p>Sie kommen klar mit der Welt<br>Geht auch nicht immer ums Geld<br>Wenn man sich liebt und zusammenh\u00e4lt<br>Haben Freude und Spa\u00df<br>Gehen spazieren am Zoo<br>Dabei sieht amn die Tiere auch so<\/p>\n\n\n\n<p>Die Nachbarn helfen und auch mal &#8217;ne Stiftung<br>Inder Schule gibt&#8217;s wenig zu klagen<br>Es gibt so viel mehr was wichtig ist im Leben<br>Nichts ist gut daran zu verzagen<\/p>\n\n\n\n<p>Und klar, es gab sieben Euro mehr im letzten Jahr<br>Ist wahr: Sie kommen klar<\/p>\n\n\n\n<p>Dicht an der U-Bahn unter dem Dach<br>Sitzt sie und denkt \u00fcber das letzte Jahr nach<br>Rumpelt die Bahn nicht, h\u00fcpft die Waschmaschine<br>Alles wackelt so dahin, wie bei &#8217;ner Rumpelk\u00f6nigin<\/p>\n\n\n\n<p>Und klar, es gab sieben Euro mehr im letzten Jahr<br>Ist wahr: Sie kommen klar<\/p>\n\n\n\n<p>Sie und die beiden Kinder<\/p>\n\n\n\n<figure class=\"wp-block-embed is-type-video is-provider-youtube wp-block-embed-youtube wp-embed-aspect-4-3 wp-has-aspect-ratio\"><div class=\"wp-block-embed__wrapper\">\n<iframe loading=\"lazy\" title=\"Klarkommen\" width=\"750\" height=\"563\" src=\"https:\/\/www.youtube.com\/embed\/hz2MvyQHERo?feature=oembed\" frameborder=\"0\" allow=\"accelerometer; autoplay; clipboard-write; encrypted-media; gyroscope; picture-in-picture; web-share\" referrerpolicy=\"strict-origin-when-cross-origin\" allowfullscreen><\/iframe>\n<\/div><\/figure>\n\n\n\n<figure class=\"wp-block-gallery has-nested-images columns-default is-cropped wp-block-gallery-1 is-layout-flex wp-block-gallery-is-layout-flex\">\n<figure class=\"wp-block-image size-large\"><img loading=\"lazy\" decoding=\"async\" width=\"1024\" height=\"1024\" data-id=\"1594\" src=\"https:\/\/andersen-storm.com\/wp-content\/uploads\/2024\/06\/klarkommen_andersenstorm_1080px-1024x1024.png\" alt=\"\" class=\"wp-image-1594\" srcset=\"https:\/\/andersen-storm.com\/wp-content\/uploads\/2024\/06\/klarkommen_andersenstorm_1080px-1024x1024.png 1024w, https:\/\/andersen-storm.com\/wp-content\/uploads\/2024\/06\/klarkommen_andersenstorm_1080px-300x300.png 300w, https:\/\/andersen-storm.com\/wp-content\/uploads\/2024\/06\/klarkommen_andersenstorm_1080px-150x150.png 150w, https:\/\/andersen-storm.com\/wp-content\/uploads\/2024\/06\/klarkommen_andersenstorm_1080px-768x768.png 768w, https:\/\/andersen-storm.com\/wp-content\/uploads\/2024\/06\/klarkommen_andersenstorm_1080px-450x450.png 450w, https:\/\/andersen-storm.com\/wp-content\/uploads\/2024\/06\/klarkommen_andersenstorm_1080px-600x600.png 600w, https:\/\/andersen-storm.com\/wp-content\/uploads\/2024\/06\/klarkommen_andersenstorm_1080px-100x100.png 100w, https:\/\/andersen-storm.com\/wp-content\/uploads\/2024\/06\/klarkommen_andersenstorm_1080px.png 1080w\" sizes=\"auto, (max-width: 1024px) 100vw, 1024px\" \/><\/figure>\n\n\n\n<figure class=\"wp-block-image size-large\"><img loading=\"lazy\" decoding=\"async\" width=\"1024\" height=\"1024\" data-id=\"1593\" src=\"https:\/\/andersen-storm.com\/wp-content\/uploads\/2024\/06\/Klarkommen__AndersenStorm_pic4_1080-1024x1024.png\" alt=\"\" class=\"wp-image-1593\" srcset=\"https:\/\/andersen-storm.com\/wp-content\/uploads\/2024\/06\/Klarkommen__AndersenStorm_pic4_1080-1024x1024.png 1024w, https:\/\/andersen-storm.com\/wp-content\/uploads\/2024\/06\/Klarkommen__AndersenStorm_pic4_1080-300x300.png 300w, https:\/\/andersen-storm.com\/wp-content\/uploads\/2024\/06\/Klarkommen__AndersenStorm_pic4_1080-150x150.png 150w, https:\/\/andersen-storm.com\/wp-content\/uploads\/2024\/06\/Klarkommen__AndersenStorm_pic4_1080-768x768.png 768w, https:\/\/andersen-storm.com\/wp-content\/uploads\/2024\/06\/Klarkommen__AndersenStorm_pic4_1080-450x450.png 450w, https:\/\/andersen-storm.com\/wp-content\/uploads\/2024\/06\/Klarkommen__AndersenStorm_pic4_1080-600x600.png 600w, https:\/\/andersen-storm.com\/wp-content\/uploads\/2024\/06\/Klarkommen__AndersenStorm_pic4_1080-100x100.png 100w, https:\/\/andersen-storm.com\/wp-content\/uploads\/2024\/06\/Klarkommen__AndersenStorm_pic4_1080.png 1080w\" sizes=\"auto, (max-width: 1024px) 100vw, 1024px\" \/><\/figure>\n\n\n\n<figure class=\"wp-block-image size-large\"><img loading=\"lazy\" decoding=\"async\" width=\"1024\" height=\"1024\" data-id=\"1592\" src=\"https:\/\/andersen-storm.com\/wp-content\/uploads\/2024\/06\/Klarkommen__AndersenStorm_pic3_1080-1024x1024.png\" alt=\"\" class=\"wp-image-1592\" srcset=\"https:\/\/andersen-storm.com\/wp-content\/uploads\/2024\/06\/Klarkommen__AndersenStorm_pic3_1080-1024x1024.png 1024w, https:\/\/andersen-storm.com\/wp-content\/uploads\/2024\/06\/Klarkommen__AndersenStorm_pic3_1080-300x300.png 300w, https:\/\/andersen-storm.com\/wp-content\/uploads\/2024\/06\/Klarkommen__AndersenStorm_pic3_1080-150x150.png 150w, https:\/\/andersen-storm.com\/wp-content\/uploads\/2024\/06\/Klarkommen__AndersenStorm_pic3_1080-768x768.png 768w, https:\/\/andersen-storm.com\/wp-content\/uploads\/2024\/06\/Klarkommen__AndersenStorm_pic3_1080-450x450.png 450w, https:\/\/andersen-storm.com\/wp-content\/uploads\/2024\/06\/Klarkommen__AndersenStorm_pic3_1080-600x600.png 600w, https:\/\/andersen-storm.com\/wp-content\/uploads\/2024\/06\/Klarkommen__AndersenStorm_pic3_1080-100x100.png 100w, https:\/\/andersen-storm.com\/wp-content\/uploads\/2024\/06\/Klarkommen__AndersenStorm_pic3_1080.png 1080w\" sizes=\"auto, (max-width: 1024px) 100vw, 1024px\" \/><\/figure>\n\n\n\n<figure class=\"wp-block-image size-large\"><img loading=\"lazy\" decoding=\"async\" width=\"1024\" height=\"1024\" data-id=\"1589\" src=\"https:\/\/andersen-storm.com\/wp-content\/uploads\/2024\/06\/CD_Cover_back_1080-1024x1024.png\" alt=\"\" class=\"wp-image-1589\" srcset=\"https:\/\/andersen-storm.com\/wp-content\/uploads\/2024\/06\/CD_Cover_back_1080-1024x1024.png 1024w, https:\/\/andersen-storm.com\/wp-content\/uploads\/2024\/06\/CD_Cover_back_1080-300x300.png 300w, https:\/\/andersen-storm.com\/wp-content\/uploads\/2024\/06\/CD_Cover_back_1080-150x150.png 150w, https:\/\/andersen-storm.com\/wp-content\/uploads\/2024\/06\/CD_Cover_back_1080-768x768.png 768w, https:\/\/andersen-storm.com\/wp-content\/uploads\/2024\/06\/CD_Cover_back_1080-450x450.png 450w, https:\/\/andersen-storm.com\/wp-content\/uploads\/2024\/06\/CD_Cover_back_1080-600x600.png 600w, https:\/\/andersen-storm.com\/wp-content\/uploads\/2024\/06\/CD_Cover_back_1080-100x100.png 100w, https:\/\/andersen-storm.com\/wp-content\/uploads\/2024\/06\/CD_Cover_back_1080.png 1080w\" sizes=\"auto, (max-width: 1024px) 100vw, 1024px\" \/><\/figure>\n\n\n\n<figure class=\"wp-block-image size-large\"><img loading=\"lazy\" decoding=\"async\" width=\"1024\" height=\"1024\" data-id=\"1591\" src=\"https:\/\/andersen-storm.com\/wp-content\/uploads\/2024\/06\/Klarkommen__AndersenStorm_pic2_1080-1024x1024.png\" alt=\"\" class=\"wp-image-1591\" srcset=\"https:\/\/andersen-storm.com\/wp-content\/uploads\/2024\/06\/Klarkommen__AndersenStorm_pic2_1080-1024x1024.png 1024w, https:\/\/andersen-storm.com\/wp-content\/uploads\/2024\/06\/Klarkommen__AndersenStorm_pic2_1080-300x300.png 300w, https:\/\/andersen-storm.com\/wp-content\/uploads\/2024\/06\/Klarkommen__AndersenStorm_pic2_1080-150x150.png 150w, https:\/\/andersen-storm.com\/wp-content\/uploads\/2024\/06\/Klarkommen__AndersenStorm_pic2_1080-768x768.png 768w, https:\/\/andersen-storm.com\/wp-content\/uploads\/2024\/06\/Klarkommen__AndersenStorm_pic2_1080-450x450.png 450w, https:\/\/andersen-storm.com\/wp-content\/uploads\/2024\/06\/Klarkommen__AndersenStorm_pic2_1080-600x600.png 600w, https:\/\/andersen-storm.com\/wp-content\/uploads\/2024\/06\/Klarkommen__AndersenStorm_pic2_1080-100x100.png 100w, https:\/\/andersen-storm.com\/wp-content\/uploads\/2024\/06\/Klarkommen__AndersenStorm_pic2_1080.png 1080w\" sizes=\"auto, (max-width: 1024px) 100vw, 1024px\" \/><\/figure>\n\n\n\n<figure class=\"wp-block-image size-large\"><img loading=\"lazy\" decoding=\"async\" width=\"1024\" height=\"1024\" data-id=\"1590\" src=\"https:\/\/andersen-storm.com\/wp-content\/uploads\/2024\/06\/Klarkommen__AndersenStorm_pic1_1080-1024x1024.png\" alt=\"\" class=\"wp-image-1590\" srcset=\"https:\/\/andersen-storm.com\/wp-content\/uploads\/2024\/06\/Klarkommen__AndersenStorm_pic1_1080-1024x1024.png 1024w, https:\/\/andersen-storm.com\/wp-content\/uploads\/2024\/06\/Klarkommen__AndersenStorm_pic1_1080-300x300.png 300w, https:\/\/andersen-storm.com\/wp-content\/uploads\/2024\/06\/Klarkommen__AndersenStorm_pic1_1080-150x150.png 150w, https:\/\/andersen-storm.com\/wp-content\/uploads\/2024\/06\/Klarkommen__AndersenStorm_pic1_1080-768x768.png 768w, https:\/\/andersen-storm.com\/wp-content\/uploads\/2024\/06\/Klarkommen__AndersenStorm_pic1_1080-450x450.png 450w, https:\/\/andersen-storm.com\/wp-content\/uploads\/2024\/06\/Klarkommen__AndersenStorm_pic1_1080-600x600.png 600w, https:\/\/andersen-storm.com\/wp-content\/uploads\/2024\/06\/Klarkommen__AndersenStorm_pic1_1080-100x100.png 100w, https:\/\/andersen-storm.com\/wp-content\/uploads\/2024\/06\/Klarkommen__AndersenStorm_pic1_1080.png 1080w\" sizes=\"auto, (max-width: 1024px) 100vw, 1024px\" \/><\/figure>\n\n\n\n<figure class=\"wp-block-image size-large\"><img loading=\"lazy\" decoding=\"async\" width=\"1024\" height=\"1024\" data-id=\"1545\" src=\"https:\/\/andersen-storm.com\/wp-content\/uploads\/2024\/06\/CD_Cover-1024x1024.png\" alt=\"\" class=\"wp-image-1545\" srcset=\"https:\/\/andersen-storm.com\/wp-content\/uploads\/2024\/06\/CD_Cover-1024x1024.png 1024w, https:\/\/andersen-storm.com\/wp-content\/uploads\/2024\/06\/CD_Cover-300x300.png 300w, https:\/\/andersen-storm.com\/wp-content\/uploads\/2024\/06\/CD_Cover-150x150.png 150w, https:\/\/andersen-storm.com\/wp-content\/uploads\/2024\/06\/CD_Cover-768x768.png 768w, https:\/\/andersen-storm.com\/wp-content\/uploads\/2024\/06\/CD_Cover-1536x1536.png 1536w, https:\/\/andersen-storm.com\/wp-content\/uploads\/2024\/06\/CD_Cover-2048x2048.png 2048w, https:\/\/andersen-storm.com\/wp-content\/uploads\/2024\/06\/CD_Cover-1568x1568.png 1568w, https:\/\/andersen-storm.com\/wp-content\/uploads\/2024\/06\/CD_Cover-450x450.png 450w, https:\/\/andersen-storm.com\/wp-content\/uploads\/2024\/06\/CD_Cover-600x600.png 600w, https:\/\/andersen-storm.com\/wp-content\/uploads\/2024\/06\/CD_Cover-100x100.png 100w\" sizes=\"auto, (max-width: 1024px) 100vw, 1024px\" \/><\/figure>\n<\/figure>\n","protected":false},"excerpt":{"rendered":"<p>Das Lied wurde geschrieben, produziert and performed by Andersen Storm, \u00a9 2024. Released am 14. Juni 2024. Sie kommen klar mit der WeltMit dem GeldIst klar, dass es hinten und vorne fehltDoch es gibt Hilfe vom AmtWenn man beantragtF\u00fcr Schreibkram ist man lieber besser veranlagtWenn man arm istSonst wirds hartEben auch f\u00fcr die KinderDie kriegen&hellip; <a class=\"more-link\" href=\"https:\/\/andersen-storm.com\/de\/klarkommen-song\/\"><span class=\"screen-reader-text\">Klarkommen (Song)<\/span> weiterlesen<\/a><\/p>\n","protected":false},"author":1,"featured_media":0,"parent":0,"menu_order":0,"comment_status":"closed","ping_status":"closed","template":"","meta":{"footnotes":"","_links_to":"","_links_to_target":""},"class_list":["post-1572","page","type-page","status-publish","hentry","entry"],"translation":{"provider":"WPGlobus","version":"3.0.2","language":"de","enabled_languages":["en","de"],"languages":{"en":{"title":true,"content":true,"excerpt":false},"de":{"title":true,"content":true,"excerpt":false}}},"yoast_head":"<!-- This site is optimized with the Yoast SEO plugin v27.3 - https:\/\/yoast.com\/product\/yoast-seo-wordpress\/ -->\n<title>Klarkommen (Song) - Andersen Storm<\/title>\n<meta name=\"robots\" content=\"index, follow, max-snippet:-1, max-image-preview:large, max-video-preview:-1\" \/>\n<link rel=\"canonical\" href=\"https:\/\/andersen-storm.com\/klarkommen-song\/\" \/>\n<meta property=\"og:locale\" content=\"de_DE\" \/>\n<meta property=\"og:type\" content=\"article\" \/>\n<meta property=\"og:title\" content=\"Klarkommen (Song) - Andersen Storm\" \/>\n<meta property=\"og:url\" content=\"https:\/\/andersen-storm.com\/klarkommen-song\/\" \/>\n<meta property=\"og:site_name\" content=\"Andersen Storm\" \/>\n<meta property=\"article:modified_time\" content=\"2024-07-08T11:46:18+00:00\" \/>\n<meta property=\"og:image\" content=\"https:\/\/andersen-storm.com\/wp-content\/uploads\/2024\/06\/Klarkommen__AndersenStorm_pic1_1080.png\" \/>\n\t<meta property=\"og:image:width\" content=\"1080\" \/>\n\t<meta property=\"og:image:height\" content=\"1080\" \/>\n\t<meta property=\"og:image:type\" content=\"image\/png\" \/>\n<meta name=\"twitter:card\" content=\"summary_large_image\" \/>\n<meta name=\"twitter:label1\" content=\"Gesch\u00e4tzte Lesezeit\" \/>\n\t<meta name=\"twitter:data1\" content=\"2\u00a0Minuten\" \/>\n<script type=\"application\/ld+json\" class=\"yoast-schema-graph\">{\"@context\":\"https:\\\/\\\/schema.org\",\"@graph\":[{\"@type\":\"WebPage\",\"@id\":\"https:\\\/\\\/andersen-storm.com\\\/klarkommen-song\\\/\",\"url\":\"https:\\\/\\\/andersen-storm.com\\\/klarkommen-song\\\/\",\"name\":\"Klarkommen (Song) - Andersen Storm\",\"isPartOf\":{\"@id\":\"https:\\\/\\\/andersen-storm.com\\\/#website\"},\"primaryImageOfPage\":{\"@id\":\"https:\\\/\\\/andersen-storm.com\\\/klarkommen-song\\\/#primaryimage\"},\"image\":{\"@id\":\"https:\\\/\\\/andersen-storm.com\\\/klarkommen-song\\\/#primaryimage\"},\"thumbnailUrl\":\"https:\\\/\\\/andersen-storm.com\\\/wp-content\\\/uploads\\\/2024\\\/06\\\/Klarkommen__AndersenStorm_pic1_1080-1024x1024.png\",\"datePublished\":\"2024-06-13T11:47:57+00:00\",\"dateModified\":\"2024-07-08T11:46:18+00:00\",\"breadcrumb\":{\"@id\":\"https:\\\/\\\/andersen-storm.com\\\/klarkommen-song\\\/#breadcrumb\"},\"inLanguage\":\"de\",\"potentialAction\":[{\"@type\":\"ReadAction\",\"target\":[\"https:\\\/\\\/andersen-storm.com\\\/klarkommen-song\\\/\"]}]},{\"@type\":\"ImageObject\",\"inLanguage\":\"de\",\"@id\":\"https:\\\/\\\/andersen-storm.com\\\/klarkommen-song\\\/#primaryimage\",\"url\":\"https:\\\/\\\/andersen-storm.com\\\/wp-content\\\/uploads\\\/2024\\\/06\\\/Klarkommen__AndersenStorm_pic1_1080-1024x1024.png\",\"contentUrl\":\"https:\\\/\\\/andersen-storm.com\\\/wp-content\\\/uploads\\\/2024\\\/06\\\/Klarkommen__AndersenStorm_pic1_1080-1024x1024.png\"},{\"@type\":\"BreadcrumbList\",\"@id\":\"https:\\\/\\\/andersen-storm.com\\\/klarkommen-song\\\/#breadcrumb\",\"itemListElement\":[{\"@type\":\"ListItem\",\"position\":1,\"name\":\"Startseite\",\"item\":\"https:\\\/\\\/andersen-storm.com\\\/\"},{\"@type\":\"ListItem\",\"position\":2,\"name\":\"Klarkommen (Song)\"}]},{\"@type\":\"WebSite\",\"@id\":\"https:\\\/\\\/andersen-storm.com\\\/#website\",\"url\":\"https:\\\/\\\/andersen-storm.com\\\/\",\"name\":\"{:en}Andersen Storm{:}{:de}Andersen Storm{:}\",\"description\":\"My Music \u2022 K\u00fcnstlerwebsite\",\"publisher\":{\"@id\":\"https:\\\/\\\/andersen-storm.com\\\/#\\\/schema\\\/person\\\/e0b5c824d9b0479c8df4d0acaf5ee1a0\"},\"potentialAction\":[{\"@type\":\"SearchAction\",\"target\":{\"@type\":\"EntryPoint\",\"urlTemplate\":\"https:\\\/\\\/andersen-storm.com\\\/?s={search_term_string}\"},\"query-input\":{\"@type\":\"PropertyValueSpecification\",\"valueRequired\":true,\"valueName\":\"search_term_string\"}}],\"inLanguage\":\"de\"},{\"@type\":[\"Person\",\"Organization\"],\"@id\":\"https:\\\/\\\/andersen-storm.com\\\/#\\\/schema\\\/person\\\/e0b5c824d9b0479c8df4d0acaf5ee1a0\",\"name\":\"Andersen\",\"image\":{\"@type\":\"ImageObject\",\"inLanguage\":\"de\",\"@id\":\"https:\\\/\\\/andersen-storm.com\\\/wp-content\\\/uploads\\\/2025\\\/08\\\/20250806_161303.jpg\",\"url\":\"https:\\\/\\\/andersen-storm.com\\\/wp-content\\\/uploads\\\/2025\\\/08\\\/20250806_161303.jpg\",\"contentUrl\":\"https:\\\/\\\/andersen-storm.com\\\/wp-content\\\/uploads\\\/2025\\\/08\\\/20250806_161303.jpg\",\"width\":1080,\"height\":1079,\"caption\":\"Andersen\"},\"logo\":{\"@id\":\"https:\\\/\\\/andersen-storm.com\\\/wp-content\\\/uploads\\\/2025\\\/08\\\/20250806_161303.jpg\"},\"sameAs\":[\"https:\\\/\\\/andersenstorm.com\"]}]}<\/script>\n<!-- \/ Yoast SEO plugin. -->","yoast_head_json":{"title":"Klarkommen (Song) - Andersen Storm","robots":{"index":"index","follow":"follow","max-snippet":"max-snippet:-1","max-image-preview":"max-image-preview:large","max-video-preview":"max-video-preview:-1"},"canonical":"https:\/\/andersen-storm.com\/klarkommen-song\/","og_locale":"de_DE","og_type":"article","og_title":"Klarkommen (Song) - Andersen Storm","og_url":"https:\/\/andersen-storm.com\/klarkommen-song\/","og_site_name":"Andersen Storm","article_modified_time":"2024-07-08T11:46:18+00:00","og_image":[{"width":1080,"height":1080,"url":"https:\/\/andersen-storm.com\/wp-content\/uploads\/2024\/06\/Klarkommen__AndersenStorm_pic1_1080.png","type":"image\/png"}],"twitter_card":"summary_large_image","twitter_misc":{"Gesch\u00e4tzte Lesezeit":"2\u00a0Minuten"},"schema":{"@context":"https:\/\/schema.org","@graph":[{"@type":"WebPage","@id":"https:\/\/andersen-storm.com\/klarkommen-song\/","url":"https:\/\/andersen-storm.com\/klarkommen-song\/","name":"Klarkommen (Song) - Andersen Storm","isPartOf":{"@id":"https:\/\/andersen-storm.com\/#website"},"primaryImageOfPage":{"@id":"https:\/\/andersen-storm.com\/klarkommen-song\/#primaryimage"},"image":{"@id":"https:\/\/andersen-storm.com\/klarkommen-song\/#primaryimage"},"thumbnailUrl":"https:\/\/andersen-storm.com\/wp-content\/uploads\/2024\/06\/Klarkommen__AndersenStorm_pic1_1080-1024x1024.png","datePublished":"2024-06-13T11:47:57+00:00","dateModified":"2024-07-08T11:46:18+00:00","breadcrumb":{"@id":"https:\/\/andersen-storm.com\/klarkommen-song\/#breadcrumb"},"inLanguage":"de","potentialAction":[{"@type":"ReadAction","target":["https:\/\/andersen-storm.com\/klarkommen-song\/"]}]},{"@type":"ImageObject","inLanguage":"de","@id":"https:\/\/andersen-storm.com\/klarkommen-song\/#primaryimage","url":"https:\/\/andersen-storm.com\/wp-content\/uploads\/2024\/06\/Klarkommen__AndersenStorm_pic1_1080-1024x1024.png","contentUrl":"https:\/\/andersen-storm.com\/wp-content\/uploads\/2024\/06\/Klarkommen__AndersenStorm_pic1_1080-1024x1024.png"},{"@type":"BreadcrumbList","@id":"https:\/\/andersen-storm.com\/klarkommen-song\/#breadcrumb","itemListElement":[{"@type":"ListItem","position":1,"name":"Startseite","item":"https:\/\/andersen-storm.com\/"},{"@type":"ListItem","position":2,"name":"Klarkommen (Song)"}]},{"@type":"WebSite","@id":"https:\/\/andersen-storm.com\/#website","url":"https:\/\/andersen-storm.com\/","name":"{:en}Andersen Storm{:}{:de}Andersen Storm{:}","description":"My Music \u2022 K\u00fcnstlerwebsite","publisher":{"@id":"https:\/\/andersen-storm.com\/#\/schema\/person\/e0b5c824d9b0479c8df4d0acaf5ee1a0"},"potentialAction":[{"@type":"SearchAction","target":{"@type":"EntryPoint","urlTemplate":"https:\/\/andersen-storm.com\/?s={search_term_string}"},"query-input":{"@type":"PropertyValueSpecification","valueRequired":true,"valueName":"search_term_string"}}],"inLanguage":"de"},{"@type":["Person","Organization"],"@id":"https:\/\/andersen-storm.com\/#\/schema\/person\/e0b5c824d9b0479c8df4d0acaf5ee1a0","name":"Andersen","image":{"@type":"ImageObject","inLanguage":"de","@id":"https:\/\/andersen-storm.com\/wp-content\/uploads\/2025\/08\/20250806_161303.jpg","url":"https:\/\/andersen-storm.com\/wp-content\/uploads\/2025\/08\/20250806_161303.jpg","contentUrl":"https:\/\/andersen-storm.com\/wp-content\/uploads\/2025\/08\/20250806_161303.jpg","width":1080,"height":1079,"caption":"Andersen"},"logo":{"@id":"https:\/\/andersen-storm.com\/wp-content\/uploads\/2025\/08\/20250806_161303.jpg"},"sameAs":["https:\/\/andersenstorm.com"]}]}},"_links":{"self":[{"href":"https:\/\/andersen-storm.com\/de\/wp-json\/wp\/v2\/pages\/1572","targetHints":{"allow":["GET"]}}],"collection":[{"href":"https:\/\/andersen-storm.com\/de\/wp-json\/wp\/v2\/pages"}],"about":[{"href":"https:\/\/andersen-storm.com\/de\/wp-json\/wp\/v2\/types\/page"}],"author":[{"embeddable":true,"href":"https:\/\/andersen-storm.com\/de\/wp-json\/wp\/v2\/users\/1"}],"replies":[{"embeddable":true,"href":"https:\/\/andersen-storm.com\/de\/wp-json\/wp\/v2\/comments?post=1572"}],"version-history":[{"count":10,"href":"https:\/\/andersen-storm.com\/de\/wp-json\/wp\/v2\/pages\/1572\/revisions"}],"predecessor-version":[{"id":1674,"href":"https:\/\/andersen-storm.com\/de\/wp-json\/wp\/v2\/pages\/1572\/revisions\/1674"}],"wp:attachment":[{"href":"https:\/\/andersen-storm.com\/de\/wp-json\/wp\/v2\/media?parent=1572"}],"curies":[{"name":"wp","href":"https:\/\/api.w.org\/{rel}","templated":true}]}}