{"id":1631,"date":"2024-07-07T18:01:07","date_gmt":"2024-07-07T16:01:07","guid":{"rendered":"https:\/\/andersen-storm.com\/?page_id=1631"},"modified":"2024-07-08T13:31:55","modified_gmt":"2024-07-08T11:31:55","slug":"geradeaus","status":"publish","type":"page","link":"https:\/\/andersen-storm.com\/de\/geradeaus\/","title":{"rendered":"Geradeaus"},"content":{"rendered":"\n<figure class=\"wp-block-image size-large\"><img loading=\"lazy\" decoding=\"async\" width=\"585\" height=\"1024\" src=\"https:\/\/andersen-storm.com\/wp-content\/uploads\/2024\/07\/file-As8camnpboj8WYam6nUhBMDL-585x1024.webp\" alt=\"\" class=\"wp-image-1658\" srcset=\"https:\/\/andersen-storm.com\/wp-content\/uploads\/2024\/07\/file-As8camnpboj8WYam6nUhBMDL-585x1024.webp 585w, https:\/\/andersen-storm.com\/wp-content\/uploads\/2024\/07\/file-As8camnpboj8WYam6nUhBMDL-171x300.webp 171w, https:\/\/andersen-storm.com\/wp-content\/uploads\/2024\/07\/file-As8camnpboj8WYam6nUhBMDL-768x1344.webp 768w, https:\/\/andersen-storm.com\/wp-content\/uploads\/2024\/07\/file-As8camnpboj8WYam6nUhBMDL-878x1536.webp 878w, https:\/\/andersen-storm.com\/wp-content\/uploads\/2024\/07\/file-As8camnpboj8WYam6nUhBMDL-600x1050.webp 600w, https:\/\/andersen-storm.com\/wp-content\/uploads\/2024\/07\/file-As8camnpboj8WYam6nUhBMDL.webp 1024w\" sizes=\"auto, (max-width: 585px) 100vw, 585px\" \/><\/figure>\n\n\n\n<p>Wenn ich mal ganz allein bin mit meiner Seele<br>Wenn ich grenzenlos heim bin an meiner Stelle<br>Wenn ich m\u00fcde bin vom zu vielen Traben<br>Wenn mich alle guten Geister l\u00e4ngst verlassen haben<br>Sind keine Tassen mehr im Schrank<br>Nur noch ne Flasche, Gott sei Dank!<\/p>\n\n\n\n<p>Wenn all die viel zu gro\u00dfen Worte mit den dicken Schinken<br>Mir versuchen hinterher zu hinken<br>Wei\u00df ich nicht wie mir geschieht<br>Dann ist im Kopf nur dieses Lied:<\/p>\n\n\n\n<p>Immer wieder geradeaus und in die Welt hinaus<br>Das ist der Weg nach Hause<br>Immer wieder kreuz und quer, vornweg und hinterher<br>Ist alles halb so schwer.<\/p>\n\n\n\n<p>Wer wenn nicht Du?<br>Wann wenn nicht jetzt?<br>Wo wenn nicht hier bei dir?<br>Vorder mir und hinter mir da gibt es nichts<\/p>\n\n\n\n<p>Und dann hat&#8217;s seinen Sinn, dass ich bin wer ich bin<br>Ich wei\u00df, du h\u00e4ttst es lieber, dass ich Wei\u00df-ich-doch-nicht-wer w\u00e4r<br>Und dann tr\u00e4um ich von Dir, wie Du dich sehnst nach mir<br>Doch auch das haut nicht hin, weil ich ja bin, wer ich bin<\/p>\n\n\n\n<p>Und dann lach ich mich aus, aus dem Hemd, aus mir raus<br>Lach wie irre mich krumm und find mich doch ganz gut so<br>Und die Welt ist OK, je mehr ich davon seh<br>Leute seht was entsteht, wie viele Stra\u00dfen man geht,<br>Bis man versteht<\/p>\n\n\n\n<p>Immer wieder geradeaus und in die Welt hinaus<br>Das ist der Weg nach Hause<br>Immer wieder kreuz und quer, vornweg und<br>Hinterher ist alles halb so schwer<\/p>\n\n\n\n<p>Wer wenn nicht Du?<br>Wann wenn nicht jetzt?<br>Wo wenn nicht hier bei dir?<br>Vorder mir und hinter mir da gibt es nicht<br>Vorder mir und hinter mir da gibt es nicht<br>Doch vorder mir und hinter mir da gibt es dich<\/p>\n\n\n\n<p>Wenn du mal ganz allein bist mit deiner Seele<br>Wenn du grenzenlos heim bist, an deiner Stelle<br>Wenn du m\u00fcde bist vom zu vielen Traben<br>Wenn dich alle guten Geister l\u00e4ngst verlassen haben<br>Sind keine Tassen mehr im Schrank<br>Nicht mal ne Flasche<br>Gott sei Dank!<\/p>\n\n\n\n<p>\u00a9 Andersen Storm 2024<\/p>\n\n\n\n<figure class=\"wp-block-embed is-type-video is-provider-youtube wp-block-embed-youtube wp-embed-aspect-4-3 wp-has-aspect-ratio\"><div class=\"wp-block-embed__wrapper\">\n<iframe loading=\"lazy\" title=\"Geradeaus\" width=\"750\" height=\"563\" src=\"https:\/\/www.youtube.com\/embed\/RaocDjvf1j8?feature=oembed\" frameborder=\"0\" allow=\"accelerometer; autoplay; clipboard-write; encrypted-media; gyroscope; picture-in-picture; web-share\" referrerpolicy=\"strict-origin-when-cross-origin\" allowfullscreen><\/iframe>\n<\/div><\/figure>\n","protected":false},"excerpt":{"rendered":"<p>Wenn ich mal ganz allein bin mit meiner SeeleWenn ich grenzenlos heim bin an meiner StelleWenn ich m\u00fcde bin vom zu vielen TrabenWenn mich alle guten Geister l\u00e4ngst verlassen habenSind keine Tassen mehr im SchrankNur noch ne Flasche, Gott sei Dank! Wenn all die viel zu gro\u00dfen Worte mit den dicken SchinkenMir versuchen hinterher zu&hellip; <a class=\"more-link\" href=\"https:\/\/andersen-storm.com\/de\/geradeaus\/\"><span class=\"screen-reader-text\">Geradeaus<\/span> weiterlesen<\/a><\/p>\n","protected":false},"author":1,"featured_media":0,"parent":0,"menu_order":0,"comment_status":"closed","ping_status":"closed","template":"","meta":{"footnotes":"","_links_to":"","_links_to_target":""},"class_list":["post-1631","page","type-page","status-publish","hentry","entry"],"translation":{"provider":"WPGlobus","version":"3.0.2","language":"de","enabled_languages":["en","de"],"languages":{"en":{"title":true,"content":true,"excerpt":false},"de":{"title":false,"content":false,"excerpt":false}}},"yoast_head":"<!-- This site is optimized with the Yoast SEO plugin v27.5 - https:\/\/yoast.com\/product\/yoast-seo-wordpress\/ -->\n<title>Geradeaus - Andersen Storm<\/title>\n<meta name=\"robots\" content=\"index, follow, max-snippet:-1, max-image-preview:large, max-video-preview:-1\" \/>\n<link rel=\"canonical\" href=\"https:\/\/andersen-storm.com\/geradeaus\/\" \/>\n<meta property=\"og:locale\" content=\"de_DE\" \/>\n<meta property=\"og:type\" content=\"article\" \/>\n<meta property=\"og:title\" content=\"Geradeaus - Andersen Storm\" \/>\n<meta property=\"og:url\" content=\"https:\/\/andersen-storm.com\/geradeaus\/\" \/>\n<meta property=\"og:site_name\" content=\"Andersen Storm\" \/>\n<meta property=\"article:modified_time\" content=\"2024-07-08T11:31:55+00:00\" \/>\n<meta property=\"og:image\" content=\"https:\/\/andersen-storm.com\/wp-content\/uploads\/2024\/07\/file-As8camnpboj8WYam6nUhBMDL.webp\" \/>\n\t<meta property=\"og:image:width\" content=\"1024\" \/>\n\t<meta property=\"og:image:height\" content=\"1792\" \/>\n\t<meta property=\"og:image:type\" content=\"image\/webp\" \/>\n<meta name=\"twitter:card\" content=\"summary_large_image\" \/>\n<meta name=\"twitter:label1\" content=\"Gesch\u00e4tzte Lesezeit\" \/>\n\t<meta name=\"twitter:data1\" content=\"2\u00a0Minuten\" \/>\n<script type=\"application\/ld+json\" class=\"yoast-schema-graph\">{\"@context\":\"https:\\\/\\\/schema.org\",\"@graph\":[{\"@type\":\"WebPage\",\"@id\":\"https:\\\/\\\/andersen-storm.com\\\/geradeaus\\\/\",\"url\":\"https:\\\/\\\/andersen-storm.com\\\/geradeaus\\\/\",\"name\":\"Geradeaus - Andersen Storm\",\"isPartOf\":{\"@id\":\"https:\\\/\\\/andersen-storm.com\\\/#website\"},\"primaryImageOfPage\":{\"@id\":\"https:\\\/\\\/andersen-storm.com\\\/geradeaus\\\/#primaryimage\"},\"image\":{\"@id\":\"https:\\\/\\\/andersen-storm.com\\\/geradeaus\\\/#primaryimage\"},\"thumbnailUrl\":\"https:\\\/\\\/andersen-storm.com\\\/wp-content\\\/uploads\\\/2024\\\/07\\\/file-As8camnpboj8WYam6nUhBMDL-585x1024.webp\",\"datePublished\":\"2024-07-07T16:01:07+00:00\",\"dateModified\":\"2024-07-08T11:31:55+00:00\",\"breadcrumb\":{\"@id\":\"https:\\\/\\\/andersen-storm.com\\\/geradeaus\\\/#breadcrumb\"},\"inLanguage\":\"de\",\"potentialAction\":[{\"@type\":\"ReadAction\",\"target\":[\"https:\\\/\\\/andersen-storm.com\\\/geradeaus\\\/\"]}]},{\"@type\":\"ImageObject\",\"inLanguage\":\"de\",\"@id\":\"https:\\\/\\\/andersen-storm.com\\\/geradeaus\\\/#primaryimage\",\"url\":\"https:\\\/\\\/andersen-storm.com\\\/wp-content\\\/uploads\\\/2024\\\/07\\\/file-As8camnpboj8WYam6nUhBMDL-585x1024.webp\",\"contentUrl\":\"https:\\\/\\\/andersen-storm.com\\\/wp-content\\\/uploads\\\/2024\\\/07\\\/file-As8camnpboj8WYam6nUhBMDL-585x1024.webp\"},{\"@type\":\"BreadcrumbList\",\"@id\":\"https:\\\/\\\/andersen-storm.com\\\/geradeaus\\\/#breadcrumb\",\"itemListElement\":[{\"@type\":\"ListItem\",\"position\":1,\"name\":\"Startseite\",\"item\":\"https:\\\/\\\/andersen-storm.com\\\/\"},{\"@type\":\"ListItem\",\"position\":2,\"name\":\"Geradeaus\"}]},{\"@type\":\"WebSite\",\"@id\":\"https:\\\/\\\/andersen-storm.com\\\/#website\",\"url\":\"https:\\\/\\\/andersen-storm.com\\\/\",\"name\":\"{:en}Andersen Storm{:}{:de}Andersen Storm{:}\",\"description\":\"My Music \u2022 K\u00fcnstlerwebsite\",\"publisher\":{\"@id\":\"https:\\\/\\\/andersen-storm.com\\\/#\\\/schema\\\/person\\\/e0b5c824d9b0479c8df4d0acaf5ee1a0\"},\"potentialAction\":[{\"@type\":\"SearchAction\",\"target\":{\"@type\":\"EntryPoint\",\"urlTemplate\":\"https:\\\/\\\/andersen-storm.com\\\/?s={search_term_string}\"},\"query-input\":{\"@type\":\"PropertyValueSpecification\",\"valueRequired\":true,\"valueName\":\"search_term_string\"}}],\"inLanguage\":\"de\"},{\"@type\":[\"Person\",\"Organization\"],\"@id\":\"https:\\\/\\\/andersen-storm.com\\\/#\\\/schema\\\/person\\\/e0b5c824d9b0479c8df4d0acaf5ee1a0\",\"name\":\"Andersen\",\"image\":{\"@type\":\"ImageObject\",\"inLanguage\":\"de\",\"@id\":\"https:\\\/\\\/andersen-storm.com\\\/wp-content\\\/uploads\\\/2025\\\/08\\\/20250806_161303.jpg\",\"url\":\"https:\\\/\\\/andersen-storm.com\\\/wp-content\\\/uploads\\\/2025\\\/08\\\/20250806_161303.jpg\",\"contentUrl\":\"https:\\\/\\\/andersen-storm.com\\\/wp-content\\\/uploads\\\/2025\\\/08\\\/20250806_161303.jpg\",\"width\":1080,\"height\":1079,\"caption\":\"Andersen\"},\"logo\":{\"@id\":\"https:\\\/\\\/andersen-storm.com\\\/wp-content\\\/uploads\\\/2025\\\/08\\\/20250806_161303.jpg\"},\"sameAs\":[\"https:\\\/\\\/andersenstorm.com\"]}]}<\/script>\n<!-- \/ Yoast SEO plugin. -->","yoast_head_json":{"title":"Geradeaus - Andersen Storm","robots":{"index":"index","follow":"follow","max-snippet":"max-snippet:-1","max-image-preview":"max-image-preview:large","max-video-preview":"max-video-preview:-1"},"canonical":"https:\/\/andersen-storm.com\/geradeaus\/","og_locale":"de_DE","og_type":"article","og_title":"Geradeaus - Andersen Storm","og_url":"https:\/\/andersen-storm.com\/geradeaus\/","og_site_name":"Andersen Storm","article_modified_time":"2024-07-08T11:31:55+00:00","og_image":[{"width":1024,"height":1792,"url":"https:\/\/andersen-storm.com\/wp-content\/uploads\/2024\/07\/file-As8camnpboj8WYam6nUhBMDL.webp","type":"image\/webp"}],"twitter_card":"summary_large_image","twitter_misc":{"Gesch\u00e4tzte Lesezeit":"2\u00a0Minuten"},"schema":{"@context":"https:\/\/schema.org","@graph":[{"@type":"WebPage","@id":"https:\/\/andersen-storm.com\/geradeaus\/","url":"https:\/\/andersen-storm.com\/geradeaus\/","name":"Geradeaus - Andersen Storm","isPartOf":{"@id":"https:\/\/andersen-storm.com\/#website"},"primaryImageOfPage":{"@id":"https:\/\/andersen-storm.com\/geradeaus\/#primaryimage"},"image":{"@id":"https:\/\/andersen-storm.com\/geradeaus\/#primaryimage"},"thumbnailUrl":"https:\/\/andersen-storm.com\/wp-content\/uploads\/2024\/07\/file-As8camnpboj8WYam6nUhBMDL-585x1024.webp","datePublished":"2024-07-07T16:01:07+00:00","dateModified":"2024-07-08T11:31:55+00:00","breadcrumb":{"@id":"https:\/\/andersen-storm.com\/geradeaus\/#breadcrumb"},"inLanguage":"de","potentialAction":[{"@type":"ReadAction","target":["https:\/\/andersen-storm.com\/geradeaus\/"]}]},{"@type":"ImageObject","inLanguage":"de","@id":"https:\/\/andersen-storm.com\/geradeaus\/#primaryimage","url":"https:\/\/andersen-storm.com\/wp-content\/uploads\/2024\/07\/file-As8camnpboj8WYam6nUhBMDL-585x1024.webp","contentUrl":"https:\/\/andersen-storm.com\/wp-content\/uploads\/2024\/07\/file-As8camnpboj8WYam6nUhBMDL-585x1024.webp"},{"@type":"BreadcrumbList","@id":"https:\/\/andersen-storm.com\/geradeaus\/#breadcrumb","itemListElement":[{"@type":"ListItem","position":1,"name":"Startseite","item":"https:\/\/andersen-storm.com\/"},{"@type":"ListItem","position":2,"name":"Geradeaus"}]},{"@type":"WebSite","@id":"https:\/\/andersen-storm.com\/#website","url":"https:\/\/andersen-storm.com\/","name":"{:en}Andersen Storm{:}{:de}Andersen Storm{:}","description":"My Music \u2022 K\u00fcnstlerwebsite","publisher":{"@id":"https:\/\/andersen-storm.com\/#\/schema\/person\/e0b5c824d9b0479c8df4d0acaf5ee1a0"},"potentialAction":[{"@type":"SearchAction","target":{"@type":"EntryPoint","urlTemplate":"https:\/\/andersen-storm.com\/?s={search_term_string}"},"query-input":{"@type":"PropertyValueSpecification","valueRequired":true,"valueName":"search_term_string"}}],"inLanguage":"de"},{"@type":["Person","Organization"],"@id":"https:\/\/andersen-storm.com\/#\/schema\/person\/e0b5c824d9b0479c8df4d0acaf5ee1a0","name":"Andersen","image":{"@type":"ImageObject","inLanguage":"de","@id":"https:\/\/andersen-storm.com\/wp-content\/uploads\/2025\/08\/20250806_161303.jpg","url":"https:\/\/andersen-storm.com\/wp-content\/uploads\/2025\/08\/20250806_161303.jpg","contentUrl":"https:\/\/andersen-storm.com\/wp-content\/uploads\/2025\/08\/20250806_161303.jpg","width":1080,"height":1079,"caption":"Andersen"},"logo":{"@id":"https:\/\/andersen-storm.com\/wp-content\/uploads\/2025\/08\/20250806_161303.jpg"},"sameAs":["https:\/\/andersenstorm.com"]}]}},"_links":{"self":[{"href":"https:\/\/andersen-storm.com\/de\/wp-json\/wp\/v2\/pages\/1631","targetHints":{"allow":["GET"]}}],"collection":[{"href":"https:\/\/andersen-storm.com\/de\/wp-json\/wp\/v2\/pages"}],"about":[{"href":"https:\/\/andersen-storm.com\/de\/wp-json\/wp\/v2\/types\/page"}],"author":[{"embeddable":true,"href":"https:\/\/andersen-storm.com\/de\/wp-json\/wp\/v2\/users\/1"}],"replies":[{"embeddable":true,"href":"https:\/\/andersen-storm.com\/de\/wp-json\/wp\/v2\/comments?post=1631"}],"version-history":[{"count":2,"href":"https:\/\/andersen-storm.com\/de\/wp-json\/wp\/v2\/pages\/1631\/revisions"}],"predecessor-version":[{"id":1660,"href":"https:\/\/andersen-storm.com\/de\/wp-json\/wp\/v2\/pages\/1631\/revisions\/1660"}],"wp:attachment":[{"href":"https:\/\/andersen-storm.com\/de\/wp-json\/wp\/v2\/media?parent=1631"}],"curies":[{"name":"wp","href":"https:\/\/api.w.org\/{rel}","templated":true}]}}