{"id":1633,"date":"2024-07-07T18:14:21","date_gmt":"2024-07-07T16:14:21","guid":{"rendered":"https:\/\/andersen-storm.com\/?page_id=1633"},"modified":"2024-07-08T13:38:57","modified_gmt":"2024-07-08T11:38:57","slug":"deutschland","status":"publish","type":"page","link":"https:\/\/andersen-storm.com\/de\/deutschland\/","title":{"rendered":"Deutschland"},"content":{"rendered":"\n<figure class=\"wp-block-image size-large\"><img loading=\"lazy\" decoding=\"async\" width=\"585\" height=\"1024\" src=\"https:\/\/andersen-storm.com\/wp-content\/uploads\/2024\/07\/file-h0SAo8UNJH8bGoXgWCmo7rzA-585x1024.webp\" alt=\"\" class=\"wp-image-1664\" srcset=\"https:\/\/andersen-storm.com\/wp-content\/uploads\/2024\/07\/file-h0SAo8UNJH8bGoXgWCmo7rzA-585x1024.webp 585w, https:\/\/andersen-storm.com\/wp-content\/uploads\/2024\/07\/file-h0SAo8UNJH8bGoXgWCmo7rzA-171x300.webp 171w, https:\/\/andersen-storm.com\/wp-content\/uploads\/2024\/07\/file-h0SAo8UNJH8bGoXgWCmo7rzA-768x1344.webp 768w, https:\/\/andersen-storm.com\/wp-content\/uploads\/2024\/07\/file-h0SAo8UNJH8bGoXgWCmo7rzA-878x1536.webp 878w, https:\/\/andersen-storm.com\/wp-content\/uploads\/2024\/07\/file-h0SAo8UNJH8bGoXgWCmo7rzA-600x1050.webp 600w, https:\/\/andersen-storm.com\/wp-content\/uploads\/2024\/07\/file-h0SAo8UNJH8bGoXgWCmo7rzA.webp 1024w\" sizes=\"auto, (max-width: 585px) 100vw, 585px\" \/><\/figure>\n\n\n\n<p>Du hast die Stra\u00dfe zu fr\u00fch \u00fcberquert<br>Der Fahrer hat dich nicht gesehen<br>Du bist schon immer so langsam gegangen<br>Das Auto fuhr 110<br>Ich besuche dich im Krankenhaus<br>Und sing dir \u2018n paar traurige Lieder<br>Und auch du siehst traurig aus<\/p>\n\n\n\n<p>Du hast den Mantel zu fr\u00fch aufgeh\u00e4ngt<br>Der Wind hat sich noch mal gedreht<br>Und hat ihn mit der wei\u00dfen Weste zusammen<br>\u00dcbern Gartenzaun geweht<br>Ich besuche dich im gro\u00dfen Haus<br>Und sing dir \u2018n paar traurige Lieder<br>Und auch du siehst traurig aus<\/p>\n\n\n\n<p>Fragst du nach Deutschland<br>Kommt da nicht viel<br>Land der Millionen<br>Geld ist das Ziel<\/p>\n\n\n\n<p>Fragst du nach Deutschland<br>Ist nur ein Staat<br>Land der Milliarden<br>Es z\u00e4hlt nur wer hat<\/p>\n\n\n\n<p>Du hast den Mund zu fr\u00fch aufgemacht<br>Es wollte noch keiner h\u00f6ren<br>Du wurdest angemahnt und ausgelacht<br>Solltest auf eine Fahne schw\u00f6rn<br>Ich besuche dich im Gartenhaus<br>Und ernte mit dir ein paar Lieder<br>Und auch du siehst traurig aus<\/p>\n\n\n\n<p>Du hast gedacht: Nun endlich siegt die Vernunft<br>Das, was den Mensch zum Menschen macht<br>Du hast gelernt: Wenn es Gott nicht mehr gibt,<br>Dann hat er sich totgelacht.<br>Ich besuche dich in Seinem Haus<br>Und schweig mit dir ein paar Lieder lang<br>Denn auch du siehst traurig aus<\/p>\n\n\n\n<p>Fragst du nach Deutschland<br>Gibt es kein Wir<br>Alles wird Geld<br>So lebt man halt hier<\/p>\n\n\n\n<p>Fragst du nach Deutschland<br>F\u00fchlst du den Schmerz<br>Geld, Meinung, Macht<br>Kein Ort f\u00fcr das Herz<\/p>\n\n\n\n<p>Fragst du nach Deutschland<br>Bitteres Land<br>Spalte und herrsche<br>Hoffnung vakant<\/p>\n\n\n\n<p>Doch suchst du nach Deutschland<br>Findest du es<br>Liebe und Vielfalt<br>Und Frieden im Stress<\/p>\n\n\n\n<p>\u00a9 Andersen Storm 2024<\/p>\n\n\n\n<figure class=\"wp-block-embed is-type-video is-provider-youtube wp-block-embed-youtube wp-embed-aspect-4-3 wp-has-aspect-ratio\"><div class=\"wp-block-embed__wrapper\">\n<iframe loading=\"lazy\" title=\"Deutschland\" width=\"750\" height=\"563\" src=\"https:\/\/www.youtube.com\/embed\/6g8Kg7WLqX8?feature=oembed\" frameborder=\"0\" allow=\"accelerometer; autoplay; clipboard-write; encrypted-media; gyroscope; picture-in-picture; web-share\" referrerpolicy=\"strict-origin-when-cross-origin\" allowfullscreen><\/iframe>\n<\/div><\/figure>\n","protected":false},"excerpt":{"rendered":"<p>Du hast die Stra\u00dfe zu fr\u00fch \u00fcberquertDer Fahrer hat dich nicht gesehenDu bist schon immer so langsam gegangenDas Auto fuhr 110Ich besuche dich im KrankenhausUnd sing dir \u2018n paar traurige LiederUnd auch du siehst traurig aus Du hast den Mantel zu fr\u00fch aufgeh\u00e4ngtDer Wind hat sich noch mal gedrehtUnd hat ihn mit der wei\u00dfen Weste&hellip; <a class=\"more-link\" href=\"https:\/\/andersen-storm.com\/de\/deutschland\/\"><span class=\"screen-reader-text\">Deutschland<\/span> weiterlesen<\/a><\/p>\n","protected":false},"author":1,"featured_media":0,"parent":0,"menu_order":0,"comment_status":"closed","ping_status":"closed","template":"","meta":{"footnotes":"","_links_to":"","_links_to_target":""},"class_list":["post-1633","page","type-page","status-publish","hentry","entry"],"translation":{"provider":"WPGlobus","version":"3.0.2","language":"de","enabled_languages":["en","de"],"languages":{"en":{"title":true,"content":true,"excerpt":false},"de":{"title":false,"content":false,"excerpt":false}}},"yoast_head":"<!-- This site is optimized with the Yoast SEO plugin v27.5 - https:\/\/yoast.com\/product\/yoast-seo-wordpress\/ -->\n<title>Deutschland - Andersen Storm<\/title>\n<meta name=\"robots\" content=\"index, follow, max-snippet:-1, max-image-preview:large, max-video-preview:-1\" \/>\n<link rel=\"canonical\" href=\"https:\/\/andersen-storm.com\/deutschland\/\" \/>\n<meta property=\"og:locale\" content=\"de_DE\" \/>\n<meta property=\"og:type\" content=\"article\" \/>\n<meta property=\"og:title\" content=\"Deutschland - Andersen Storm\" \/>\n<meta property=\"og:url\" content=\"https:\/\/andersen-storm.com\/deutschland\/\" \/>\n<meta property=\"og:site_name\" content=\"Andersen Storm\" \/>\n<meta property=\"article:modified_time\" content=\"2024-07-08T11:38:57+00:00\" \/>\n<meta property=\"og:image\" content=\"https:\/\/andersen-storm.com\/wp-content\/uploads\/2024\/07\/file-h0SAo8UNJH8bGoXgWCmo7rzA.webp\" \/>\n\t<meta property=\"og:image:width\" content=\"1024\" \/>\n\t<meta property=\"og:image:height\" content=\"1792\" \/>\n\t<meta property=\"og:image:type\" content=\"image\/webp\" \/>\n<meta name=\"twitter:card\" content=\"summary_large_image\" \/>\n<meta name=\"twitter:label1\" content=\"Gesch\u00e4tzte Lesezeit\" \/>\n\t<meta name=\"twitter:data1\" content=\"1\u00a0Minute\" \/>\n<script type=\"application\/ld+json\" class=\"yoast-schema-graph\">{\"@context\":\"https:\\\/\\\/schema.org\",\"@graph\":[{\"@type\":\"WebPage\",\"@id\":\"https:\\\/\\\/andersen-storm.com\\\/deutschland\\\/\",\"url\":\"https:\\\/\\\/andersen-storm.com\\\/deutschland\\\/\",\"name\":\"Deutschland - Andersen Storm\",\"isPartOf\":{\"@id\":\"https:\\\/\\\/andersen-storm.com\\\/#website\"},\"primaryImageOfPage\":{\"@id\":\"https:\\\/\\\/andersen-storm.com\\\/deutschland\\\/#primaryimage\"},\"image\":{\"@id\":\"https:\\\/\\\/andersen-storm.com\\\/deutschland\\\/#primaryimage\"},\"thumbnailUrl\":\"https:\\\/\\\/andersen-storm.com\\\/wp-content\\\/uploads\\\/2024\\\/07\\\/file-h0SAo8UNJH8bGoXgWCmo7rzA-585x1024.webp\",\"datePublished\":\"2024-07-07T16:14:21+00:00\",\"dateModified\":\"2024-07-08T11:38:57+00:00\",\"breadcrumb\":{\"@id\":\"https:\\\/\\\/andersen-storm.com\\\/deutschland\\\/#breadcrumb\"},\"inLanguage\":\"de\",\"potentialAction\":[{\"@type\":\"ReadAction\",\"target\":[\"https:\\\/\\\/andersen-storm.com\\\/deutschland\\\/\"]}]},{\"@type\":\"ImageObject\",\"inLanguage\":\"de\",\"@id\":\"https:\\\/\\\/andersen-storm.com\\\/deutschland\\\/#primaryimage\",\"url\":\"https:\\\/\\\/andersen-storm.com\\\/wp-content\\\/uploads\\\/2024\\\/07\\\/file-h0SAo8UNJH8bGoXgWCmo7rzA-585x1024.webp\",\"contentUrl\":\"https:\\\/\\\/andersen-storm.com\\\/wp-content\\\/uploads\\\/2024\\\/07\\\/file-h0SAo8UNJH8bGoXgWCmo7rzA-585x1024.webp\"},{\"@type\":\"BreadcrumbList\",\"@id\":\"https:\\\/\\\/andersen-storm.com\\\/deutschland\\\/#breadcrumb\",\"itemListElement\":[{\"@type\":\"ListItem\",\"position\":1,\"name\":\"Startseite\",\"item\":\"https:\\\/\\\/andersen-storm.com\\\/\"},{\"@type\":\"ListItem\",\"position\":2,\"name\":\"Deutschland\"}]},{\"@type\":\"WebSite\",\"@id\":\"https:\\\/\\\/andersen-storm.com\\\/#website\",\"url\":\"https:\\\/\\\/andersen-storm.com\\\/\",\"name\":\"{:en}Andersen Storm{:}{:de}Andersen Storm{:}\",\"description\":\"My Music \u2022 K\u00fcnstlerwebsite\",\"publisher\":{\"@id\":\"https:\\\/\\\/andersen-storm.com\\\/#\\\/schema\\\/person\\\/e0b5c824d9b0479c8df4d0acaf5ee1a0\"},\"potentialAction\":[{\"@type\":\"SearchAction\",\"target\":{\"@type\":\"EntryPoint\",\"urlTemplate\":\"https:\\\/\\\/andersen-storm.com\\\/?s={search_term_string}\"},\"query-input\":{\"@type\":\"PropertyValueSpecification\",\"valueRequired\":true,\"valueName\":\"search_term_string\"}}],\"inLanguage\":\"de\"},{\"@type\":[\"Person\",\"Organization\"],\"@id\":\"https:\\\/\\\/andersen-storm.com\\\/#\\\/schema\\\/person\\\/e0b5c824d9b0479c8df4d0acaf5ee1a0\",\"name\":\"Andersen\",\"image\":{\"@type\":\"ImageObject\",\"inLanguage\":\"de\",\"@id\":\"https:\\\/\\\/andersen-storm.com\\\/wp-content\\\/uploads\\\/2025\\\/08\\\/20250806_161303.jpg\",\"url\":\"https:\\\/\\\/andersen-storm.com\\\/wp-content\\\/uploads\\\/2025\\\/08\\\/20250806_161303.jpg\",\"contentUrl\":\"https:\\\/\\\/andersen-storm.com\\\/wp-content\\\/uploads\\\/2025\\\/08\\\/20250806_161303.jpg\",\"width\":1080,\"height\":1079,\"caption\":\"Andersen\"},\"logo\":{\"@id\":\"https:\\\/\\\/andersen-storm.com\\\/wp-content\\\/uploads\\\/2025\\\/08\\\/20250806_161303.jpg\"},\"sameAs\":[\"https:\\\/\\\/andersenstorm.com\"]}]}<\/script>\n<!-- \/ Yoast SEO plugin. -->","yoast_head_json":{"title":"Deutschland - Andersen Storm","robots":{"index":"index","follow":"follow","max-snippet":"max-snippet:-1","max-image-preview":"max-image-preview:large","max-video-preview":"max-video-preview:-1"},"canonical":"https:\/\/andersen-storm.com\/deutschland\/","og_locale":"de_DE","og_type":"article","og_title":"Deutschland - Andersen Storm","og_url":"https:\/\/andersen-storm.com\/deutschland\/","og_site_name":"Andersen Storm","article_modified_time":"2024-07-08T11:38:57+00:00","og_image":[{"width":1024,"height":1792,"url":"https:\/\/andersen-storm.com\/wp-content\/uploads\/2024\/07\/file-h0SAo8UNJH8bGoXgWCmo7rzA.webp","type":"image\/webp"}],"twitter_card":"summary_large_image","twitter_misc":{"Gesch\u00e4tzte Lesezeit":"1\u00a0Minute"},"schema":{"@context":"https:\/\/schema.org","@graph":[{"@type":"WebPage","@id":"https:\/\/andersen-storm.com\/deutschland\/","url":"https:\/\/andersen-storm.com\/deutschland\/","name":"Deutschland - Andersen Storm","isPartOf":{"@id":"https:\/\/andersen-storm.com\/#website"},"primaryImageOfPage":{"@id":"https:\/\/andersen-storm.com\/deutschland\/#primaryimage"},"image":{"@id":"https:\/\/andersen-storm.com\/deutschland\/#primaryimage"},"thumbnailUrl":"https:\/\/andersen-storm.com\/wp-content\/uploads\/2024\/07\/file-h0SAo8UNJH8bGoXgWCmo7rzA-585x1024.webp","datePublished":"2024-07-07T16:14:21+00:00","dateModified":"2024-07-08T11:38:57+00:00","breadcrumb":{"@id":"https:\/\/andersen-storm.com\/deutschland\/#breadcrumb"},"inLanguage":"de","potentialAction":[{"@type":"ReadAction","target":["https:\/\/andersen-storm.com\/deutschland\/"]}]},{"@type":"ImageObject","inLanguage":"de","@id":"https:\/\/andersen-storm.com\/deutschland\/#primaryimage","url":"https:\/\/andersen-storm.com\/wp-content\/uploads\/2024\/07\/file-h0SAo8UNJH8bGoXgWCmo7rzA-585x1024.webp","contentUrl":"https:\/\/andersen-storm.com\/wp-content\/uploads\/2024\/07\/file-h0SAo8UNJH8bGoXgWCmo7rzA-585x1024.webp"},{"@type":"BreadcrumbList","@id":"https:\/\/andersen-storm.com\/deutschland\/#breadcrumb","itemListElement":[{"@type":"ListItem","position":1,"name":"Startseite","item":"https:\/\/andersen-storm.com\/"},{"@type":"ListItem","position":2,"name":"Deutschland"}]},{"@type":"WebSite","@id":"https:\/\/andersen-storm.com\/#website","url":"https:\/\/andersen-storm.com\/","name":"{:en}Andersen Storm{:}{:de}Andersen Storm{:}","description":"My Music \u2022 K\u00fcnstlerwebsite","publisher":{"@id":"https:\/\/andersen-storm.com\/#\/schema\/person\/e0b5c824d9b0479c8df4d0acaf5ee1a0"},"potentialAction":[{"@type":"SearchAction","target":{"@type":"EntryPoint","urlTemplate":"https:\/\/andersen-storm.com\/?s={search_term_string}"},"query-input":{"@type":"PropertyValueSpecification","valueRequired":true,"valueName":"search_term_string"}}],"inLanguage":"de"},{"@type":["Person","Organization"],"@id":"https:\/\/andersen-storm.com\/#\/schema\/person\/e0b5c824d9b0479c8df4d0acaf5ee1a0","name":"Andersen","image":{"@type":"ImageObject","inLanguage":"de","@id":"https:\/\/andersen-storm.com\/wp-content\/uploads\/2025\/08\/20250806_161303.jpg","url":"https:\/\/andersen-storm.com\/wp-content\/uploads\/2025\/08\/20250806_161303.jpg","contentUrl":"https:\/\/andersen-storm.com\/wp-content\/uploads\/2025\/08\/20250806_161303.jpg","width":1080,"height":1079,"caption":"Andersen"},"logo":{"@id":"https:\/\/andersen-storm.com\/wp-content\/uploads\/2025\/08\/20250806_161303.jpg"},"sameAs":["https:\/\/andersenstorm.com"]}]}},"_links":{"self":[{"href":"https:\/\/andersen-storm.com\/de\/wp-json\/wp\/v2\/pages\/1633","targetHints":{"allow":["GET"]}}],"collection":[{"href":"https:\/\/andersen-storm.com\/de\/wp-json\/wp\/v2\/pages"}],"about":[{"href":"https:\/\/andersen-storm.com\/de\/wp-json\/wp\/v2\/types\/page"}],"author":[{"embeddable":true,"href":"https:\/\/andersen-storm.com\/de\/wp-json\/wp\/v2\/users\/1"}],"replies":[{"embeddable":true,"href":"https:\/\/andersen-storm.com\/de\/wp-json\/wp\/v2\/comments?post=1633"}],"version-history":[{"count":3,"href":"https:\/\/andersen-storm.com\/de\/wp-json\/wp\/v2\/pages\/1633\/revisions"}],"predecessor-version":[{"id":1665,"href":"https:\/\/andersen-storm.com\/de\/wp-json\/wp\/v2\/pages\/1633\/revisions\/1665"}],"wp:attachment":[{"href":"https:\/\/andersen-storm.com\/de\/wp-json\/wp\/v2\/media?parent=1633"}],"curies":[{"name":"wp","href":"https:\/\/api.w.org\/{rel}","templated":true}]}}