{"id":1636,"date":"2024-07-07T18:25:50","date_gmt":"2024-07-07T16:25:50","guid":{"rendered":"https:\/\/andersen-storm.com\/?page_id=1636"},"modified":"2026-05-07T20:47:58","modified_gmt":"2026-05-07T18:47:58","slug":"du","status":"publish","type":"page","link":"https:\/\/andersen-storm.com\/de\/du\/","title":{"rendered":"Du"},"content":{"rendered":"\n<figure class=\"wp-block-image size-full\"><img loading=\"lazy\" decoding=\"async\" width=\"585\" height=\"1024\" src=\"https:\/\/andersen-storm.com\/wp-content\/uploads\/2026\/05\/Du.jpg\" alt=\"Du, Album Klarkommen, \u00a9 2024 Andersen Storm\" class=\"wp-image-2219\" srcset=\"https:\/\/andersen-storm.com\/wp-content\/uploads\/2026\/05\/Du.jpg 585w, https:\/\/andersen-storm.com\/wp-content\/uploads\/2026\/05\/Du-171x300.jpg 171w\" sizes=\"auto, (max-width: 585px) 100vw, 585px\" \/><\/figure>\n\n\n\n<p>Du bist in meinem Sinn<br>St\u00e4ndig bist du darin<br>Denk ich, dann denk ich an dich<br>Wo f\u00fchrt mich das hin?<\/p>\n\n\n\n<p>Du bist nicht hier bei mir<br>W\u00e4rst Du&#8217;s, ich w\u00e4re nicht hier<br>So bin ich vielleicht physisch da<br>Doch im Kopf und im Herzen bei Dir<\/p>\n\n\n\n<p>Wer kann es wissen, nicht einmal Du<br>Dass ich dich liebe, geh\u00f6rt dazu<br>Geh\u00f6rt zu mir, so wie Fl\u00fcstern und Schreien<br>So wie Weinen und Lachen<br>Lebendigsein, wie Lebendigsein<\/p>\n\n\n\n<p>Was ist, wenn wir uns sehen<br>Und uns dann gar nicht verstehen<br>Bleibt die Liebe bei mir<br>Oder wird sie gehen?<br>Wird vorr\u00fcber gehen?<\/p>\n\n\n\n<p>Wer kann es wissen, nicht einmal Du<br>Dass ich dich liebe, geh\u00f6rt dazu<br>Geh\u00f6rt zu mir, so wie Fl\u00fcstern und Schreien<br>So wie Weinen und Lachen<br>Lebendigsein, wie Lebendigsein<br><\/p>\n\n\n\n<p>\u00a9 Andersen Storm 2024<\/p>\n\n\n\n<div class=\"wp-block-buttons is-layout-flex wp-block-buttons-is-layout-flex\">\n<div class=\"wp-block-button\"><a class=\"wp-block-button__link wp-element-button\" href=\"https:\/\/listen.music-hub.com\/bkQxrn\" target=\"_blank\" rel=\"noreferrer noopener\">Jetzt anh\u00f6ren<\/a><\/div>\n<\/div>\n\n\n\n<figure class=\"wp-block-embed is-type-video is-provider-youtube wp-block-embed-youtube wp-embed-aspect-4-3 wp-has-aspect-ratio\"><div class=\"wp-block-embed__wrapper\">\n<iframe loading=\"lazy\" title=\"Du\" width=\"750\" height=\"563\" src=\"https:\/\/www.youtube.com\/embed\/wFKklJRw2mM?feature=oembed\" frameborder=\"0\" allow=\"accelerometer; autoplay; clipboard-write; encrypted-media; gyroscope; picture-in-picture; web-share\" referrerpolicy=\"strict-origin-when-cross-origin\" allowfullscreen><\/iframe>\n<\/div><\/figure>\n","protected":false},"excerpt":{"rendered":"<p>Du bist in meinem SinnSt\u00e4ndig bist du darinDenk ich, dann denk ich an dichWo f\u00fchrt mich das hin? Du bist nicht hier bei mirW\u00e4rst Du&#8217;s, ich w\u00e4re nicht hierSo bin ich vielleicht physisch daDoch im Kopf und im Herzen bei Dir Wer kann es wissen, nicht einmal DuDass ich dich liebe, geh\u00f6rt dazuGeh\u00f6rt zu mir,&hellip; <a class=\"more-link\" href=\"https:\/\/andersen-storm.com\/de\/du\/\"><span class=\"screen-reader-text\">Du<\/span> weiterlesen<\/a><\/p>\n","protected":false},"author":1,"featured_media":0,"parent":0,"menu_order":0,"comment_status":"closed","ping_status":"closed","template":"","meta":{"footnotes":"","_links_to":"","_links_to_target":""},"class_list":["post-1636","page","type-page","status-publish","hentry","entry"],"translation":{"provider":"WPGlobus","version":"3.0.2","language":"de","enabled_languages":["en","de"],"languages":{"en":{"title":true,"content":true,"excerpt":false},"de":{"title":false,"content":false,"excerpt":false}}},"yoast_head":"<!-- This site is optimized with the Yoast SEO plugin v27.6 - https:\/\/yoast.com\/product\/yoast-seo-wordpress\/ -->\n<title>Du - Andersen Storm<\/title>\n<meta name=\"robots\" content=\"index, follow, max-snippet:-1, max-image-preview:large, max-video-preview:-1\" \/>\n<link rel=\"canonical\" href=\"https:\/\/andersen-storm.com\/du\/\" \/>\n<meta property=\"og:locale\" content=\"de_DE\" \/>\n<meta property=\"og:type\" content=\"article\" \/>\n<meta property=\"og:title\" content=\"Du - Andersen Storm\" \/>\n<meta property=\"og:url\" content=\"https:\/\/andersen-storm.com\/du\/\" \/>\n<meta property=\"og:site_name\" content=\"Andersen Storm\" \/>\n<meta property=\"article:modified_time\" content=\"2026-05-07T18:47:58+00:00\" \/>\n<meta property=\"og:image\" content=\"https:\/\/andersen-storm.com\/wp-content\/uploads\/2026\/05\/Du.jpg\" \/>\n\t<meta property=\"og:image:width\" content=\"585\" \/>\n\t<meta property=\"og:image:height\" content=\"1024\" \/>\n\t<meta property=\"og:image:type\" content=\"image\/jpeg\" \/>\n<meta name=\"twitter:card\" content=\"summary_large_image\" \/>\n<meta name=\"twitter:label1\" content=\"Gesch\u00e4tzte Lesezeit\" \/>\n\t<meta name=\"twitter:data1\" content=\"1\u00a0Minute\" \/>\n<script type=\"application\/ld+json\" class=\"yoast-schema-graph\">{\"@context\":\"https:\\\/\\\/schema.org\",\"@graph\":[{\"@type\":\"WebPage\",\"@id\":\"https:\\\/\\\/andersen-storm.com\\\/du\\\/\",\"url\":\"https:\\\/\\\/andersen-storm.com\\\/du\\\/\",\"name\":\"Du - Andersen Storm\",\"isPartOf\":{\"@id\":\"https:\\\/\\\/andersen-storm.com\\\/#website\"},\"primaryImageOfPage\":{\"@id\":\"https:\\\/\\\/andersen-storm.com\\\/du\\\/#primaryimage\"},\"image\":{\"@id\":\"https:\\\/\\\/andersen-storm.com\\\/du\\\/#primaryimage\"},\"thumbnailUrl\":\"https:\\\/\\\/andersen-storm.com\\\/wp-content\\\/uploads\\\/2026\\\/05\\\/Du.jpg\",\"datePublished\":\"2024-07-07T16:25:50+00:00\",\"dateModified\":\"2026-05-07T18:47:58+00:00\",\"breadcrumb\":{\"@id\":\"https:\\\/\\\/andersen-storm.com\\\/du\\\/#breadcrumb\"},\"inLanguage\":\"de\",\"potentialAction\":[{\"@type\":\"ReadAction\",\"target\":[\"https:\\\/\\\/andersen-storm.com\\\/du\\\/\"]}]},{\"@type\":\"ImageObject\",\"inLanguage\":\"de\",\"@id\":\"https:\\\/\\\/andersen-storm.com\\\/du\\\/#primaryimage\",\"url\":\"https:\\\/\\\/andersen-storm.com\\\/wp-content\\\/uploads\\\/2026\\\/05\\\/Du.jpg\",\"contentUrl\":\"https:\\\/\\\/andersen-storm.com\\\/wp-content\\\/uploads\\\/2026\\\/05\\\/Du.jpg\"},{\"@type\":\"BreadcrumbList\",\"@id\":\"https:\\\/\\\/andersen-storm.com\\\/du\\\/#breadcrumb\",\"itemListElement\":[{\"@type\":\"ListItem\",\"position\":1,\"name\":\"Startseite\",\"item\":\"https:\\\/\\\/andersen-storm.com\\\/\"},{\"@type\":\"ListItem\",\"position\":2,\"name\":\"Du\"}]},{\"@type\":\"WebSite\",\"@id\":\"https:\\\/\\\/andersen-storm.com\\\/#website\",\"url\":\"https:\\\/\\\/andersen-storm.com\\\/\",\"name\":\"{:en}Andersen Storm{:}{:de}Andersen Storm{:}\",\"description\":\"My Music \u2022 K\u00fcnstlerwebsite\",\"publisher\":{\"@id\":\"https:\\\/\\\/andersen-storm.com\\\/#\\\/schema\\\/person\\\/e0b5c824d9b0479c8df4d0acaf5ee1a0\"},\"potentialAction\":[{\"@type\":\"SearchAction\",\"target\":{\"@type\":\"EntryPoint\",\"urlTemplate\":\"https:\\\/\\\/andersen-storm.com\\\/?s={search_term_string}\"},\"query-input\":{\"@type\":\"PropertyValueSpecification\",\"valueRequired\":true,\"valueName\":\"search_term_string\"}}],\"inLanguage\":\"de\"},{\"@type\":[\"Person\",\"Organization\"],\"@id\":\"https:\\\/\\\/andersen-storm.com\\\/#\\\/schema\\\/person\\\/e0b5c824d9b0479c8df4d0acaf5ee1a0\",\"name\":\"Andersen\",\"image\":{\"@type\":\"ImageObject\",\"inLanguage\":\"de\",\"@id\":\"https:\\\/\\\/andersen-storm.com\\\/wp-content\\\/uploads\\\/2025\\\/08\\\/20250806_161303.jpg\",\"url\":\"https:\\\/\\\/andersen-storm.com\\\/wp-content\\\/uploads\\\/2025\\\/08\\\/20250806_161303.jpg\",\"contentUrl\":\"https:\\\/\\\/andersen-storm.com\\\/wp-content\\\/uploads\\\/2025\\\/08\\\/20250806_161303.jpg\",\"width\":1080,\"height\":1079,\"caption\":\"Andersen\"},\"logo\":{\"@id\":\"https:\\\/\\\/andersen-storm.com\\\/wp-content\\\/uploads\\\/2025\\\/08\\\/20250806_161303.jpg\"},\"sameAs\":[\"https:\\\/\\\/andersenstorm.com\"]}]}<\/script>\n<!-- \/ Yoast SEO plugin. -->","yoast_head_json":{"title":"Du - Andersen Storm","robots":{"index":"index","follow":"follow","max-snippet":"max-snippet:-1","max-image-preview":"max-image-preview:large","max-video-preview":"max-video-preview:-1"},"canonical":"https:\/\/andersen-storm.com\/du\/","og_locale":"de_DE","og_type":"article","og_title":"Du - Andersen Storm","og_url":"https:\/\/andersen-storm.com\/du\/","og_site_name":"Andersen Storm","article_modified_time":"2026-05-07T18:47:58+00:00","og_image":[{"width":585,"height":1024,"url":"https:\/\/andersen-storm.com\/wp-content\/uploads\/2026\/05\/Du.jpg","type":"image\/jpeg"}],"twitter_card":"summary_large_image","twitter_misc":{"Gesch\u00e4tzte Lesezeit":"1\u00a0Minute"},"schema":{"@context":"https:\/\/schema.org","@graph":[{"@type":"WebPage","@id":"https:\/\/andersen-storm.com\/du\/","url":"https:\/\/andersen-storm.com\/du\/","name":"Du - Andersen Storm","isPartOf":{"@id":"https:\/\/andersen-storm.com\/#website"},"primaryImageOfPage":{"@id":"https:\/\/andersen-storm.com\/du\/#primaryimage"},"image":{"@id":"https:\/\/andersen-storm.com\/du\/#primaryimage"},"thumbnailUrl":"https:\/\/andersen-storm.com\/wp-content\/uploads\/2026\/05\/Du.jpg","datePublished":"2024-07-07T16:25:50+00:00","dateModified":"2026-05-07T18:47:58+00:00","breadcrumb":{"@id":"https:\/\/andersen-storm.com\/du\/#breadcrumb"},"inLanguage":"de","potentialAction":[{"@type":"ReadAction","target":["https:\/\/andersen-storm.com\/du\/"]}]},{"@type":"ImageObject","inLanguage":"de","@id":"https:\/\/andersen-storm.com\/du\/#primaryimage","url":"https:\/\/andersen-storm.com\/wp-content\/uploads\/2026\/05\/Du.jpg","contentUrl":"https:\/\/andersen-storm.com\/wp-content\/uploads\/2026\/05\/Du.jpg"},{"@type":"BreadcrumbList","@id":"https:\/\/andersen-storm.com\/du\/#breadcrumb","itemListElement":[{"@type":"ListItem","position":1,"name":"Startseite","item":"https:\/\/andersen-storm.com\/"},{"@type":"ListItem","position":2,"name":"Du"}]},{"@type":"WebSite","@id":"https:\/\/andersen-storm.com\/#website","url":"https:\/\/andersen-storm.com\/","name":"{:en}Andersen Storm{:}{:de}Andersen Storm{:}","description":"My Music \u2022 K\u00fcnstlerwebsite","publisher":{"@id":"https:\/\/andersen-storm.com\/#\/schema\/person\/e0b5c824d9b0479c8df4d0acaf5ee1a0"},"potentialAction":[{"@type":"SearchAction","target":{"@type":"EntryPoint","urlTemplate":"https:\/\/andersen-storm.com\/?s={search_term_string}"},"query-input":{"@type":"PropertyValueSpecification","valueRequired":true,"valueName":"search_term_string"}}],"inLanguage":"de"},{"@type":["Person","Organization"],"@id":"https:\/\/andersen-storm.com\/#\/schema\/person\/e0b5c824d9b0479c8df4d0acaf5ee1a0","name":"Andersen","image":{"@type":"ImageObject","inLanguage":"de","@id":"https:\/\/andersen-storm.com\/wp-content\/uploads\/2025\/08\/20250806_161303.jpg","url":"https:\/\/andersen-storm.com\/wp-content\/uploads\/2025\/08\/20250806_161303.jpg","contentUrl":"https:\/\/andersen-storm.com\/wp-content\/uploads\/2025\/08\/20250806_161303.jpg","width":1080,"height":1079,"caption":"Andersen"},"logo":{"@id":"https:\/\/andersen-storm.com\/wp-content\/uploads\/2025\/08\/20250806_161303.jpg"},"sameAs":["https:\/\/andersenstorm.com"]}]}},"_links":{"self":[{"href":"https:\/\/andersen-storm.com\/de\/wp-json\/wp\/v2\/pages\/1636","targetHints":{"allow":["GET"]}}],"collection":[{"href":"https:\/\/andersen-storm.com\/de\/wp-json\/wp\/v2\/pages"}],"about":[{"href":"https:\/\/andersen-storm.com\/de\/wp-json\/wp\/v2\/types\/page"}],"author":[{"embeddable":true,"href":"https:\/\/andersen-storm.com\/de\/wp-json\/wp\/v2\/users\/1"}],"replies":[{"embeddable":true,"href":"https:\/\/andersen-storm.com\/de\/wp-json\/wp\/v2\/comments?post=1636"}],"version-history":[{"count":3,"href":"https:\/\/andersen-storm.com\/de\/wp-json\/wp\/v2\/pages\/1636\/revisions"}],"predecessor-version":[{"id":2221,"href":"https:\/\/andersen-storm.com\/de\/wp-json\/wp\/v2\/pages\/1636\/revisions\/2221"}],"wp:attachment":[{"href":"https:\/\/andersen-storm.com\/de\/wp-json\/wp\/v2\/media?parent=1636"}],"curies":[{"name":"wp","href":"https:\/\/api.w.org\/{rel}","templated":true}]}}