{"id":1638,"date":"2024-07-07T19:08:09","date_gmt":"2024-07-07T17:08:09","guid":{"rendered":"https:\/\/andersen-storm.com\/?page_id=1638"},"modified":"2024-07-08T13:43:08","modified_gmt":"2024-07-08T11:43:08","slug":"dich-vergessen","status":"publish","type":"page","link":"https:\/\/andersen-storm.com\/de\/dich-vergessen\/","title":{"rendered":"Dich Vergessen"},"content":{"rendered":"\n<figure class=\"wp-block-image size-full\"><img loading=\"lazy\" decoding=\"async\" width=\"479\" height=\"851\" src=\"https:\/\/andersen-storm.com\/wp-content\/uploads\/2024\/07\/file-4xA4VJepiQcpsy2XDG5t8DUe.jpg\" alt=\"\" class=\"wp-image-1669\" srcset=\"https:\/\/andersen-storm.com\/wp-content\/uploads\/2024\/07\/file-4xA4VJepiQcpsy2XDG5t8DUe.jpg 479w, https:\/\/andersen-storm.com\/wp-content\/uploads\/2024\/07\/file-4xA4VJepiQcpsy2XDG5t8DUe-169x300.jpg 169w\" sizes=\"auto, (max-width: 479px) 100vw, 479px\" \/><\/figure>\n\n\n\n<p>Ich rufe Dich einmal noch an<br>Und l\u00e4chele einmal dir noch zu<br>Sehe Dir noch einmal in die Augen<br>Sag einmal noch z\u00e4rtlich: Du!<\/p>\n\n\n\n<p>Ich h\u00f6re einmal noch Dir zu<br>W\u00fcnsch mir dabei du meintest mich<br>Ich sehe dich noch einmal tanzen<br>Und zerflie\u00dfe innerlich<\/p>\n\n\n\n<p>An meinen Tr\u00e4umen will ich dich noch einmal messen<br>Und dann will ich dich vergessen<br>Dann will ich dich vergessen<\/p>\n\n\n\n<p>An meinen Tr\u00e4umen will ich einmal noch dich messen<br>Und dann will ich Dich vergessen<\/p>\n\n\n\n<p>Seh&#8216; noch einmal deine Alben<br>Und f\u00fchl&#8216; mich dabei wie ein Hund<br>Ich proste dir im Geiste zu<br>Und trink den Wein als w\u00e4r&#8217;s Dein Mund<\/p>\n\n\n\n<p>Ich kommentiere deine Posts<br>Heute zum allerletzten Mal<br>Dann werf ich Dich aus meiner Timeline<br>Ab jetzt bist du mir egal.<\/p>\n\n\n\n<p>An meiner Sehnsucht will ich dich nie wieder messen<br>Ich will dich nur noch vergessen<br>(Ich) will dich nun vergessen<\/p>\n\n\n\n<p>An meiner Sehnsucht will ich dich nie wieder messen<br>Ich will dich nur noch vergessen<br>K\u00f6nnen<\/p>\n\n\n\n<p>Zerrei\u00dfe einmal noch dein Foto<br>Und druck es nun auch nicht mehr aus<br>Ich sag noch einmal Deinen Namen<br>Und dann bin ich wirklich raus<\/p>\n\n\n\n<p>Ich sag ein letztes mal noch: wir<br>Denn das war immer illusion<br>Dann heb ich dich von meinem Sockel<br>und verbrenne deinen Thron<\/p>\n\n\n\n<p>An deinem Lachen h\u00e4tt&#8216; ich fast nen Narren gefressen<br>Nun will ich dich nicht mehr missen m\u00fcssen<br>Und dich schnell vergessen<\/p>\n\n\n\n<p>An meiner Sehnsucht will ich dich nie wieder messen<br>Ich will dich nur noch vergessen k\u00f6nnen<br>Ich will dich nun vergessen<\/p>\n\n\n\n<p>An meinen Tr\u00e4umen will ich einmal noch dich messen<br>Und dann will ich Dich vergessen<\/p>\n\n\n\n<p>Ich will dich nun vergessen<\/p>\n\n\n\n<p>\u00a9 Andersen Storm 2024<\/p>\n\n\n\n<figure class=\"wp-block-embed is-type-video is-provider-youtube wp-block-embed-youtube wp-embed-aspect-4-3 wp-has-aspect-ratio\"><div class=\"wp-block-embed__wrapper\">\n<iframe loading=\"lazy\" title=\"Dich Vergessen\" width=\"750\" height=\"563\" src=\"https:\/\/www.youtube.com\/embed\/Lh_XaOQ5VMs?feature=oembed\" frameborder=\"0\" allow=\"accelerometer; autoplay; clipboard-write; encrypted-media; gyroscope; picture-in-picture; web-share\" referrerpolicy=\"strict-origin-when-cross-origin\" allowfullscreen><\/iframe>\n<\/div><\/figure>\n","protected":false},"excerpt":{"rendered":"<p>Ich rufe Dich einmal noch anUnd l\u00e4chele einmal dir noch zuSehe Dir noch einmal in die AugenSag einmal noch z\u00e4rtlich: Du! Ich h\u00f6re einmal noch Dir zuW\u00fcnsch mir dabei du meintest michIch sehe dich noch einmal tanzenUnd zerflie\u00dfe innerlich An meinen Tr\u00e4umen will ich dich noch einmal messenUnd dann will ich dich vergessenDann will ich&hellip; <a class=\"more-link\" href=\"https:\/\/andersen-storm.com\/de\/dich-vergessen\/\"><span class=\"screen-reader-text\">Dich Vergessen<\/span> weiterlesen<\/a><\/p>\n","protected":false},"author":1,"featured_media":0,"parent":0,"menu_order":0,"comment_status":"closed","ping_status":"closed","template":"","meta":{"footnotes":"","_links_to":"","_links_to_target":""},"class_list":["post-1638","page","type-page","status-publish","hentry","entry"],"translation":{"provider":"WPGlobus","version":"3.0.2","language":"de","enabled_languages":["en","de"],"languages":{"en":{"title":true,"content":true,"excerpt":false},"de":{"title":false,"content":false,"excerpt":false}}},"yoast_head":"<!-- This site is optimized with the Yoast SEO plugin v27.4 - https:\/\/yoast.com\/product\/yoast-seo-wordpress\/ -->\n<title>Dich Vergessen - Andersen Storm<\/title>\n<meta name=\"robots\" content=\"index, follow, max-snippet:-1, max-image-preview:large, max-video-preview:-1\" \/>\n<link rel=\"canonical\" href=\"https:\/\/andersen-storm.com\/dich-vergessen\/\" \/>\n<meta property=\"og:locale\" content=\"de_DE\" \/>\n<meta property=\"og:type\" content=\"article\" \/>\n<meta property=\"og:title\" content=\"Dich Vergessen - Andersen Storm\" \/>\n<meta property=\"og:url\" content=\"https:\/\/andersen-storm.com\/dich-vergessen\/\" \/>\n<meta property=\"og:site_name\" content=\"Andersen Storm\" \/>\n<meta property=\"article:modified_time\" content=\"2024-07-08T11:43:08+00:00\" \/>\n<meta property=\"og:image\" content=\"https:\/\/andersen-storm.com\/wp-content\/uploads\/2024\/07\/file-4xA4VJepiQcpsy2XDG5t8DUe.jpg\" \/>\n\t<meta property=\"og:image:width\" content=\"479\" \/>\n\t<meta property=\"og:image:height\" content=\"851\" \/>\n\t<meta property=\"og:image:type\" content=\"image\/jpeg\" \/>\n<meta name=\"twitter:card\" content=\"summary_large_image\" \/>\n<meta name=\"twitter:label1\" content=\"Gesch\u00e4tzte Lesezeit\" \/>\n\t<meta name=\"twitter:data1\" content=\"1\u00a0Minute\" \/>\n<script type=\"application\/ld+json\" class=\"yoast-schema-graph\">{\"@context\":\"https:\\\/\\\/schema.org\",\"@graph\":[{\"@type\":\"WebPage\",\"@id\":\"https:\\\/\\\/andersen-storm.com\\\/dich-vergessen\\\/\",\"url\":\"https:\\\/\\\/andersen-storm.com\\\/dich-vergessen\\\/\",\"name\":\"Dich Vergessen - Andersen Storm\",\"isPartOf\":{\"@id\":\"https:\\\/\\\/andersen-storm.com\\\/#website\"},\"primaryImageOfPage\":{\"@id\":\"https:\\\/\\\/andersen-storm.com\\\/dich-vergessen\\\/#primaryimage\"},\"image\":{\"@id\":\"https:\\\/\\\/andersen-storm.com\\\/dich-vergessen\\\/#primaryimage\"},\"thumbnailUrl\":\"https:\\\/\\\/andersen-storm.com\\\/wp-content\\\/uploads\\\/2024\\\/07\\\/file-4xA4VJepiQcpsy2XDG5t8DUe.jpg\",\"datePublished\":\"2024-07-07T17:08:09+00:00\",\"dateModified\":\"2024-07-08T11:43:08+00:00\",\"breadcrumb\":{\"@id\":\"https:\\\/\\\/andersen-storm.com\\\/dich-vergessen\\\/#breadcrumb\"},\"inLanguage\":\"de\",\"potentialAction\":[{\"@type\":\"ReadAction\",\"target\":[\"https:\\\/\\\/andersen-storm.com\\\/dich-vergessen\\\/\"]}]},{\"@type\":\"ImageObject\",\"inLanguage\":\"de\",\"@id\":\"https:\\\/\\\/andersen-storm.com\\\/dich-vergessen\\\/#primaryimage\",\"url\":\"https:\\\/\\\/andersen-storm.com\\\/wp-content\\\/uploads\\\/2024\\\/07\\\/file-4xA4VJepiQcpsy2XDG5t8DUe.jpg\",\"contentUrl\":\"https:\\\/\\\/andersen-storm.com\\\/wp-content\\\/uploads\\\/2024\\\/07\\\/file-4xA4VJepiQcpsy2XDG5t8DUe.jpg\"},{\"@type\":\"BreadcrumbList\",\"@id\":\"https:\\\/\\\/andersen-storm.com\\\/dich-vergessen\\\/#breadcrumb\",\"itemListElement\":[{\"@type\":\"ListItem\",\"position\":1,\"name\":\"Startseite\",\"item\":\"https:\\\/\\\/andersen-storm.com\\\/\"},{\"@type\":\"ListItem\",\"position\":2,\"name\":\"Dich Vergessen\"}]},{\"@type\":\"WebSite\",\"@id\":\"https:\\\/\\\/andersen-storm.com\\\/#website\",\"url\":\"https:\\\/\\\/andersen-storm.com\\\/\",\"name\":\"{:en}Andersen Storm{:}{:de}Andersen Storm{:}\",\"description\":\"My Music \u2022 K\u00fcnstlerwebsite\",\"publisher\":{\"@id\":\"https:\\\/\\\/andersen-storm.com\\\/#\\\/schema\\\/person\\\/e0b5c824d9b0479c8df4d0acaf5ee1a0\"},\"potentialAction\":[{\"@type\":\"SearchAction\",\"target\":{\"@type\":\"EntryPoint\",\"urlTemplate\":\"https:\\\/\\\/andersen-storm.com\\\/?s={search_term_string}\"},\"query-input\":{\"@type\":\"PropertyValueSpecification\",\"valueRequired\":true,\"valueName\":\"search_term_string\"}}],\"inLanguage\":\"de\"},{\"@type\":[\"Person\",\"Organization\"],\"@id\":\"https:\\\/\\\/andersen-storm.com\\\/#\\\/schema\\\/person\\\/e0b5c824d9b0479c8df4d0acaf5ee1a0\",\"name\":\"Andersen\",\"image\":{\"@type\":\"ImageObject\",\"inLanguage\":\"de\",\"@id\":\"https:\\\/\\\/andersen-storm.com\\\/wp-content\\\/uploads\\\/2025\\\/08\\\/20250806_161303.jpg\",\"url\":\"https:\\\/\\\/andersen-storm.com\\\/wp-content\\\/uploads\\\/2025\\\/08\\\/20250806_161303.jpg\",\"contentUrl\":\"https:\\\/\\\/andersen-storm.com\\\/wp-content\\\/uploads\\\/2025\\\/08\\\/20250806_161303.jpg\",\"width\":1080,\"height\":1079,\"caption\":\"Andersen\"},\"logo\":{\"@id\":\"https:\\\/\\\/andersen-storm.com\\\/wp-content\\\/uploads\\\/2025\\\/08\\\/20250806_161303.jpg\"},\"sameAs\":[\"https:\\\/\\\/andersenstorm.com\"]}]}<\/script>\n<!-- \/ Yoast SEO plugin. -->","yoast_head_json":{"title":"Dich Vergessen - Andersen Storm","robots":{"index":"index","follow":"follow","max-snippet":"max-snippet:-1","max-image-preview":"max-image-preview:large","max-video-preview":"max-video-preview:-1"},"canonical":"https:\/\/andersen-storm.com\/dich-vergessen\/","og_locale":"de_DE","og_type":"article","og_title":"Dich Vergessen - Andersen Storm","og_url":"https:\/\/andersen-storm.com\/dich-vergessen\/","og_site_name":"Andersen Storm","article_modified_time":"2024-07-08T11:43:08+00:00","og_image":[{"width":479,"height":851,"url":"https:\/\/andersen-storm.com\/wp-content\/uploads\/2024\/07\/file-4xA4VJepiQcpsy2XDG5t8DUe.jpg","type":"image\/jpeg"}],"twitter_card":"summary_large_image","twitter_misc":{"Gesch\u00e4tzte Lesezeit":"1\u00a0Minute"},"schema":{"@context":"https:\/\/schema.org","@graph":[{"@type":"WebPage","@id":"https:\/\/andersen-storm.com\/dich-vergessen\/","url":"https:\/\/andersen-storm.com\/dich-vergessen\/","name":"Dich Vergessen - Andersen Storm","isPartOf":{"@id":"https:\/\/andersen-storm.com\/#website"},"primaryImageOfPage":{"@id":"https:\/\/andersen-storm.com\/dich-vergessen\/#primaryimage"},"image":{"@id":"https:\/\/andersen-storm.com\/dich-vergessen\/#primaryimage"},"thumbnailUrl":"https:\/\/andersen-storm.com\/wp-content\/uploads\/2024\/07\/file-4xA4VJepiQcpsy2XDG5t8DUe.jpg","datePublished":"2024-07-07T17:08:09+00:00","dateModified":"2024-07-08T11:43:08+00:00","breadcrumb":{"@id":"https:\/\/andersen-storm.com\/dich-vergessen\/#breadcrumb"},"inLanguage":"de","potentialAction":[{"@type":"ReadAction","target":["https:\/\/andersen-storm.com\/dich-vergessen\/"]}]},{"@type":"ImageObject","inLanguage":"de","@id":"https:\/\/andersen-storm.com\/dich-vergessen\/#primaryimage","url":"https:\/\/andersen-storm.com\/wp-content\/uploads\/2024\/07\/file-4xA4VJepiQcpsy2XDG5t8DUe.jpg","contentUrl":"https:\/\/andersen-storm.com\/wp-content\/uploads\/2024\/07\/file-4xA4VJepiQcpsy2XDG5t8DUe.jpg"},{"@type":"BreadcrumbList","@id":"https:\/\/andersen-storm.com\/dich-vergessen\/#breadcrumb","itemListElement":[{"@type":"ListItem","position":1,"name":"Startseite","item":"https:\/\/andersen-storm.com\/"},{"@type":"ListItem","position":2,"name":"Dich Vergessen"}]},{"@type":"WebSite","@id":"https:\/\/andersen-storm.com\/#website","url":"https:\/\/andersen-storm.com\/","name":"{:en}Andersen Storm{:}{:de}Andersen Storm{:}","description":"My Music \u2022 K\u00fcnstlerwebsite","publisher":{"@id":"https:\/\/andersen-storm.com\/#\/schema\/person\/e0b5c824d9b0479c8df4d0acaf5ee1a0"},"potentialAction":[{"@type":"SearchAction","target":{"@type":"EntryPoint","urlTemplate":"https:\/\/andersen-storm.com\/?s={search_term_string}"},"query-input":{"@type":"PropertyValueSpecification","valueRequired":true,"valueName":"search_term_string"}}],"inLanguage":"de"},{"@type":["Person","Organization"],"@id":"https:\/\/andersen-storm.com\/#\/schema\/person\/e0b5c824d9b0479c8df4d0acaf5ee1a0","name":"Andersen","image":{"@type":"ImageObject","inLanguage":"de","@id":"https:\/\/andersen-storm.com\/wp-content\/uploads\/2025\/08\/20250806_161303.jpg","url":"https:\/\/andersen-storm.com\/wp-content\/uploads\/2025\/08\/20250806_161303.jpg","contentUrl":"https:\/\/andersen-storm.com\/wp-content\/uploads\/2025\/08\/20250806_161303.jpg","width":1080,"height":1079,"caption":"Andersen"},"logo":{"@id":"https:\/\/andersen-storm.com\/wp-content\/uploads\/2025\/08\/20250806_161303.jpg"},"sameAs":["https:\/\/andersenstorm.com"]}]}},"_links":{"self":[{"href":"https:\/\/andersen-storm.com\/de\/wp-json\/wp\/v2\/pages\/1638","targetHints":{"allow":["GET"]}}],"collection":[{"href":"https:\/\/andersen-storm.com\/de\/wp-json\/wp\/v2\/pages"}],"about":[{"href":"https:\/\/andersen-storm.com\/de\/wp-json\/wp\/v2\/types\/page"}],"author":[{"embeddable":true,"href":"https:\/\/andersen-storm.com\/de\/wp-json\/wp\/v2\/users\/1"}],"replies":[{"embeddable":true,"href":"https:\/\/andersen-storm.com\/de\/wp-json\/wp\/v2\/comments?post=1638"}],"version-history":[{"count":2,"href":"https:\/\/andersen-storm.com\/de\/wp-json\/wp\/v2\/pages\/1638\/revisions"}],"predecessor-version":[{"id":1670,"href":"https:\/\/andersen-storm.com\/de\/wp-json\/wp\/v2\/pages\/1638\/revisions\/1670"}],"wp:attachment":[{"href":"https:\/\/andersen-storm.com\/de\/wp-json\/wp\/v2\/media?parent=1638"}],"curies":[{"name":"wp","href":"https:\/\/api.w.org\/{rel}","templated":true}]}}