{"id":1642,"date":"2024-07-07T19:35:43","date_gmt":"2024-07-07T17:35:43","guid":{"rendered":"https:\/\/andersen-storm.com\/?page_id=1642"},"modified":"2024-07-08T13:47:53","modified_gmt":"2024-07-08T11:47:53","slug":"der-nebel-sinkt","status":"publish","type":"page","link":"https:\/\/andersen-storm.com\/de\/der-nebel-sinkt\/","title":{"rendered":"Der Nebel Sinkt"},"content":{"rendered":"\n<figure class=\"wp-block-image size-large\"><img loading=\"lazy\" decoding=\"async\" width=\"585\" height=\"1024\" src=\"https:\/\/andersen-storm.com\/wp-content\/uploads\/2024\/07\/file-h72BLQE8ZuxO8h9OaSkf93Hb-585x1024.jpg\" alt=\"\" class=\"wp-image-1675\" srcset=\"https:\/\/andersen-storm.com\/wp-content\/uploads\/2024\/07\/file-h72BLQE8ZuxO8h9OaSkf93Hb-585x1024.jpg 585w, https:\/\/andersen-storm.com\/wp-content\/uploads\/2024\/07\/file-h72BLQE8ZuxO8h9OaSkf93Hb-171x300.jpg 171w, https:\/\/andersen-storm.com\/wp-content\/uploads\/2024\/07\/file-h72BLQE8ZuxO8h9OaSkf93Hb-768x1344.jpg 768w, https:\/\/andersen-storm.com\/wp-content\/uploads\/2024\/07\/file-h72BLQE8ZuxO8h9OaSkf93Hb-878x1536.jpg 878w, https:\/\/andersen-storm.com\/wp-content\/uploads\/2024\/07\/file-h72BLQE8ZuxO8h9OaSkf93Hb-600x1050.jpg 600w, https:\/\/andersen-storm.com\/wp-content\/uploads\/2024\/07\/file-h72BLQE8ZuxO8h9OaSkf93Hb.jpg 1024w\" sizes=\"auto, (max-width: 585px) 100vw, 585px\" \/><\/figure>\n\n\n\n<p>Der Nebel sinkt. Noch steigt der Rauch<br>Die Glut ist Asche und Wehmut auch<br>Du wolltest siegen, ich nicht verlier\u2019n<br>Du kannst nicht frei sein, willst du nichts riskier\u2019n<\/p>\n\n\n\n<p>Der Mond stand voll. Wir waren high<br>Von unsern Siegen. Das ging vorbei<br>Wir k\u00fchlten ab, so Blick in Blick<br>Der Schleier fiel und es gab kein zur\u00fcck<\/p>\n\n\n\n<p>Erst war es Hoffnung, dann war\u2019n sie hier<br>Mit nackten F\u00e4usten, mit blanker Gier<br>Man sah dahinter schon die Dunkelheit<br>Uns so zu sehen, warst du nicht bereit<\/p>\n\n\n\n<p>Wir wollten leicht sein und froh und frei<br>Und wie die M\u00f6wen: bei drei dabei<br>Sind fortgeflogen zu stillem Strand<br>Die Flut im Dunkeln nahm sich das Land<\/p>\n\n\n\n<p>So schales Gl\u00fcck birgt Bitterkeit<br>Macht tr\u00fcb die Augen, bleiern die Zeit<br>Bin fortgezogen \u00fcber die See<br>Mein Lied als Strandgut liegt noch unter dem Schnee<\/p>\n\n\n\n<p>Und wer es findet, der wei\u00df um dich<br>Nahm deine Anmut mir als ein Licht<br>Soll auch die K\u00e4lte uns Panzer sein<br>Du kannst nicht lieben ohne zu verzeihen<\/p>\n\n\n\n<p>\u00a9 Andersen Storm 2024<\/p>\n\n\n\n<figure class=\"wp-block-embed is-type-video is-provider-youtube wp-block-embed-youtube wp-embed-aspect-4-3 wp-has-aspect-ratio\"><div class=\"wp-block-embed__wrapper\">\n<iframe loading=\"lazy\" title=\"Der Nebel Sinkt\" width=\"750\" height=\"563\" src=\"https:\/\/www.youtube.com\/embed\/ewOrHlv0-8E?feature=oembed\" frameborder=\"0\" allow=\"accelerometer; autoplay; clipboard-write; encrypted-media; gyroscope; picture-in-picture; web-share\" referrerpolicy=\"strict-origin-when-cross-origin\" allowfullscreen><\/iframe>\n<\/div><\/figure>\n","protected":false},"excerpt":{"rendered":"<p>Der Nebel sinkt. Noch steigt der RauchDie Glut ist Asche und Wehmut auchDu wolltest siegen, ich nicht verlier\u2019nDu kannst nicht frei sein, willst du nichts riskier\u2019n Der Mond stand voll. Wir waren highVon unsern Siegen. Das ging vorbeiWir k\u00fchlten ab, so Blick in BlickDer Schleier fiel und es gab kein zur\u00fcck Erst war es Hoffnung,&hellip; <a class=\"more-link\" href=\"https:\/\/andersen-storm.com\/de\/der-nebel-sinkt\/\"><span class=\"screen-reader-text\">Der Nebel Sinkt<\/span> weiterlesen<\/a><\/p>\n","protected":false},"author":1,"featured_media":0,"parent":0,"menu_order":0,"comment_status":"closed","ping_status":"closed","template":"","meta":{"footnotes":"","_links_to":"","_links_to_target":""},"class_list":["post-1642","page","type-page","status-publish","hentry","entry"],"translation":{"provider":"WPGlobus","version":"3.0.2","language":"de","enabled_languages":["en","de"],"languages":{"en":{"title":true,"content":true,"excerpt":false},"de":{"title":false,"content":false,"excerpt":false}}},"yoast_head":"<!-- This site is optimized with the Yoast SEO plugin v27.3 - https:\/\/yoast.com\/product\/yoast-seo-wordpress\/ -->\n<title>Der Nebel Sinkt - Andersen Storm<\/title>\n<meta name=\"robots\" content=\"index, follow, max-snippet:-1, max-image-preview:large, max-video-preview:-1\" \/>\n<link rel=\"canonical\" href=\"https:\/\/andersen-storm.com\/der-nebel-sinkt\/\" \/>\n<meta property=\"og:locale\" content=\"de_DE\" \/>\n<meta property=\"og:type\" content=\"article\" \/>\n<meta property=\"og:title\" content=\"Der Nebel Sinkt - Andersen Storm\" \/>\n<meta property=\"og:url\" content=\"https:\/\/andersen-storm.com\/der-nebel-sinkt\/\" \/>\n<meta property=\"og:site_name\" content=\"Andersen Storm\" \/>\n<meta property=\"article:modified_time\" content=\"2024-07-08T11:47:53+00:00\" \/>\n<meta property=\"og:image\" content=\"https:\/\/andersen-storm.com\/wp-content\/uploads\/2024\/07\/file-h72BLQE8ZuxO8h9OaSkf93Hb.jpg\" \/>\n\t<meta property=\"og:image:width\" content=\"1024\" \/>\n\t<meta property=\"og:image:height\" content=\"1792\" \/>\n\t<meta property=\"og:image:type\" content=\"image\/jpeg\" \/>\n<meta name=\"twitter:card\" content=\"summary_large_image\" \/>\n<meta name=\"twitter:label1\" content=\"Gesch\u00e4tzte Lesezeit\" \/>\n\t<meta name=\"twitter:data1\" content=\"1\u00a0Minute\" \/>\n<script type=\"application\/ld+json\" class=\"yoast-schema-graph\">{\"@context\":\"https:\\\/\\\/schema.org\",\"@graph\":[{\"@type\":\"WebPage\",\"@id\":\"https:\\\/\\\/andersen-storm.com\\\/der-nebel-sinkt\\\/\",\"url\":\"https:\\\/\\\/andersen-storm.com\\\/der-nebel-sinkt\\\/\",\"name\":\"Der Nebel Sinkt - Andersen Storm\",\"isPartOf\":{\"@id\":\"https:\\\/\\\/andersen-storm.com\\\/#website\"},\"primaryImageOfPage\":{\"@id\":\"https:\\\/\\\/andersen-storm.com\\\/der-nebel-sinkt\\\/#primaryimage\"},\"image\":{\"@id\":\"https:\\\/\\\/andersen-storm.com\\\/der-nebel-sinkt\\\/#primaryimage\"},\"thumbnailUrl\":\"https:\\\/\\\/andersen-storm.com\\\/wp-content\\\/uploads\\\/2024\\\/07\\\/file-h72BLQE8ZuxO8h9OaSkf93Hb-585x1024.jpg\",\"datePublished\":\"2024-07-07T17:35:43+00:00\",\"dateModified\":\"2024-07-08T11:47:53+00:00\",\"breadcrumb\":{\"@id\":\"https:\\\/\\\/andersen-storm.com\\\/der-nebel-sinkt\\\/#breadcrumb\"},\"inLanguage\":\"de\",\"potentialAction\":[{\"@type\":\"ReadAction\",\"target\":[\"https:\\\/\\\/andersen-storm.com\\\/der-nebel-sinkt\\\/\"]}]},{\"@type\":\"ImageObject\",\"inLanguage\":\"de\",\"@id\":\"https:\\\/\\\/andersen-storm.com\\\/der-nebel-sinkt\\\/#primaryimage\",\"url\":\"https:\\\/\\\/andersen-storm.com\\\/wp-content\\\/uploads\\\/2024\\\/07\\\/file-h72BLQE8ZuxO8h9OaSkf93Hb-585x1024.jpg\",\"contentUrl\":\"https:\\\/\\\/andersen-storm.com\\\/wp-content\\\/uploads\\\/2024\\\/07\\\/file-h72BLQE8ZuxO8h9OaSkf93Hb-585x1024.jpg\"},{\"@type\":\"BreadcrumbList\",\"@id\":\"https:\\\/\\\/andersen-storm.com\\\/der-nebel-sinkt\\\/#breadcrumb\",\"itemListElement\":[{\"@type\":\"ListItem\",\"position\":1,\"name\":\"Startseite\",\"item\":\"https:\\\/\\\/andersen-storm.com\\\/\"},{\"@type\":\"ListItem\",\"position\":2,\"name\":\"Der Nebel Sinkt\"}]},{\"@type\":\"WebSite\",\"@id\":\"https:\\\/\\\/andersen-storm.com\\\/#website\",\"url\":\"https:\\\/\\\/andersen-storm.com\\\/\",\"name\":\"{:en}Andersen Storm{:}{:de}Andersen Storm{:}\",\"description\":\"My Music \u2022 K\u00fcnstlerwebsite\",\"publisher\":{\"@id\":\"https:\\\/\\\/andersen-storm.com\\\/#\\\/schema\\\/person\\\/e0b5c824d9b0479c8df4d0acaf5ee1a0\"},\"potentialAction\":[{\"@type\":\"SearchAction\",\"target\":{\"@type\":\"EntryPoint\",\"urlTemplate\":\"https:\\\/\\\/andersen-storm.com\\\/?s={search_term_string}\"},\"query-input\":{\"@type\":\"PropertyValueSpecification\",\"valueRequired\":true,\"valueName\":\"search_term_string\"}}],\"inLanguage\":\"de\"},{\"@type\":[\"Person\",\"Organization\"],\"@id\":\"https:\\\/\\\/andersen-storm.com\\\/#\\\/schema\\\/person\\\/e0b5c824d9b0479c8df4d0acaf5ee1a0\",\"name\":\"Andersen\",\"image\":{\"@type\":\"ImageObject\",\"inLanguage\":\"de\",\"@id\":\"https:\\\/\\\/andersen-storm.com\\\/wp-content\\\/uploads\\\/2025\\\/08\\\/20250806_161303.jpg\",\"url\":\"https:\\\/\\\/andersen-storm.com\\\/wp-content\\\/uploads\\\/2025\\\/08\\\/20250806_161303.jpg\",\"contentUrl\":\"https:\\\/\\\/andersen-storm.com\\\/wp-content\\\/uploads\\\/2025\\\/08\\\/20250806_161303.jpg\",\"width\":1080,\"height\":1079,\"caption\":\"Andersen\"},\"logo\":{\"@id\":\"https:\\\/\\\/andersen-storm.com\\\/wp-content\\\/uploads\\\/2025\\\/08\\\/20250806_161303.jpg\"},\"sameAs\":[\"https:\\\/\\\/andersenstorm.com\"]}]}<\/script>\n<!-- \/ Yoast SEO plugin. -->","yoast_head_json":{"title":"Der Nebel Sinkt - Andersen Storm","robots":{"index":"index","follow":"follow","max-snippet":"max-snippet:-1","max-image-preview":"max-image-preview:large","max-video-preview":"max-video-preview:-1"},"canonical":"https:\/\/andersen-storm.com\/der-nebel-sinkt\/","og_locale":"de_DE","og_type":"article","og_title":"Der Nebel Sinkt - Andersen Storm","og_url":"https:\/\/andersen-storm.com\/der-nebel-sinkt\/","og_site_name":"Andersen Storm","article_modified_time":"2024-07-08T11:47:53+00:00","og_image":[{"width":1024,"height":1792,"url":"https:\/\/andersen-storm.com\/wp-content\/uploads\/2024\/07\/file-h72BLQE8ZuxO8h9OaSkf93Hb.jpg","type":"image\/jpeg"}],"twitter_card":"summary_large_image","twitter_misc":{"Gesch\u00e4tzte Lesezeit":"1\u00a0Minute"},"schema":{"@context":"https:\/\/schema.org","@graph":[{"@type":"WebPage","@id":"https:\/\/andersen-storm.com\/der-nebel-sinkt\/","url":"https:\/\/andersen-storm.com\/der-nebel-sinkt\/","name":"Der Nebel Sinkt - Andersen Storm","isPartOf":{"@id":"https:\/\/andersen-storm.com\/#website"},"primaryImageOfPage":{"@id":"https:\/\/andersen-storm.com\/der-nebel-sinkt\/#primaryimage"},"image":{"@id":"https:\/\/andersen-storm.com\/der-nebel-sinkt\/#primaryimage"},"thumbnailUrl":"https:\/\/andersen-storm.com\/wp-content\/uploads\/2024\/07\/file-h72BLQE8ZuxO8h9OaSkf93Hb-585x1024.jpg","datePublished":"2024-07-07T17:35:43+00:00","dateModified":"2024-07-08T11:47:53+00:00","breadcrumb":{"@id":"https:\/\/andersen-storm.com\/der-nebel-sinkt\/#breadcrumb"},"inLanguage":"de","potentialAction":[{"@type":"ReadAction","target":["https:\/\/andersen-storm.com\/der-nebel-sinkt\/"]}]},{"@type":"ImageObject","inLanguage":"de","@id":"https:\/\/andersen-storm.com\/der-nebel-sinkt\/#primaryimage","url":"https:\/\/andersen-storm.com\/wp-content\/uploads\/2024\/07\/file-h72BLQE8ZuxO8h9OaSkf93Hb-585x1024.jpg","contentUrl":"https:\/\/andersen-storm.com\/wp-content\/uploads\/2024\/07\/file-h72BLQE8ZuxO8h9OaSkf93Hb-585x1024.jpg"},{"@type":"BreadcrumbList","@id":"https:\/\/andersen-storm.com\/der-nebel-sinkt\/#breadcrumb","itemListElement":[{"@type":"ListItem","position":1,"name":"Startseite","item":"https:\/\/andersen-storm.com\/"},{"@type":"ListItem","position":2,"name":"Der Nebel Sinkt"}]},{"@type":"WebSite","@id":"https:\/\/andersen-storm.com\/#website","url":"https:\/\/andersen-storm.com\/","name":"{:en}Andersen Storm{:}{:de}Andersen Storm{:}","description":"My Music \u2022 K\u00fcnstlerwebsite","publisher":{"@id":"https:\/\/andersen-storm.com\/#\/schema\/person\/e0b5c824d9b0479c8df4d0acaf5ee1a0"},"potentialAction":[{"@type":"SearchAction","target":{"@type":"EntryPoint","urlTemplate":"https:\/\/andersen-storm.com\/?s={search_term_string}"},"query-input":{"@type":"PropertyValueSpecification","valueRequired":true,"valueName":"search_term_string"}}],"inLanguage":"de"},{"@type":["Person","Organization"],"@id":"https:\/\/andersen-storm.com\/#\/schema\/person\/e0b5c824d9b0479c8df4d0acaf5ee1a0","name":"Andersen","image":{"@type":"ImageObject","inLanguage":"de","@id":"https:\/\/andersen-storm.com\/wp-content\/uploads\/2025\/08\/20250806_161303.jpg","url":"https:\/\/andersen-storm.com\/wp-content\/uploads\/2025\/08\/20250806_161303.jpg","contentUrl":"https:\/\/andersen-storm.com\/wp-content\/uploads\/2025\/08\/20250806_161303.jpg","width":1080,"height":1079,"caption":"Andersen"},"logo":{"@id":"https:\/\/andersen-storm.com\/wp-content\/uploads\/2025\/08\/20250806_161303.jpg"},"sameAs":["https:\/\/andersenstorm.com"]}]}},"_links":{"self":[{"href":"https:\/\/andersen-storm.com\/de\/wp-json\/wp\/v2\/pages\/1642","targetHints":{"allow":["GET"]}}],"collection":[{"href":"https:\/\/andersen-storm.com\/de\/wp-json\/wp\/v2\/pages"}],"about":[{"href":"https:\/\/andersen-storm.com\/de\/wp-json\/wp\/v2\/types\/page"}],"author":[{"embeddable":true,"href":"https:\/\/andersen-storm.com\/de\/wp-json\/wp\/v2\/users\/1"}],"replies":[{"embeddable":true,"href":"https:\/\/andersen-storm.com\/de\/wp-json\/wp\/v2\/comments?post=1642"}],"version-history":[{"count":2,"href":"https:\/\/andersen-storm.com\/de\/wp-json\/wp\/v2\/pages\/1642\/revisions"}],"predecessor-version":[{"id":1676,"href":"https:\/\/andersen-storm.com\/de\/wp-json\/wp\/v2\/pages\/1642\/revisions\/1676"}],"wp:attachment":[{"href":"https:\/\/andersen-storm.com\/de\/wp-json\/wp\/v2\/media?parent=1642"}],"curies":[{"name":"wp","href":"https:\/\/api.w.org\/{rel}","templated":true}]}}