{"id":2045,"date":"2025-05-20T15:16:55","date_gmt":"2025-05-20T13:16:55","guid":{"rendered":"https:\/\/andersen-storm.com\/?page_id=2045"},"modified":"2026-05-07T20:35:17","modified_gmt":"2026-05-07T18:35:17","slug":"ostwind","status":"publish","type":"page","link":"https:\/\/andersen-storm.com\/de\/ostwind\/","title":{"rendered":"Ostwind"},"content":{"rendered":"\n<p><strong>Ostwind by Andersen Storm, \u00a9 2025<\/strong><\/p>\n\n\n\n<p>Mit dem Wind kam ein Fl\u00fcstern.<br>Ein Schrei flog dem Sturm voraus.<br>Die Dunkelheit schluckte das Meer.<br>Wei\u00dfe Gischtkronen lugten heraus.<br><\/p>\n\n\n\n<p>Der Ostwind schickt die Reiter<br>Sie br\u00fcllen wie ein Tier<br>Und tanzen auf dem Wasser<br>\u00dcber mir.<br><\/p>\n\n\n\n<p>Ich h\u00e4tte nicht rausschwimmen sollen.<br>Nicht lechzen und sehen danach<br>Dein kleines Haus dort am Meer<br>Ist eh nur kalt und leer.<br><\/p>\n\n\n\n<p>Kalt und leer.<\/p>\n\n\n\n<div class=\"wp-block-buttons is-layout-flex wp-block-buttons-is-layout-flex\">\n<div class=\"wp-block-button\"><a class=\"wp-block-button__link wp-element-button\" href=\"https:\/\/listen.music-hub.com\/o5lvlU\" target=\"_blank\" rel=\"noreferrer noopener\">Jetzt anh\u00f6ren<\/a><\/div>\n<\/div>\n\n\n\n<p>Der Seemann der mich fand<br>Gab mir trockene Sachen und Tee<br>Erz\u00e4hlte Schauergeschichten<br>Von den Monstern von Wind und See.<br><\/p>\n\n\n\n<p>Die K\u00fcstenwache war baff.<br>Warum tut sich das jemand an?<br>Ich h\u00e4tte den Mund halten sollen.<br>Hab Schlimmeres schon getan.<br><\/p>\n\n\n\n<p>Der Ostwind schickt die Reiter.<br>Sie br\u00fcllen wie ein Tier.<br>Und treiben einen Sturm<br>Direkt hin zu dir.<br><\/p>\n\n\n\n<p>Ich war nicht auf Rettung aus<br>Wollt so tief sinken wie du<br>Dein kleines Ostk\u00fcstenhaus<br>Riss ich aus dem Herz mir raus<br><\/p>\n\n\n\n<p>Mein Herz ist mit den Reitern.<br>Sie br\u00fcllen wie ein Tier.<br>Und treiben einen Sturm<br>Direkt hin zu dir.<br><\/p>\n\n\n\n<p>Ich war nicht auf Rettung aus<br>Wollt so tief sinken wie du<br>Dein kleines Ostk\u00fcstenhaus<br>Riss ich aus dem Herz mir raus<br><\/p>\n\n\n\n<p>Schon lang aus dem Herz mir raus.<br><\/p>\n\n\n\n<hr class=\"wp-block-separator has-alpha-channel-opacity\"\/>\n\n\n\n<p><strong>Kommentar per Email (anonymisiert):<\/strong><br><em>&#8222;Das Lied Ostwind gef\u00e4llt uns beiden sehr gut. Die Stimmung des Bildes hast du musikalisch gut r\u00fcber gebracht. Du m\u00f6chtest aber sicher h\u00f6ren, was mir einf\u00e4llt, wenn ich das Lied h\u00f6re. Ostwind ist immer Bewegung und\u00a0\u00a0st\u00fcrmisch. Aufbrechen zu etwas Neuem und das Alte hinter sich lassen. Obwohl man eigentlich,\u00a0nicht lang geplant, ein neues Ziel ansteuern wollte. Wind kam auf und damit Ver\u00e4nderung.\u00a0Es naht Rettung und es wird gut. Ein kurzer Blick zur\u00fcck. Nein, nicht mehr zur\u00fcckschauen. Es muss weiter vorw\u00e4rts gehen. Weiter, immer weiter.&#8220;<\/em><\/p>\n\n\n\n<p><\/p>\n","protected":false},"excerpt":{"rendered":"<p>Ostwind by Andersen Storm, \u00a9 2025 Mit dem Wind kam ein Fl\u00fcstern.Ein Schrei flog dem Sturm voraus.Die Dunkelheit schluckte das Meer.Wei\u00dfe Gischtkronen lugten heraus. Der Ostwind schickt die ReiterSie br\u00fcllen wie ein TierUnd tanzen auf dem Wasser\u00dcber mir. Ich h\u00e4tte nicht rausschwimmen sollen.Nicht lechzen und sehen danachDein kleines Haus dort am MeerIst eh nur kalt&hellip; <a class=\"more-link\" href=\"https:\/\/andersen-storm.com\/de\/ostwind\/\"><span class=\"screen-reader-text\">Ostwind<\/span> weiterlesen<\/a><\/p>\n","protected":false},"author":1,"featured_media":2215,"parent":0,"menu_order":0,"comment_status":"closed","ping_status":"closed","template":"","meta":{"footnotes":"","_links_to":"","_links_to_target":""},"class_list":["post-2045","page","type-page","status-publish","has-post-thumbnail","hentry","entry"],"translation":{"provider":"WPGlobus","version":"3.0.2","language":"de","enabled_languages":["en","de"],"languages":{"en":{"title":true,"content":true,"excerpt":false},"de":{"title":true,"content":true,"excerpt":false}}},"yoast_head":"<!-- This site is optimized with the Yoast SEO plugin v27.6 - https:\/\/yoast.com\/product\/yoast-seo-wordpress\/ -->\n<title>East Wind \/ Ostwind | Song by Andersen Storm<\/title>\n<meta name=\"description\" content=\"Mit dem Wind kam ein Fl\u00fcstern. Ein Schrei flog dem Sturm voraus ... Der Ostwind schickt die Reiter... Songlyric by Andersen Storm\" \/>\n<meta name=\"robots\" content=\"index, follow, max-snippet:-1, max-image-preview:large, max-video-preview:-1\" \/>\n<link rel=\"canonical\" href=\"https:\/\/andersen-storm.com\/ostwind\/\" \/>\n<meta property=\"og:locale\" content=\"de_DE\" \/>\n<meta property=\"og:type\" content=\"article\" \/>\n<meta property=\"og:title\" content=\"East Wind \/ Ostwind | Song by Andersen Storm\" \/>\n<meta property=\"og:description\" content=\"Mit dem Wind kam ein Fl\u00fcstern. Ein Schrei flog dem Sturm voraus ... Der Ostwind schickt die Reiter... Songlyric by Andersen Storm\" \/>\n<meta property=\"og:url\" content=\"https:\/\/andersen-storm.com\/ostwind\/\" \/>\n<meta property=\"og:site_name\" content=\"Andersen Storm\" \/>\n<meta property=\"article:modified_time\" content=\"2026-05-07T18:35:17+00:00\" \/>\n<meta property=\"og:image\" content=\"https:\/\/andersen-storm.com\/wp-content\/uploads\/2026\/05\/Ostwind.jpg\" \/>\n\t<meta property=\"og:image:width\" content=\"1024\" \/>\n\t<meta property=\"og:image:height\" content=\"1024\" \/>\n\t<meta property=\"og:image:type\" content=\"image\/jpeg\" \/>\n<meta name=\"twitter:card\" content=\"summary_large_image\" \/>\n<meta name=\"twitter:label1\" content=\"Gesch\u00e4tzte Lesezeit\" \/>\n\t<meta name=\"twitter:data1\" content=\"2\u00a0Minuten\" \/>\n<script type=\"application\/ld+json\" class=\"yoast-schema-graph\">{\"@context\":\"https:\\\/\\\/schema.org\",\"@graph\":[{\"@type\":\"WebPage\",\"@id\":\"https:\\\/\\\/andersen-storm.com\\\/ostwind\\\/\",\"url\":\"https:\\\/\\\/andersen-storm.com\\\/ostwind\\\/\",\"name\":\"East Wind \\\/ Ostwind | Song by Andersen Storm\",\"isPartOf\":{\"@id\":\"https:\\\/\\\/andersen-storm.com\\\/#website\"},\"primaryImageOfPage\":{\"@id\":\"https:\\\/\\\/andersen-storm.com\\\/ostwind\\\/#primaryimage\"},\"image\":{\"@id\":\"https:\\\/\\\/andersen-storm.com\\\/ostwind\\\/#primaryimage\"},\"thumbnailUrl\":\"https:\\\/\\\/andersen-storm.com\\\/wp-content\\\/uploads\\\/2026\\\/05\\\/Ostwind.jpg\",\"datePublished\":\"2025-05-20T13:16:55+00:00\",\"dateModified\":\"2026-05-07T18:35:17+00:00\",\"description\":\"Mit dem Wind kam ein Fl\u00fcstern. Ein Schrei flog dem Sturm voraus ... Der Ostwind schickt die Reiter... Songlyric by Andersen Storm\",\"breadcrumb\":{\"@id\":\"https:\\\/\\\/andersen-storm.com\\\/ostwind\\\/#breadcrumb\"},\"inLanguage\":\"de\",\"potentialAction\":[{\"@type\":\"ReadAction\",\"target\":[\"https:\\\/\\\/andersen-storm.com\\\/ostwind\\\/\"]}]},{\"@type\":\"ImageObject\",\"inLanguage\":\"de\",\"@id\":\"https:\\\/\\\/andersen-storm.com\\\/ostwind\\\/#primaryimage\",\"url\":\"https:\\\/\\\/andersen-storm.com\\\/wp-content\\\/uploads\\\/2026\\\/05\\\/Ostwind.jpg\",\"contentUrl\":\"https:\\\/\\\/andersen-storm.com\\\/wp-content\\\/uploads\\\/2026\\\/05\\\/Ostwind.jpg\",\"width\":1024,\"height\":1024,\"caption\":\"Ostwind, AlBum Klarkommen, \u00a9 2024 Andersen Storm\"},{\"@type\":\"BreadcrumbList\",\"@id\":\"https:\\\/\\\/andersen-storm.com\\\/ostwind\\\/#breadcrumb\",\"itemListElement\":[{\"@type\":\"ListItem\",\"position\":1,\"name\":\"Startseite\",\"item\":\"https:\\\/\\\/andersen-storm.com\\\/\"},{\"@type\":\"ListItem\",\"position\":2,\"name\":\"Ostwind\"}]},{\"@type\":\"WebSite\",\"@id\":\"https:\\\/\\\/andersen-storm.com\\\/#website\",\"url\":\"https:\\\/\\\/andersen-storm.com\\\/\",\"name\":\"{:en}Andersen Storm{:}{:de}Andersen Storm{:}\",\"description\":\"My Music \u2022 K\u00fcnstlerwebsite\",\"publisher\":{\"@id\":\"https:\\\/\\\/andersen-storm.com\\\/#\\\/schema\\\/person\\\/e0b5c824d9b0479c8df4d0acaf5ee1a0\"},\"potentialAction\":[{\"@type\":\"SearchAction\",\"target\":{\"@type\":\"EntryPoint\",\"urlTemplate\":\"https:\\\/\\\/andersen-storm.com\\\/?s={search_term_string}\"},\"query-input\":{\"@type\":\"PropertyValueSpecification\",\"valueRequired\":true,\"valueName\":\"search_term_string\"}}],\"inLanguage\":\"de\"},{\"@type\":[\"Person\",\"Organization\"],\"@id\":\"https:\\\/\\\/andersen-storm.com\\\/#\\\/schema\\\/person\\\/e0b5c824d9b0479c8df4d0acaf5ee1a0\",\"name\":\"Andersen\",\"image\":{\"@type\":\"ImageObject\",\"inLanguage\":\"de\",\"@id\":\"https:\\\/\\\/andersen-storm.com\\\/wp-content\\\/uploads\\\/2025\\\/08\\\/20250806_161303.jpg\",\"url\":\"https:\\\/\\\/andersen-storm.com\\\/wp-content\\\/uploads\\\/2025\\\/08\\\/20250806_161303.jpg\",\"contentUrl\":\"https:\\\/\\\/andersen-storm.com\\\/wp-content\\\/uploads\\\/2025\\\/08\\\/20250806_161303.jpg\",\"width\":1080,\"height\":1079,\"caption\":\"Andersen\"},\"logo\":{\"@id\":\"https:\\\/\\\/andersen-storm.com\\\/wp-content\\\/uploads\\\/2025\\\/08\\\/20250806_161303.jpg\"},\"sameAs\":[\"https:\\\/\\\/andersenstorm.com\"]}]}<\/script>\n<!-- \/ Yoast SEO plugin. -->","yoast_head_json":{"title":"East Wind \/ Ostwind | Song by Andersen Storm","description":"Mit dem Wind kam ein Fl\u00fcstern. Ein Schrei flog dem Sturm voraus ... Der Ostwind schickt die Reiter... Songlyric by Andersen Storm","robots":{"index":"index","follow":"follow","max-snippet":"max-snippet:-1","max-image-preview":"max-image-preview:large","max-video-preview":"max-video-preview:-1"},"canonical":"https:\/\/andersen-storm.com\/ostwind\/","og_locale":"de_DE","og_type":"article","og_title":"East Wind \/ Ostwind | Song by Andersen Storm","og_description":"Mit dem Wind kam ein Fl\u00fcstern. Ein Schrei flog dem Sturm voraus ... Der Ostwind schickt die Reiter... Songlyric by Andersen Storm","og_url":"https:\/\/andersen-storm.com\/ostwind\/","og_site_name":"Andersen Storm","article_modified_time":"2026-05-07T18:35:17+00:00","og_image":[{"width":1024,"height":1024,"url":"https:\/\/andersen-storm.com\/wp-content\/uploads\/2026\/05\/Ostwind.jpg","type":"image\/jpeg"}],"twitter_card":"summary_large_image","twitter_misc":{"Gesch\u00e4tzte Lesezeit":"2\u00a0Minuten"},"schema":{"@context":"https:\/\/schema.org","@graph":[{"@type":"WebPage","@id":"https:\/\/andersen-storm.com\/ostwind\/","url":"https:\/\/andersen-storm.com\/ostwind\/","name":"East Wind \/ Ostwind | Song by Andersen Storm","isPartOf":{"@id":"https:\/\/andersen-storm.com\/#website"},"primaryImageOfPage":{"@id":"https:\/\/andersen-storm.com\/ostwind\/#primaryimage"},"image":{"@id":"https:\/\/andersen-storm.com\/ostwind\/#primaryimage"},"thumbnailUrl":"https:\/\/andersen-storm.com\/wp-content\/uploads\/2026\/05\/Ostwind.jpg","datePublished":"2025-05-20T13:16:55+00:00","dateModified":"2026-05-07T18:35:17+00:00","description":"Mit dem Wind kam ein Fl\u00fcstern. Ein Schrei flog dem Sturm voraus ... Der Ostwind schickt die Reiter... Songlyric by Andersen Storm","breadcrumb":{"@id":"https:\/\/andersen-storm.com\/ostwind\/#breadcrumb"},"inLanguage":"de","potentialAction":[{"@type":"ReadAction","target":["https:\/\/andersen-storm.com\/ostwind\/"]}]},{"@type":"ImageObject","inLanguage":"de","@id":"https:\/\/andersen-storm.com\/ostwind\/#primaryimage","url":"https:\/\/andersen-storm.com\/wp-content\/uploads\/2026\/05\/Ostwind.jpg","contentUrl":"https:\/\/andersen-storm.com\/wp-content\/uploads\/2026\/05\/Ostwind.jpg","width":1024,"height":1024,"caption":"Ostwind, AlBum Klarkommen, \u00a9 2024 Andersen Storm"},{"@type":"BreadcrumbList","@id":"https:\/\/andersen-storm.com\/ostwind\/#breadcrumb","itemListElement":[{"@type":"ListItem","position":1,"name":"Startseite","item":"https:\/\/andersen-storm.com\/"},{"@type":"ListItem","position":2,"name":"Ostwind"}]},{"@type":"WebSite","@id":"https:\/\/andersen-storm.com\/#website","url":"https:\/\/andersen-storm.com\/","name":"{:en}Andersen Storm{:}{:de}Andersen Storm{:}","description":"My Music \u2022 K\u00fcnstlerwebsite","publisher":{"@id":"https:\/\/andersen-storm.com\/#\/schema\/person\/e0b5c824d9b0479c8df4d0acaf5ee1a0"},"potentialAction":[{"@type":"SearchAction","target":{"@type":"EntryPoint","urlTemplate":"https:\/\/andersen-storm.com\/?s={search_term_string}"},"query-input":{"@type":"PropertyValueSpecification","valueRequired":true,"valueName":"search_term_string"}}],"inLanguage":"de"},{"@type":["Person","Organization"],"@id":"https:\/\/andersen-storm.com\/#\/schema\/person\/e0b5c824d9b0479c8df4d0acaf5ee1a0","name":"Andersen","image":{"@type":"ImageObject","inLanguage":"de","@id":"https:\/\/andersen-storm.com\/wp-content\/uploads\/2025\/08\/20250806_161303.jpg","url":"https:\/\/andersen-storm.com\/wp-content\/uploads\/2025\/08\/20250806_161303.jpg","contentUrl":"https:\/\/andersen-storm.com\/wp-content\/uploads\/2025\/08\/20250806_161303.jpg","width":1080,"height":1079,"caption":"Andersen"},"logo":{"@id":"https:\/\/andersen-storm.com\/wp-content\/uploads\/2025\/08\/20250806_161303.jpg"},"sameAs":["https:\/\/andersenstorm.com"]}]}},"_links":{"self":[{"href":"https:\/\/andersen-storm.com\/de\/wp-json\/wp\/v2\/pages\/2045","targetHints":{"allow":["GET"]}}],"collection":[{"href":"https:\/\/andersen-storm.com\/de\/wp-json\/wp\/v2\/pages"}],"about":[{"href":"https:\/\/andersen-storm.com\/de\/wp-json\/wp\/v2\/types\/page"}],"author":[{"embeddable":true,"href":"https:\/\/andersen-storm.com\/de\/wp-json\/wp\/v2\/users\/1"}],"replies":[{"embeddable":true,"href":"https:\/\/andersen-storm.com\/de\/wp-json\/wp\/v2\/comments?post=2045"}],"version-history":[{"count":4,"href":"https:\/\/andersen-storm.com\/de\/wp-json\/wp\/v2\/pages\/2045\/revisions"}],"predecessor-version":[{"id":2099,"href":"https:\/\/andersen-storm.com\/de\/wp-json\/wp\/v2\/pages\/2045\/revisions\/2099"}],"wp:featuredmedia":[{"embeddable":true,"href":"https:\/\/andersen-storm.com\/de\/wp-json\/wp\/v2\/media\/2215"}],"wp:attachment":[{"href":"https:\/\/andersen-storm.com\/de\/wp-json\/wp\/v2\/media?parent=2045"}],"curies":[{"name":"wp","href":"https:\/\/api.w.org\/{rel}","templated":true}]}}