{"id":229,"date":"2020-08-24T19:23:23","date_gmt":"2020-08-24T17:23:23","guid":{"rendered":"https:\/\/andersen-storm.com\/?page_id=229"},"modified":"2025-09-25T11:22:30","modified_gmt":"2025-09-25T09:22:30","slug":"bio","status":"publish","type":"page","link":"https:\/\/andersen-storm.com\/de\/bio\/","title":{"rendered":"Bio"},"content":{"rendered":"\n<hr class=\"wp-block-separator has-css-opacity is-style-wide\"\/>\n\n\n\n<p><strong>Andersen Storm<\/strong> ist interdisziplin\u00e4rer K\u00fcnstler, Autor, Essayist, Musiker und <a href=\"https:\/\/andersenstorm.com\/andersen-storm-musik-fuer-buehne-film-und-resonanz\/\" target=\"_blank\" rel=\"noreferrer noopener\">Composer<\/a>. Seine Arbeiten bewegen sich im Spannungsfeld zwischen Sprache, Klang und k\u00fcnstlerischem Denken \u2013 oft an der Schnittstelle von Poetik, Philosophie und gesellschaftlicher Reflexion.<\/p>\n\n\n\n<p>In seinen Texten, Alben und Performances verbindet er literarische und musikalische Ausdrucksformen mit essayistischen Zug\u00e4ngen. Er ver\u00f6ffentlichte zwei deutschsprachige Musik-Alben, war einer der fr\u00fchen Podcaster der 2000er-Jahre mit rund 500 Episoden und wirkte \u00fcber viele Jahre aktiv auf verschiedenen Leseb\u00fchnen in Schwerin.<\/p>\n\n\n\n<p>Nach T\u00e4tigkeiten im Kulturjournalismus und in der politischen Kommunikation (u.\u202fa. in den Landespolitikbereichen Jugend und Medienbildung) verlagert sich sein Fokus seit dem Umzug in die N\u00e4he von Leipzig auf eine k\u00fcnstlerisch konzentrierte Praxis.<\/p>\n\n\n\n<p>Aktuell arbeitet Andersen Storm an crossmedialen Kunst- und Kulturprojekten wie <em>Kultursalons<\/em> oder <em>K\u00e4pt\u2019n Ole Nebel<\/em>, das Erz\u00e4hlung, B\u00fchnenfigur, Musik und Zeitdiagnostik zusammenf\u00fchrt. Parallel entwickelt er <strong>menschundkultur.de<\/strong> als digitalen Raum f\u00fcr Texte, Ton und \u00f6ffentliche Denkbewegungen.<\/p>\n\n\n\n<p>Er lebt und arbeitet in Markkleeberg bei Leipzig.<\/p>\n\n\n\n<p>\u00a9 andersen-storm.com 2025<\/p>\n\n\n<div class=\"wp-block-image is-style-rounded\">\n<figure class=\"aligncenter size-large is-resized\"><img loading=\"lazy\" decoding=\"async\" width=\"1024\" height=\"1024\" src=\"https:\/\/andersen-storm.com\/wp-content\/uploads\/2021\/04\/20210402_session_spotify_profile_4_3000px-1024x1024.jpg\" alt=\"\" class=\"wp-image-1015\" style=\"width:126px;height:126px\" srcset=\"https:\/\/andersen-storm.com\/wp-content\/uploads\/2021\/04\/20210402_session_spotify_profile_4_3000px-1024x1024.jpg 1024w, https:\/\/andersen-storm.com\/wp-content\/uploads\/2021\/04\/20210402_session_spotify_profile_4_3000px-300x300.jpg 300w, https:\/\/andersen-storm.com\/wp-content\/uploads\/2021\/04\/20210402_session_spotify_profile_4_3000px-150x150.jpg 150w, https:\/\/andersen-storm.com\/wp-content\/uploads\/2021\/04\/20210402_session_spotify_profile_4_3000px-768x768.jpg 768w, https:\/\/andersen-storm.com\/wp-content\/uploads\/2021\/04\/20210402_session_spotify_profile_4_3000px-1536x1536.jpg 1536w, https:\/\/andersen-storm.com\/wp-content\/uploads\/2021\/04\/20210402_session_spotify_profile_4_3000px-2048x2048.jpg 2048w, https:\/\/andersen-storm.com\/wp-content\/uploads\/2021\/04\/20210402_session_spotify_profile_4_3000px-1200x1200.jpg 1200w, https:\/\/andersen-storm.com\/wp-content\/uploads\/2021\/04\/20210402_session_spotify_profile_4_3000px-1980x1980.jpg 1980w, https:\/\/andersen-storm.com\/wp-content\/uploads\/2021\/04\/20210402_session_spotify_profile_4_3000px-450x450.jpg 450w, https:\/\/andersen-storm.com\/wp-content\/uploads\/2021\/04\/20210402_session_spotify_profile_4_3000px-600x600.jpg 600w, https:\/\/andersen-storm.com\/wp-content\/uploads\/2021\/04\/20210402_session_spotify_profile_4_3000px-100x100.jpg 100w, https:\/\/andersen-storm.com\/wp-content\/uploads\/2021\/04\/20210402_session_spotify_profile_4_3000px-60x60.jpg 60w, https:\/\/andersen-storm.com\/wp-content\/uploads\/2021\/04\/20210402_session_spotify_profile_4_3000px-90x90.jpg 90w\" sizes=\"auto, (max-width: 1024px) 100vw, 1024px\" \/><\/figure>\n<\/div>","protected":false},"excerpt":{"rendered":"<p>Andersen Storm ist interdisziplin\u00e4rer K\u00fcnstler, Autor, Essayist, Musiker und Composer. Seine Arbeiten bewegen sich im Spannungsfeld zwischen Sprache, Klang und k\u00fcnstlerischem Denken \u2013 oft an der Schnittstelle von Poetik, Philosophie und gesellschaftlicher Reflexion. In seinen Texten, Alben und Performances verbindet er literarische und musikalische Ausdrucksformen mit essayistischen Zug\u00e4ngen. Er ver\u00f6ffentlichte zwei deutschsprachige Musik-Alben, war einer&hellip; <a class=\"more-link\" href=\"https:\/\/andersen-storm.com\/de\/bio\/\"><span class=\"screen-reader-text\">Bio<\/span> weiterlesen<\/a><\/p>\n","protected":false},"author":1,"featured_media":1012,"parent":0,"menu_order":0,"comment_status":"closed","ping_status":"closed","template":"","meta":{"footnotes":"","_links_to":"","_links_to_target":""},"class_list":["post-229","page","type-page","status-publish","has-post-thumbnail","hentry","entry"],"translation":{"provider":"WPGlobus","version":"3.0.2","language":"de","enabled_languages":["en","de"],"languages":{"en":{"title":true,"content":true,"excerpt":false},"de":{"title":true,"content":true,"excerpt":false}}},"yoast_head":"<!-- This site is optimized with the Yoast SEO plugin v27.4 - https:\/\/yoast.com\/product\/yoast-seo-wordpress\/ -->\n<title>Bio - Andersen Storm<\/title>\n<meta name=\"robots\" content=\"index, follow, max-snippet:-1, max-image-preview:large, max-video-preview:-1\" \/>\n<link rel=\"canonical\" href=\"https:\/\/andersen-storm.com\/bio\/\" \/>\n<meta property=\"og:locale\" content=\"de_DE\" \/>\n<meta property=\"og:type\" content=\"article\" \/>\n<meta property=\"og:title\" content=\"Bio - Andersen Storm\" \/>\n<meta property=\"og:url\" content=\"https:\/\/andersen-storm.com\/bio\/\" \/>\n<meta property=\"og:site_name\" content=\"Andersen Storm\" \/>\n<meta property=\"article:modified_time\" content=\"2025-09-25T09:22:30+00:00\" \/>\n<meta property=\"og:image\" content=\"https:\/\/andersen-storm.com\/wp-content\/uploads\/2021\/04\/20210402_session_spotify_header-scaled-e1617707742347.jpg\" \/>\n\t<meta property=\"og:image:width\" content=\"1920\" \/>\n\t<meta property=\"og:image:height\" content=\"823\" \/>\n\t<meta property=\"og:image:type\" content=\"image\/jpeg\" \/>\n<meta name=\"twitter:card\" content=\"summary_large_image\" \/>\n<meta name=\"twitter:label1\" content=\"Gesch\u00e4tzte Lesezeit\" \/>\n\t<meta name=\"twitter:data1\" content=\"2\u00a0Minuten\" \/>\n<script type=\"application\/ld+json\" class=\"yoast-schema-graph\">{\"@context\":\"https:\\\/\\\/schema.org\",\"@graph\":[{\"@type\":\"WebPage\",\"@id\":\"https:\\\/\\\/andersen-storm.com\\\/bio\\\/\",\"url\":\"https:\\\/\\\/andersen-storm.com\\\/bio\\\/\",\"name\":\"Bio - Andersen Storm\",\"isPartOf\":{\"@id\":\"https:\\\/\\\/andersen-storm.com\\\/#website\"},\"primaryImageOfPage\":{\"@id\":\"https:\\\/\\\/andersen-storm.com\\\/bio\\\/#primaryimage\"},\"image\":{\"@id\":\"https:\\\/\\\/andersen-storm.com\\\/bio\\\/#primaryimage\"},\"thumbnailUrl\":\"https:\\\/\\\/andersen-storm.com\\\/wp-content\\\/uploads\\\/2021\\\/04\\\/20210402_session_spotify_header-scaled-e1617707742347.jpg\",\"datePublished\":\"2020-08-24T17:23:23+00:00\",\"dateModified\":\"2025-09-25T09:22:30+00:00\",\"breadcrumb\":{\"@id\":\"https:\\\/\\\/andersen-storm.com\\\/bio\\\/#breadcrumb\"},\"inLanguage\":\"de\",\"potentialAction\":[{\"@type\":\"ReadAction\",\"target\":[\"https:\\\/\\\/andersen-storm.com\\\/bio\\\/\"]}]},{\"@type\":\"ImageObject\",\"inLanguage\":\"de\",\"@id\":\"https:\\\/\\\/andersen-storm.com\\\/bio\\\/#primaryimage\",\"url\":\"https:\\\/\\\/andersen-storm.com\\\/wp-content\\\/uploads\\\/2021\\\/04\\\/20210402_session_spotify_header-scaled-e1617707742347.jpg\",\"contentUrl\":\"https:\\\/\\\/andersen-storm.com\\\/wp-content\\\/uploads\\\/2021\\\/04\\\/20210402_session_spotify_header-scaled-e1617707742347.jpg\",\"width\":1920,\"height\":823},{\"@type\":\"BreadcrumbList\",\"@id\":\"https:\\\/\\\/andersen-storm.com\\\/bio\\\/#breadcrumb\",\"itemListElement\":[{\"@type\":\"ListItem\",\"position\":1,\"name\":\"Startseite\",\"item\":\"https:\\\/\\\/andersen-storm.com\\\/\"},{\"@type\":\"ListItem\",\"position\":2,\"name\":\"Bio\"}]},{\"@type\":\"WebSite\",\"@id\":\"https:\\\/\\\/andersen-storm.com\\\/#website\",\"url\":\"https:\\\/\\\/andersen-storm.com\\\/\",\"name\":\"{:en}Andersen Storm{:}{:de}Andersen Storm{:}\",\"description\":\"My Music \u2022 K\u00fcnstlerwebsite\",\"publisher\":{\"@id\":\"https:\\\/\\\/andersen-storm.com\\\/#\\\/schema\\\/person\\\/e0b5c824d9b0479c8df4d0acaf5ee1a0\"},\"potentialAction\":[{\"@type\":\"SearchAction\",\"target\":{\"@type\":\"EntryPoint\",\"urlTemplate\":\"https:\\\/\\\/andersen-storm.com\\\/?s={search_term_string}\"},\"query-input\":{\"@type\":\"PropertyValueSpecification\",\"valueRequired\":true,\"valueName\":\"search_term_string\"}}],\"inLanguage\":\"de\"},{\"@type\":[\"Person\",\"Organization\"],\"@id\":\"https:\\\/\\\/andersen-storm.com\\\/#\\\/schema\\\/person\\\/e0b5c824d9b0479c8df4d0acaf5ee1a0\",\"name\":\"Andersen\",\"image\":{\"@type\":\"ImageObject\",\"inLanguage\":\"de\",\"@id\":\"https:\\\/\\\/andersen-storm.com\\\/wp-content\\\/uploads\\\/2025\\\/08\\\/20250806_161303.jpg\",\"url\":\"https:\\\/\\\/andersen-storm.com\\\/wp-content\\\/uploads\\\/2025\\\/08\\\/20250806_161303.jpg\",\"contentUrl\":\"https:\\\/\\\/andersen-storm.com\\\/wp-content\\\/uploads\\\/2025\\\/08\\\/20250806_161303.jpg\",\"width\":1080,\"height\":1079,\"caption\":\"Andersen\"},\"logo\":{\"@id\":\"https:\\\/\\\/andersen-storm.com\\\/wp-content\\\/uploads\\\/2025\\\/08\\\/20250806_161303.jpg\"},\"sameAs\":[\"https:\\\/\\\/andersenstorm.com\"]}]}<\/script>\n<!-- \/ Yoast SEO plugin. -->","yoast_head_json":{"title":"Bio - Andersen Storm","robots":{"index":"index","follow":"follow","max-snippet":"max-snippet:-1","max-image-preview":"max-image-preview:large","max-video-preview":"max-video-preview:-1"},"canonical":"https:\/\/andersen-storm.com\/bio\/","og_locale":"de_DE","og_type":"article","og_title":"Bio - Andersen Storm","og_url":"https:\/\/andersen-storm.com\/bio\/","og_site_name":"Andersen Storm","article_modified_time":"2025-09-25T09:22:30+00:00","og_image":[{"width":1920,"height":823,"url":"https:\/\/andersen-storm.com\/wp-content\/uploads\/2021\/04\/20210402_session_spotify_header-scaled-e1617707742347.jpg","type":"image\/jpeg"}],"twitter_card":"summary_large_image","twitter_misc":{"Gesch\u00e4tzte Lesezeit":"2\u00a0Minuten"},"schema":{"@context":"https:\/\/schema.org","@graph":[{"@type":"WebPage","@id":"https:\/\/andersen-storm.com\/bio\/","url":"https:\/\/andersen-storm.com\/bio\/","name":"Bio - Andersen Storm","isPartOf":{"@id":"https:\/\/andersen-storm.com\/#website"},"primaryImageOfPage":{"@id":"https:\/\/andersen-storm.com\/bio\/#primaryimage"},"image":{"@id":"https:\/\/andersen-storm.com\/bio\/#primaryimage"},"thumbnailUrl":"https:\/\/andersen-storm.com\/wp-content\/uploads\/2021\/04\/20210402_session_spotify_header-scaled-e1617707742347.jpg","datePublished":"2020-08-24T17:23:23+00:00","dateModified":"2025-09-25T09:22:30+00:00","breadcrumb":{"@id":"https:\/\/andersen-storm.com\/bio\/#breadcrumb"},"inLanguage":"de","potentialAction":[{"@type":"ReadAction","target":["https:\/\/andersen-storm.com\/bio\/"]}]},{"@type":"ImageObject","inLanguage":"de","@id":"https:\/\/andersen-storm.com\/bio\/#primaryimage","url":"https:\/\/andersen-storm.com\/wp-content\/uploads\/2021\/04\/20210402_session_spotify_header-scaled-e1617707742347.jpg","contentUrl":"https:\/\/andersen-storm.com\/wp-content\/uploads\/2021\/04\/20210402_session_spotify_header-scaled-e1617707742347.jpg","width":1920,"height":823},{"@type":"BreadcrumbList","@id":"https:\/\/andersen-storm.com\/bio\/#breadcrumb","itemListElement":[{"@type":"ListItem","position":1,"name":"Startseite","item":"https:\/\/andersen-storm.com\/"},{"@type":"ListItem","position":2,"name":"Bio"}]},{"@type":"WebSite","@id":"https:\/\/andersen-storm.com\/#website","url":"https:\/\/andersen-storm.com\/","name":"{:en}Andersen Storm{:}{:de}Andersen Storm{:}","description":"My Music \u2022 K\u00fcnstlerwebsite","publisher":{"@id":"https:\/\/andersen-storm.com\/#\/schema\/person\/e0b5c824d9b0479c8df4d0acaf5ee1a0"},"potentialAction":[{"@type":"SearchAction","target":{"@type":"EntryPoint","urlTemplate":"https:\/\/andersen-storm.com\/?s={search_term_string}"},"query-input":{"@type":"PropertyValueSpecification","valueRequired":true,"valueName":"search_term_string"}}],"inLanguage":"de"},{"@type":["Person","Organization"],"@id":"https:\/\/andersen-storm.com\/#\/schema\/person\/e0b5c824d9b0479c8df4d0acaf5ee1a0","name":"Andersen","image":{"@type":"ImageObject","inLanguage":"de","@id":"https:\/\/andersen-storm.com\/wp-content\/uploads\/2025\/08\/20250806_161303.jpg","url":"https:\/\/andersen-storm.com\/wp-content\/uploads\/2025\/08\/20250806_161303.jpg","contentUrl":"https:\/\/andersen-storm.com\/wp-content\/uploads\/2025\/08\/20250806_161303.jpg","width":1080,"height":1079,"caption":"Andersen"},"logo":{"@id":"https:\/\/andersen-storm.com\/wp-content\/uploads\/2025\/08\/20250806_161303.jpg"},"sameAs":["https:\/\/andersenstorm.com"]}]}},"_links":{"self":[{"href":"https:\/\/andersen-storm.com\/de\/wp-json\/wp\/v2\/pages\/229","targetHints":{"allow":["GET"]}}],"collection":[{"href":"https:\/\/andersen-storm.com\/de\/wp-json\/wp\/v2\/pages"}],"about":[{"href":"https:\/\/andersen-storm.com\/de\/wp-json\/wp\/v2\/types\/page"}],"author":[{"embeddable":true,"href":"https:\/\/andersen-storm.com\/de\/wp-json\/wp\/v2\/users\/1"}],"replies":[{"embeddable":true,"href":"https:\/\/andersen-storm.com\/de\/wp-json\/wp\/v2\/comments?post=229"}],"version-history":[{"count":10,"href":"https:\/\/andersen-storm.com\/de\/wp-json\/wp\/v2\/pages\/229\/revisions"}],"predecessor-version":[{"id":2113,"href":"https:\/\/andersen-storm.com\/de\/wp-json\/wp\/v2\/pages\/229\/revisions\/2113"}],"wp:featuredmedia":[{"embeddable":true,"href":"https:\/\/andersen-storm.com\/de\/wp-json\/wp\/v2\/media\/1012"}],"wp:attachment":[{"href":"https:\/\/andersen-storm.com\/de\/wp-json\/wp\/v2\/media?parent=229"}],"curies":[{"name":"wp","href":"https:\/\/api.w.org\/{rel}","templated":true}]}}