{"id":408,"date":"2020-12-04T11:57:16","date_gmt":"2020-12-04T10:57:16","guid":{"rendered":"https:\/\/andersen-storm.com\/?page_id=408"},"modified":"2021-04-08T10:29:21","modified_gmt":"2021-04-08T08:29:21","slug":"nu-nee-ist-klar","status":"publish","type":"page","link":"https:\/\/andersen-storm.com\/de\/nu-nee-ist-klar\/","title":{"rendered":"Nu Nee, Ist Klar"},"content":{"rendered":"\n<hr class=\"wp-block-separator is-style-wide\"\/>\n\n\n\n<div class=\"wp-block-buttons is-layout-flex wp-block-buttons-is-layout-flex\">\n<div class=\"wp-block-button\"><a class=\"wp-block-button__link\" href=\"\/de\/\" style=\"border-radius:20px\">Jetzt anh\u00f6ren<\/a><\/div>\n\n\n\n<div class=\"wp-block-button\"><a class=\"wp-block-button__link\" href=\"https:\/\/andersen-storm.com\/lyrics\/\" style=\"border-radius:20px\">Lyrics<\/a><\/div>\n\n\n\n<div class=\"wp-block-button\"><a class=\"wp-block-button__link\" style=\"border-radius:20px\">passende posts<\/a><\/div>\n\n\n\n<div class=\"wp-block-button\"><a class=\"wp-block-button__link\" style=\"border-radius:20px\">trivia<\/a><\/div>\n\n\n\n<div class=\"wp-block-button\"><a class=\"wp-block-button__link\" href=\"https:\/\/andersen-storm.com\/de\/music\/\" style=\"border-radius:20px\">Musik<\/a><\/div>\n<\/div>\n\n\n\n<h2 class=\"wp-block-heading\">Nu Nee, Ist Klar<\/h2>\n\n\n\n<p>Nu nee ist klar, das is&#8217;n Sommerhit.<br>Ist wunderbar so leicht und sanft.<br>Da zuckt das Twistbein, nimmt den Sommer mit, <br>mit&#8217;m Sommerhit auf&#8217;n Sommertrip.<br>So lang bis du tanzt.<\/p>\n\n\n\n<p>Du hast das Lied geh\u00f6rt irgendwo auf der Stra\u00dfe.<br>Es hat dir gleich gefall&#8217;n.<br>Es ist so freundlich und vergn\u00fcgt und macht Bock auf den Sommer.<br>Und so bringst du es allen.<\/p>\n\n\n\n<p>Nu nee ist klar, das is&#8217;n Sommerhit.<br>Ist wunderbar so leicht und sanft.<br>Da zuckt das Twistbein, nimmt den Sommer mit,<br>mit&#8217;m Sommerhit auf&#8217;n Sommertrip.<br>So lang bis du tanzt.<\/p>\n\n\n\n<p>Du hast das Lied geh\u00f6rt, bei deinem Lieblingssender.<br>Es hat dir gleich gefall&#8217;n.<br>Machst dir &#8217;n Klingelton daraus und verteilst den auf&#8217;m Schulhof.<br>Und so geh\u00f6rt es allen.<\/p>\n\n\n\n<p>Nu nee ist klar, das is&#8217;n Sommerhit.<br>Ist wunderbar so leicht und sanft.<br>Da zuckt das Twistbein, nimmt den Sommer mit,<br>mit&#8217;m Sommerhit auf&#8217;n Sommertrip.<br>So lang bis du tanzt<\/p>\n\n\n\n<p>Du hast das Lied geh\u00f6rt, gestern auf der Party.<br>Es hat dir gleich gefall&#8217;n.<br>Bringt gute Laune \u00fcbers Land und daf\u00fcr bist du bekannt,<br>und so bringst du es allen.<\/p>\n\n\n\n<p>Nu nee ist klar, das is&#8217;n Sommerhit.<br>Ist wunderbar so leicht und sanft.<br>Da zuckt das Twistbein, nimmt den Sommer mit,<br>mit&#8217;m Sommerhit auf&#8217;n Sommertrip.<br>So lang bis du tanzt.<\/p>\n\n\n\n<p>Nu nee ist klar, das is&#8217;n Sommerhit.<br>Ist wunderbar so leicht und sanft.<br>Da zuckt das Twistbein, nimmt den Sommer mit,<br>mit&#8217;m Sommerhit auf&#8217;n Sommertrip.<br>So lang bis du tanzt.<\/p>\n\n\n\n<p>Nu nee ist klar, das is&#8217;n Sommerhit.<br>Ist wunderbar so leicht und sanft.<br>Da zuckt das Twistbein, nimmt den Sommer mit,<br>mit&#8217;m Sommerhit auf&#8217;n Sommertrip.<br>So lang bis du tanzt.<\/p>\n\n\n\n<p><strong>\u00a9 Andersen Storm 2020, All rights reserved. Alle Rechte vorbehalten.<\/strong><\/p>\n\n\n\n<ul class=\"wp-block-list\"><li><a href=\"https:\/\/andersen-storm.com\/zuckerpuppe\/\" data-type=\"page\" data-id=\"936\">Zuckerpuppe<\/a><\/li><li><a href=\"https:\/\/andersen-storm.com\/keiner-weis-es\/\" data-type=\"page\" data-id=\"947\">Keiner wei\u00df es<\/a><\/li><li><a href=\"https:\/\/andersen-storm.com\/warten-zwei\/\" data-type=\"page\" data-id=\"951\">Warten zwei <\/a><\/li><li><a href=\"https:\/\/andersen-storm.com\/so-muss-das\/\" data-type=\"page\" data-id=\"957\">So muss das <\/a><\/li><li><a href=\"https:\/\/andersen-storm.com\/lass-dir-nichts-erzahlen\/\" data-type=\"page\" data-id=\"959\">Lass dir nichts erz\u00e4hlen<\/a><\/li><li><a href=\"https:\/\/andersen-storm.com\/warten-auf-mehr\/\" data-type=\"page\" data-id=\"961\">Warten auf mehr<\/a><\/li><li><a href=\"https:\/\/andersen-storm.com\/nu-nee-ist-klar\/\" data-type=\"page\" data-id=\"408\">Nu nee, ist klar (Album Version)<\/a><\/li><li><a href=\"https:\/\/andersen-storm.com\/meine-freundin\/\" data-type=\"page\" data-id=\"444\">Meine Freundin (Album Version)<\/a><\/li><\/ul>\n\n\n\n<hr class=\"wp-block-separator\"\/>\n\n\n\n\n","protected":false},"excerpt":{"rendered":"<p>Nu Nee, Ist Klar Nu nee ist klar, das is&#8217;n Sommerhit.Ist wunderbar so leicht und sanft.Da zuckt das Twistbein, nimmt den Sommer mit, mit&#8217;m Sommerhit auf&#8217;n Sommertrip.So lang bis du tanzt. Du hast das Lied geh\u00f6rt irgendwo auf der Stra\u00dfe.Es hat dir gleich gefall&#8217;n.Es ist so freundlich und vergn\u00fcgt und macht Bock auf den Sommer.Und&hellip; <a class=\"more-link\" href=\"https:\/\/andersen-storm.com\/de\/nu-nee-ist-klar\/\"><span class=\"screen-reader-text\">Nu Nee, Ist Klar<\/span> weiterlesen<\/a><\/p>\n","protected":false},"author":1,"featured_media":120,"parent":0,"menu_order":0,"comment_status":"closed","ping_status":"closed","template":"","meta":{"footnotes":"","_links_to":"","_links_to_target":""},"class_list":["post-408","page","type-page","status-publish","has-post-thumbnail","hentry","entry"],"translation":{"provider":"WPGlobus","version":"3.0.2","language":"de","enabled_languages":["en","de"],"languages":{"en":{"title":true,"content":true,"excerpt":false},"de":{"title":true,"content":true,"excerpt":false}}},"yoast_head":"<!-- This site is optimized with the Yoast SEO plugin v27.4 - https:\/\/yoast.com\/product\/yoast-seo-wordpress\/ -->\n<title>Nu Nee, Ist Klar - Andersen Storm<\/title>\n<meta name=\"robots\" content=\"index, follow, max-snippet:-1, max-image-preview:large, max-video-preview:-1\" \/>\n<link rel=\"canonical\" href=\"https:\/\/andersen-storm.com\/nu-nee-ist-klar\/\" \/>\n<meta property=\"og:locale\" content=\"de_DE\" \/>\n<meta property=\"og:type\" content=\"article\" \/>\n<meta property=\"og:title\" content=\"Nu Nee, Ist Klar - Andersen Storm\" \/>\n<meta property=\"og:url\" content=\"https:\/\/andersen-storm.com\/nu-nee-ist-klar\/\" \/>\n<meta property=\"og:site_name\" content=\"Andersen Storm\" \/>\n<meta property=\"article:modified_time\" content=\"2021-04-08T08:29:21+00:00\" \/>\n<meta property=\"og:image\" content=\"https:\/\/andersen-storm.com\/wp-content\/uploads\/2020\/08\/yesnomaybe_andersenstorm_cover_single.jpg\" \/>\n\t<meta property=\"og:image:width\" content=\"600\" \/>\n\t<meta property=\"og:image:height\" content=\"600\" \/>\n\t<meta property=\"og:image:type\" content=\"image\/jpeg\" \/>\n<meta name=\"twitter:card\" content=\"summary_large_image\" \/>\n<meta name=\"twitter:label1\" content=\"Gesch\u00e4tzte Lesezeit\" \/>\n\t<meta name=\"twitter:data1\" content=\"3\u00a0Minuten\" \/>\n<script type=\"application\/ld+json\" class=\"yoast-schema-graph\">{\"@context\":\"https:\\\/\\\/schema.org\",\"@graph\":[{\"@type\":\"WebPage\",\"@id\":\"https:\\\/\\\/andersen-storm.com\\\/nu-nee-ist-klar\\\/\",\"url\":\"https:\\\/\\\/andersen-storm.com\\\/nu-nee-ist-klar\\\/\",\"name\":\"Nu Nee, Ist Klar - Andersen Storm\",\"isPartOf\":{\"@id\":\"https:\\\/\\\/andersen-storm.com\\\/#website\"},\"primaryImageOfPage\":{\"@id\":\"https:\\\/\\\/andersen-storm.com\\\/nu-nee-ist-klar\\\/#primaryimage\"},\"image\":{\"@id\":\"https:\\\/\\\/andersen-storm.com\\\/nu-nee-ist-klar\\\/#primaryimage\"},\"thumbnailUrl\":\"https:\\\/\\\/andersen-storm.com\\\/wp-content\\\/uploads\\\/2020\\\/08\\\/yesnomaybe_andersenstorm_cover_single.jpg\",\"datePublished\":\"2020-12-04T10:57:16+00:00\",\"dateModified\":\"2021-04-08T08:29:21+00:00\",\"breadcrumb\":{\"@id\":\"https:\\\/\\\/andersen-storm.com\\\/nu-nee-ist-klar\\\/#breadcrumb\"},\"inLanguage\":\"de\",\"potentialAction\":[{\"@type\":\"ReadAction\",\"target\":[\"https:\\\/\\\/andersen-storm.com\\\/nu-nee-ist-klar\\\/\"]}]},{\"@type\":\"ImageObject\",\"inLanguage\":\"de\",\"@id\":\"https:\\\/\\\/andersen-storm.com\\\/nu-nee-ist-klar\\\/#primaryimage\",\"url\":\"https:\\\/\\\/andersen-storm.com\\\/wp-content\\\/uploads\\\/2020\\\/08\\\/yesnomaybe_andersenstorm_cover_single.jpg\",\"contentUrl\":\"https:\\\/\\\/andersen-storm.com\\\/wp-content\\\/uploads\\\/2020\\\/08\\\/yesnomaybe_andersenstorm_cover_single.jpg\",\"width\":600,\"height\":600},{\"@type\":\"BreadcrumbList\",\"@id\":\"https:\\\/\\\/andersen-storm.com\\\/nu-nee-ist-klar\\\/#breadcrumb\",\"itemListElement\":[{\"@type\":\"ListItem\",\"position\":1,\"name\":\"Startseite\",\"item\":\"https:\\\/\\\/andersen-storm.com\\\/\"},{\"@type\":\"ListItem\",\"position\":2,\"name\":\"Yes, No, Maybe\"}]},{\"@type\":\"WebSite\",\"@id\":\"https:\\\/\\\/andersen-storm.com\\\/#website\",\"url\":\"https:\\\/\\\/andersen-storm.com\\\/\",\"name\":\"{:en}Andersen Storm{:}{:de}Andersen Storm{:}\",\"description\":\"My Music \u2022 K\u00fcnstlerwebsite\",\"publisher\":{\"@id\":\"https:\\\/\\\/andersen-storm.com\\\/#\\\/schema\\\/person\\\/e0b5c824d9b0479c8df4d0acaf5ee1a0\"},\"potentialAction\":[{\"@type\":\"SearchAction\",\"target\":{\"@type\":\"EntryPoint\",\"urlTemplate\":\"https:\\\/\\\/andersen-storm.com\\\/?s={search_term_string}\"},\"query-input\":{\"@type\":\"PropertyValueSpecification\",\"valueRequired\":true,\"valueName\":\"search_term_string\"}}],\"inLanguage\":\"de\"},{\"@type\":[\"Person\",\"Organization\"],\"@id\":\"https:\\\/\\\/andersen-storm.com\\\/#\\\/schema\\\/person\\\/e0b5c824d9b0479c8df4d0acaf5ee1a0\",\"name\":\"Andersen\",\"image\":{\"@type\":\"ImageObject\",\"inLanguage\":\"de\",\"@id\":\"https:\\\/\\\/andersen-storm.com\\\/wp-content\\\/uploads\\\/2025\\\/08\\\/20250806_161303.jpg\",\"url\":\"https:\\\/\\\/andersen-storm.com\\\/wp-content\\\/uploads\\\/2025\\\/08\\\/20250806_161303.jpg\",\"contentUrl\":\"https:\\\/\\\/andersen-storm.com\\\/wp-content\\\/uploads\\\/2025\\\/08\\\/20250806_161303.jpg\",\"width\":1080,\"height\":1079,\"caption\":\"Andersen\"},\"logo\":{\"@id\":\"https:\\\/\\\/andersen-storm.com\\\/wp-content\\\/uploads\\\/2025\\\/08\\\/20250806_161303.jpg\"},\"sameAs\":[\"https:\\\/\\\/andersenstorm.com\"]}]}<\/script>\n<!-- \/ Yoast SEO plugin. -->","yoast_head_json":{"title":"Nu Nee, Ist Klar - Andersen Storm","robots":{"index":"index","follow":"follow","max-snippet":"max-snippet:-1","max-image-preview":"max-image-preview:large","max-video-preview":"max-video-preview:-1"},"canonical":"https:\/\/andersen-storm.com\/nu-nee-ist-klar\/","og_locale":"de_DE","og_type":"article","og_title":"Nu Nee, Ist Klar - Andersen Storm","og_url":"https:\/\/andersen-storm.com\/nu-nee-ist-klar\/","og_site_name":"Andersen Storm","article_modified_time":"2021-04-08T08:29:21+00:00","og_image":[{"width":600,"height":600,"url":"https:\/\/andersen-storm.com\/wp-content\/uploads\/2020\/08\/yesnomaybe_andersenstorm_cover_single.jpg","type":"image\/jpeg"}],"twitter_card":"summary_large_image","twitter_misc":{"Gesch\u00e4tzte Lesezeit":"3\u00a0Minuten"},"schema":{"@context":"https:\/\/schema.org","@graph":[{"@type":"WebPage","@id":"https:\/\/andersen-storm.com\/nu-nee-ist-klar\/","url":"https:\/\/andersen-storm.com\/nu-nee-ist-klar\/","name":"Nu Nee, Ist Klar - Andersen Storm","isPartOf":{"@id":"https:\/\/andersen-storm.com\/#website"},"primaryImageOfPage":{"@id":"https:\/\/andersen-storm.com\/nu-nee-ist-klar\/#primaryimage"},"image":{"@id":"https:\/\/andersen-storm.com\/nu-nee-ist-klar\/#primaryimage"},"thumbnailUrl":"https:\/\/andersen-storm.com\/wp-content\/uploads\/2020\/08\/yesnomaybe_andersenstorm_cover_single.jpg","datePublished":"2020-12-04T10:57:16+00:00","dateModified":"2021-04-08T08:29:21+00:00","breadcrumb":{"@id":"https:\/\/andersen-storm.com\/nu-nee-ist-klar\/#breadcrumb"},"inLanguage":"de","potentialAction":[{"@type":"ReadAction","target":["https:\/\/andersen-storm.com\/nu-nee-ist-klar\/"]}]},{"@type":"ImageObject","inLanguage":"de","@id":"https:\/\/andersen-storm.com\/nu-nee-ist-klar\/#primaryimage","url":"https:\/\/andersen-storm.com\/wp-content\/uploads\/2020\/08\/yesnomaybe_andersenstorm_cover_single.jpg","contentUrl":"https:\/\/andersen-storm.com\/wp-content\/uploads\/2020\/08\/yesnomaybe_andersenstorm_cover_single.jpg","width":600,"height":600},{"@type":"BreadcrumbList","@id":"https:\/\/andersen-storm.com\/nu-nee-ist-klar\/#breadcrumb","itemListElement":[{"@type":"ListItem","position":1,"name":"Startseite","item":"https:\/\/andersen-storm.com\/"},{"@type":"ListItem","position":2,"name":"Yes, No, Maybe"}]},{"@type":"WebSite","@id":"https:\/\/andersen-storm.com\/#website","url":"https:\/\/andersen-storm.com\/","name":"{:en}Andersen Storm{:}{:de}Andersen Storm{:}","description":"My Music \u2022 K\u00fcnstlerwebsite","publisher":{"@id":"https:\/\/andersen-storm.com\/#\/schema\/person\/e0b5c824d9b0479c8df4d0acaf5ee1a0"},"potentialAction":[{"@type":"SearchAction","target":{"@type":"EntryPoint","urlTemplate":"https:\/\/andersen-storm.com\/?s={search_term_string}"},"query-input":{"@type":"PropertyValueSpecification","valueRequired":true,"valueName":"search_term_string"}}],"inLanguage":"de"},{"@type":["Person","Organization"],"@id":"https:\/\/andersen-storm.com\/#\/schema\/person\/e0b5c824d9b0479c8df4d0acaf5ee1a0","name":"Andersen","image":{"@type":"ImageObject","inLanguage":"de","@id":"https:\/\/andersen-storm.com\/wp-content\/uploads\/2025\/08\/20250806_161303.jpg","url":"https:\/\/andersen-storm.com\/wp-content\/uploads\/2025\/08\/20250806_161303.jpg","contentUrl":"https:\/\/andersen-storm.com\/wp-content\/uploads\/2025\/08\/20250806_161303.jpg","width":1080,"height":1079,"caption":"Andersen"},"logo":{"@id":"https:\/\/andersen-storm.com\/wp-content\/uploads\/2025\/08\/20250806_161303.jpg"},"sameAs":["https:\/\/andersenstorm.com"]}]}},"_links":{"self":[{"href":"https:\/\/andersen-storm.com\/de\/wp-json\/wp\/v2\/pages\/408","targetHints":{"allow":["GET"]}}],"collection":[{"href":"https:\/\/andersen-storm.com\/de\/wp-json\/wp\/v2\/pages"}],"about":[{"href":"https:\/\/andersen-storm.com\/de\/wp-json\/wp\/v2\/types\/page"}],"author":[{"embeddable":true,"href":"https:\/\/andersen-storm.com\/de\/wp-json\/wp\/v2\/users\/1"}],"replies":[{"embeddable":true,"href":"https:\/\/andersen-storm.com\/de\/wp-json\/wp\/v2\/comments?post=408"}],"version-history":[{"count":10,"href":"https:\/\/andersen-storm.com\/de\/wp-json\/wp\/v2\/pages\/408\/revisions"}],"predecessor-version":[{"id":1060,"href":"https:\/\/andersen-storm.com\/de\/wp-json\/wp\/v2\/pages\/408\/revisions\/1060"}],"wp:featuredmedia":[{"embeddable":true,"href":"https:\/\/andersen-storm.com\/de\/wp-json\/wp\/v2\/media\/120"}],"wp:attachment":[{"href":"https:\/\/andersen-storm.com\/de\/wp-json\/wp\/v2\/media?parent=408"}],"curies":[{"name":"wp","href":"https:\/\/api.w.org\/{rel}","templated":true}]}}