{"id":435,"date":"2020-12-04T13:24:36","date_gmt":"2020-12-04T12:24:36","guid":{"rendered":"https:\/\/andersen-storm.com\/?page_id=435"},"modified":"2024-12-14T09:39:49","modified_gmt":"2024-12-14T08:39:49","slug":"leis","status":"publish","type":"page","link":"https:\/\/andersen-storm.com\/de\/leis\/","title":{"rendered":"Leis"},"content":{"rendered":"\n<hr class=\"wp-block-separator has-css-opacity is-style-wide\"\/>\n\n\n\n<p>Das Lied wurden geschrieben, produziert und interpretiert von Andersen Storm und erschien am 2020-12-18.<\/p>\n\n\n\n<div class=\"wp-block-buttons is-layout-flex wp-block-buttons-is-layout-flex\">\n<div class=\"wp-block-button\"><a class=\"wp-block-button__link wp-element-button\" href=\"\/de\/\" style=\"border-radius:20px\">Jetzt anh\u00f6ren<\/a><\/div>\n\n\n\n<div class=\"wp-block-button\"><a class=\"wp-block-button__link wp-element-button\" href=\"https:\/\/andersen-storm.com\/lyrics\/\" style=\"border-radius:20px\">Lyrics<\/a><\/div>\n\n\n\n<div class=\"wp-block-button\"><a class=\"wp-block-button__link wp-element-button\" style=\"border-radius:20px\">passende posts<\/a><\/div>\n\n\n\n<div class=\"wp-block-button\"><a class=\"wp-block-button__link wp-element-button\" style=\"border-radius:20px\">trivia<\/a><\/div>\n\n\n\n<div class=\"wp-block-button\"><a class=\"wp-block-button__link wp-element-button\" href=\"https:\/\/andersen-storm.com\/de\/music\/\" style=\"border-radius:20px\">Musik<\/a><\/div>\n\n\n\n<div class=\"wp-block-button\"><a class=\"wp-block-button__link wp-element-button\" href=\"https:\/\/andersen-storm.com\/leis\/\" style=\"border-radius:20px\">Lyrics in English<\/a><\/div>\n<\/div>\n\n\n\n<p>Hab dich an die Hand genommen<br>Bist ganz gerne mitgekommen<br>Drau\u00dfen auf dem Feld ist alles wei\u00df<\/p>\n\n\n\n<p>Endlich aus dem Trubel raus<br>Die gro\u00dfe Stadt das kleine Haus<br>Ein tolles Weihnachtsfest will seinen Preis<\/p>\n\n\n\n<p>Hab dir noch so viel zu sagen<br>Von den lauten Arbeitstagen<br>Doch wir gehen hier durch Schnee und Eis<br>Leis<\/p>\n\n\n\n<figure class=\"wp-block-embed is-type-video is-provider-youtube wp-block-embed-youtube wp-embed-aspect-4-3 wp-has-aspect-ratio\"><div class=\"wp-block-embed__wrapper\">\n<iframe loading=\"lazy\" title=\"Leis (Instrumental)\" width=\"750\" height=\"563\" src=\"https:\/\/www.youtube.com\/embed\/94dp3sfXcbI?feature=oembed\" frameborder=\"0\" allow=\"accelerometer; autoplay; clipboard-write; encrypted-media; gyroscope; picture-in-picture; web-share\" referrerpolicy=\"strict-origin-when-cross-origin\" allowfullscreen><\/iframe>\n<\/div><\/figure>\n\n\n\n<p>Streck dir meine Hand entgegen<br>Dein Blick sagt mir, ach von wegen<br>Klingt es wie ein Vorwurf: mir ist kalt<\/p>\n\n\n\n<p>Und ich nehme dich in den Arm<br>Und k\u00fcsse dich, frag ist dir warm<br>Doch du sagst nur neckend: du wirst alt.<\/p>\n\n\n\n<p>Hab dir noch so viel zu sagen<br>Nach den langen Regentagen<br>Gehen wir Hand in Hand durch Schnee und Eis<br>Leis<\/p>\n\n\n\n<p>Es war nicht immer leicht mit dir<br>Es war nicht immer leicht mit mir<br>Wer hat gesagt es w\u00fcrde leicht<br>Du hast den Bogen gut gespannt<br>Ich hab mich gerne mal verrannt<br>Doch hat es immer noch gereicht<\/p>\n\n\n\n<p>Nun sind die Feiertage da<br>Herrliche Luft so kalt und klar<br>Weihnachts-Spaziergang so gesund<\/p>\n\n\n\n<p>Ich nehm&#8216; &#8217;nen Schneeball in die Hand<br>Sonst bist du schreiend weggerannt<br>Doch jetzt k\u00fcsst du mich auf den Mund<\/p>\n\n\n\n<p>Noch gibt es viel zu wagen<br>An den Allewettertagen<br>Davon tr\u00e4umen wir in Schnee und Eis<br>Leis<\/p>\n\n\n\n<p>Leis<\/p>\n\n\n\n<hr class=\"wp-block-separator has-alpha-channel-opacity\"\/>\n\n\n\n<p><strong>Hinweis zur Nutzung<\/strong><br>Dieser Text ist urheberrechtlich gesch\u00fctzt und wird von der GEMA verwertet. Sollten Sie ihn f\u00fcr eine \u00f6ffentliche oder kommerzielle Veranstaltung nutzen wollen, denken Sie bitte daran, dies bei der GEMA anzumelden.<\/p>\n\n\n\n<p>F\u00fcr private Zwecke oder nicht-\u00f6ffentliche Gelegenheiten k\u00f6nnen Sie den Text gerne verwenden \u2013 ich freue mich, wenn er Anklang findet!<\/p>\n\n\n\n<p>Bei Fragen oder wenn Sie sich nicht sicher sind, wie Sie den Text nutzen d\u00fcrfen, <a href=\"https:\/\/andersen-storm.com\/contact\/\" data-type=\"page\" data-id=\"104\">k\u00f6nnen Sie mich gerne kontaktieren<\/a>.<\/p>\n\n\n\n<hr class=\"wp-block-separator has-css-opacity is-style-wide\"\/>\n\n\n","protected":false},"excerpt":{"rendered":"<p>Das Lied wurden geschrieben, produziert und interpretiert von Andersen Storm und erschien am 2020-12-18. Hab dich an die Hand genommenBist ganz gerne mitgekommenDrau\u00dfen auf dem Feld ist alles wei\u00df Endlich aus dem Trubel rausDie gro\u00dfe Stadt das kleine HausEin tolles Weihnachtsfest will seinen Preis Hab dir noch so viel zu sagenVon den lauten ArbeitstagenDoch wir&hellip; <a class=\"more-link\" href=\"https:\/\/andersen-storm.com\/de\/leis\/\"><span class=\"screen-reader-text\">Leis<\/span> weiterlesen<\/a><\/p>\n","protected":false},"author":1,"featured_media":437,"parent":0,"menu_order":0,"comment_status":"closed","ping_status":"closed","template":"","meta":{"footnotes":"","_links_to":"","_links_to_target":""},"class_list":["post-435","page","type-page","status-publish","has-post-thumbnail","hentry","entry"],"translation":{"provider":"WPGlobus","version":"3.0.2","language":"de","enabled_languages":["en","de"],"languages":{"en":{"title":true,"content":true,"excerpt":false},"de":{"title":true,"content":true,"excerpt":false}}},"yoast_head":"<!-- This site is optimized with the Yoast SEO plugin v27.6 - https:\/\/yoast.com\/product\/yoast-seo-wordpress\/ -->\n<title>Leis - Andersen Storm<\/title>\n<meta name=\"robots\" content=\"index, follow, max-snippet:-1, max-image-preview:large, max-video-preview:-1\" \/>\n<link rel=\"canonical\" href=\"https:\/\/andersen-storm.com\/leis\/\" \/>\n<meta property=\"og:locale\" content=\"de_DE\" \/>\n<meta property=\"og:type\" content=\"article\" \/>\n<meta property=\"og:title\" content=\"Leis - Andersen Storm\" \/>\n<meta property=\"og:url\" content=\"https:\/\/andersen-storm.com\/leis\/\" \/>\n<meta property=\"og:site_name\" content=\"Andersen Storm\" \/>\n<meta property=\"article:modified_time\" content=\"2024-12-14T08:39:49+00:00\" \/>\n<meta property=\"og:image\" content=\"https:\/\/andersen-storm.com\/wp-content\/uploads\/2020\/12\/andersenstorm_quiet_cover_600px.jpg\" \/>\n\t<meta property=\"og:image:width\" content=\"600\" \/>\n\t<meta property=\"og:image:height\" content=\"600\" \/>\n\t<meta property=\"og:image:type\" content=\"image\/jpeg\" \/>\n<meta name=\"twitter:card\" content=\"summary_large_image\" \/>\n<meta name=\"twitter:label1\" content=\"Gesch\u00e4tzte Lesezeit\" \/>\n\t<meta name=\"twitter:data1\" content=\"3\u00a0Minuten\" \/>\n<script type=\"application\/ld+json\" class=\"yoast-schema-graph\">{\"@context\":\"https:\\\/\\\/schema.org\",\"@graph\":[{\"@type\":\"WebPage\",\"@id\":\"https:\\\/\\\/andersen-storm.com\\\/leis\\\/\",\"url\":\"https:\\\/\\\/andersen-storm.com\\\/leis\\\/\",\"name\":\"Leis - Andersen Storm\",\"isPartOf\":{\"@id\":\"https:\\\/\\\/andersen-storm.com\\\/#website\"},\"primaryImageOfPage\":{\"@id\":\"https:\\\/\\\/andersen-storm.com\\\/leis\\\/#primaryimage\"},\"image\":{\"@id\":\"https:\\\/\\\/andersen-storm.com\\\/leis\\\/#primaryimage\"},\"thumbnailUrl\":\"https:\\\/\\\/andersen-storm.com\\\/wp-content\\\/uploads\\\/2020\\\/12\\\/andersenstorm_quiet_cover_600px.jpg\",\"datePublished\":\"2020-12-04T12:24:36+00:00\",\"dateModified\":\"2024-12-14T08:39:49+00:00\",\"breadcrumb\":{\"@id\":\"https:\\\/\\\/andersen-storm.com\\\/leis\\\/#breadcrumb\"},\"inLanguage\":\"de\",\"potentialAction\":[{\"@type\":\"ReadAction\",\"target\":[\"https:\\\/\\\/andersen-storm.com\\\/leis\\\/\"]}]},{\"@type\":\"ImageObject\",\"inLanguage\":\"de\",\"@id\":\"https:\\\/\\\/andersen-storm.com\\\/leis\\\/#primaryimage\",\"url\":\"https:\\\/\\\/andersen-storm.com\\\/wp-content\\\/uploads\\\/2020\\\/12\\\/andersenstorm_quiet_cover_600px.jpg\",\"contentUrl\":\"https:\\\/\\\/andersen-storm.com\\\/wp-content\\\/uploads\\\/2020\\\/12\\\/andersenstorm_quiet_cover_600px.jpg\",\"width\":600,\"height\":600,\"caption\":\"EP \\\"Quiet\\\" (2020)\"},{\"@type\":\"BreadcrumbList\",\"@id\":\"https:\\\/\\\/andersen-storm.com\\\/leis\\\/#breadcrumb\",\"itemListElement\":[{\"@type\":\"ListItem\",\"position\":1,\"name\":\"Startseite\",\"item\":\"https:\\\/\\\/andersen-storm.com\\\/\"},{\"@type\":\"ListItem\",\"position\":2,\"name\":\"Leis\"}]},{\"@type\":\"WebSite\",\"@id\":\"https:\\\/\\\/andersen-storm.com\\\/#website\",\"url\":\"https:\\\/\\\/andersen-storm.com\\\/\",\"name\":\"{:en}Andersen Storm{:}{:de}Andersen Storm{:}\",\"description\":\"My Music \u2022 K\u00fcnstlerwebsite\",\"publisher\":{\"@id\":\"https:\\\/\\\/andersen-storm.com\\\/#\\\/schema\\\/person\\\/e0b5c824d9b0479c8df4d0acaf5ee1a0\"},\"potentialAction\":[{\"@type\":\"SearchAction\",\"target\":{\"@type\":\"EntryPoint\",\"urlTemplate\":\"https:\\\/\\\/andersen-storm.com\\\/?s={search_term_string}\"},\"query-input\":{\"@type\":\"PropertyValueSpecification\",\"valueRequired\":true,\"valueName\":\"search_term_string\"}}],\"inLanguage\":\"de\"},{\"@type\":[\"Person\",\"Organization\"],\"@id\":\"https:\\\/\\\/andersen-storm.com\\\/#\\\/schema\\\/person\\\/e0b5c824d9b0479c8df4d0acaf5ee1a0\",\"name\":\"Andersen\",\"image\":{\"@type\":\"ImageObject\",\"inLanguage\":\"de\",\"@id\":\"https:\\\/\\\/andersen-storm.com\\\/wp-content\\\/uploads\\\/2025\\\/08\\\/20250806_161303.jpg\",\"url\":\"https:\\\/\\\/andersen-storm.com\\\/wp-content\\\/uploads\\\/2025\\\/08\\\/20250806_161303.jpg\",\"contentUrl\":\"https:\\\/\\\/andersen-storm.com\\\/wp-content\\\/uploads\\\/2025\\\/08\\\/20250806_161303.jpg\",\"width\":1080,\"height\":1079,\"caption\":\"Andersen\"},\"logo\":{\"@id\":\"https:\\\/\\\/andersen-storm.com\\\/wp-content\\\/uploads\\\/2025\\\/08\\\/20250806_161303.jpg\"},\"sameAs\":[\"https:\\\/\\\/andersenstorm.com\"]}]}<\/script>\n<!-- \/ Yoast SEO plugin. -->","yoast_head_json":{"title":"Leis - Andersen Storm","robots":{"index":"index","follow":"follow","max-snippet":"max-snippet:-1","max-image-preview":"max-image-preview:large","max-video-preview":"max-video-preview:-1"},"canonical":"https:\/\/andersen-storm.com\/leis\/","og_locale":"de_DE","og_type":"article","og_title":"Leis - Andersen Storm","og_url":"https:\/\/andersen-storm.com\/leis\/","og_site_name":"Andersen Storm","article_modified_time":"2024-12-14T08:39:49+00:00","og_image":[{"width":600,"height":600,"url":"https:\/\/andersen-storm.com\/wp-content\/uploads\/2020\/12\/andersenstorm_quiet_cover_600px.jpg","type":"image\/jpeg"}],"twitter_card":"summary_large_image","twitter_misc":{"Gesch\u00e4tzte Lesezeit":"3\u00a0Minuten"},"schema":{"@context":"https:\/\/schema.org","@graph":[{"@type":"WebPage","@id":"https:\/\/andersen-storm.com\/leis\/","url":"https:\/\/andersen-storm.com\/leis\/","name":"Leis - Andersen Storm","isPartOf":{"@id":"https:\/\/andersen-storm.com\/#website"},"primaryImageOfPage":{"@id":"https:\/\/andersen-storm.com\/leis\/#primaryimage"},"image":{"@id":"https:\/\/andersen-storm.com\/leis\/#primaryimage"},"thumbnailUrl":"https:\/\/andersen-storm.com\/wp-content\/uploads\/2020\/12\/andersenstorm_quiet_cover_600px.jpg","datePublished":"2020-12-04T12:24:36+00:00","dateModified":"2024-12-14T08:39:49+00:00","breadcrumb":{"@id":"https:\/\/andersen-storm.com\/leis\/#breadcrumb"},"inLanguage":"de","potentialAction":[{"@type":"ReadAction","target":["https:\/\/andersen-storm.com\/leis\/"]}]},{"@type":"ImageObject","inLanguage":"de","@id":"https:\/\/andersen-storm.com\/leis\/#primaryimage","url":"https:\/\/andersen-storm.com\/wp-content\/uploads\/2020\/12\/andersenstorm_quiet_cover_600px.jpg","contentUrl":"https:\/\/andersen-storm.com\/wp-content\/uploads\/2020\/12\/andersenstorm_quiet_cover_600px.jpg","width":600,"height":600,"caption":"EP \"Quiet\" (2020)"},{"@type":"BreadcrumbList","@id":"https:\/\/andersen-storm.com\/leis\/#breadcrumb","itemListElement":[{"@type":"ListItem","position":1,"name":"Startseite","item":"https:\/\/andersen-storm.com\/"},{"@type":"ListItem","position":2,"name":"Leis"}]},{"@type":"WebSite","@id":"https:\/\/andersen-storm.com\/#website","url":"https:\/\/andersen-storm.com\/","name":"{:en}Andersen Storm{:}{:de}Andersen Storm{:}","description":"My Music \u2022 K\u00fcnstlerwebsite","publisher":{"@id":"https:\/\/andersen-storm.com\/#\/schema\/person\/e0b5c824d9b0479c8df4d0acaf5ee1a0"},"potentialAction":[{"@type":"SearchAction","target":{"@type":"EntryPoint","urlTemplate":"https:\/\/andersen-storm.com\/?s={search_term_string}"},"query-input":{"@type":"PropertyValueSpecification","valueRequired":true,"valueName":"search_term_string"}}],"inLanguage":"de"},{"@type":["Person","Organization"],"@id":"https:\/\/andersen-storm.com\/#\/schema\/person\/e0b5c824d9b0479c8df4d0acaf5ee1a0","name":"Andersen","image":{"@type":"ImageObject","inLanguage":"de","@id":"https:\/\/andersen-storm.com\/wp-content\/uploads\/2025\/08\/20250806_161303.jpg","url":"https:\/\/andersen-storm.com\/wp-content\/uploads\/2025\/08\/20250806_161303.jpg","contentUrl":"https:\/\/andersen-storm.com\/wp-content\/uploads\/2025\/08\/20250806_161303.jpg","width":1080,"height":1079,"caption":"Andersen"},"logo":{"@id":"https:\/\/andersen-storm.com\/wp-content\/uploads\/2025\/08\/20250806_161303.jpg"},"sameAs":["https:\/\/andersenstorm.com"]}]}},"_links":{"self":[{"href":"https:\/\/andersen-storm.com\/de\/wp-json\/wp\/v2\/pages\/435","targetHints":{"allow":["GET"]}}],"collection":[{"href":"https:\/\/andersen-storm.com\/de\/wp-json\/wp\/v2\/pages"}],"about":[{"href":"https:\/\/andersen-storm.com\/de\/wp-json\/wp\/v2\/types\/page"}],"author":[{"embeddable":true,"href":"https:\/\/andersen-storm.com\/de\/wp-json\/wp\/v2\/users\/1"}],"replies":[{"embeddable":true,"href":"https:\/\/andersen-storm.com\/de\/wp-json\/wp\/v2\/comments?post=435"}],"version-history":[{"count":10,"href":"https:\/\/andersen-storm.com\/de\/wp-json\/wp\/v2\/pages\/435\/revisions"}],"predecessor-version":[{"id":1871,"href":"https:\/\/andersen-storm.com\/de\/wp-json\/wp\/v2\/pages\/435\/revisions\/1871"}],"wp:featuredmedia":[{"embeddable":true,"href":"https:\/\/andersen-storm.com\/de\/wp-json\/wp\/v2\/media\/437"}],"wp:attachment":[{"href":"https:\/\/andersen-storm.com\/de\/wp-json\/wp\/v2\/media?parent=435"}],"curies":[{"name":"wp","href":"https:\/\/api.w.org\/{rel}","templated":true}]}}