{"id":444,"date":"2020-12-04T13:40:46","date_gmt":"2020-12-04T12:40:46","guid":{"rendered":"https:\/\/andersen-storm.com\/?page_id=444"},"modified":"2021-04-08T10:36:44","modified_gmt":"2021-04-08T08:36:44","slug":"meine-freundin","status":"publish","type":"page","link":"https:\/\/andersen-storm.com\/de\/meine-freundin\/","title":{"rendered":"Meine Freundin"},"content":{"rendered":"\n<hr class=\"wp-block-separator is-style-wide\"\/>\n\n\n\n<div class=\"wp-block-buttons is-layout-flex wp-block-buttons-is-layout-flex\">\n<div class=\"wp-block-button\"><a class=\"wp-block-button__link\" href=\"\/de\/\" style=\"border-radius:20px\">Jetzt anh\u00f6ren<\/a><\/div>\n\n\n\n<div class=\"wp-block-button\"><a class=\"wp-block-button__link\" href=\"https:\/\/andersen-storm.com\/lyrics\/\" style=\"border-radius:20px\">Lyrics<\/a><\/div>\n\n\n\n<div class=\"wp-block-button\"><a class=\"wp-block-button__link\" style=\"border-radius:20px\">passende posts<\/a><\/div>\n\n\n\n<div class=\"wp-block-button\"><a class=\"wp-block-button__link\" style=\"border-radius:20px\">trivia<\/a><\/div>\n\n\n\n<div class=\"wp-block-button\"><a class=\"wp-block-button__link\" href=\"https:\/\/andersen-storm.com\/de\/music\/\" style=\"border-radius:20px\">Musik<\/a><\/div>\n<\/div>\n\n\n\n<p>meine freundin ist ein handwerker <br>und das nicht nur von innen,<br>nein, sie ist auch \u00e4u\u00dferst couragiert <br>so ein typ kann nur gewinnen<br>sie pfeift auf zuweisung und konvention <br>und macht was sie will und dann<br>ist es ihr auch \u00e4u\u00dferlich egal <br>ob sie dich \u00fcberzeugen kann<br>nur eines w\u00fcrde ich gern bei ihr \u00e4ndern <br>sie kann und will und f\u00e4ngt nicht an zu gendern!<\/p>\n\n\n\n<p>kein sternchen da, kein doppelpunkt und auch kein unterstrich<br>kein sus, kein lul, kein binnen-i, sowas spricht und schreibt sie nicht<br>ich habe ihr schon oft gesagt: lass uns einfach da mitlaufen <br>aber sie will sich nicht mal f\u00fcr mich an irgendwen verkaufen<br>sie bleibt lieber au\u00dfen vor, und zeigt auch dabei haltung <br>sie ist f\u00fcr die vielfalt aber gegen spaltung<\/p>\n\n\n\n<p>meine freundin ist ein netzwerker <br>und sie ist richtig gut darin<br>sie hilft andern menschen egal woher <br>sie ist eine macherin<br>sie hat und kennt neue ideen <br>k\u00e4mpft gegen probleme und stuss<br>ich kann alles mit ihr diskutieren <br>doch wenn\u2019s um sprache geht ist schluss.<br>Ich w\u00fcrde das bei ihr so gerne \u00e4ndern <br>sie kann und will und f\u00e4ngt nicht an zu gendern!<br><\/p>\n\n\n\n<p>kein sternchen da, kein doppelpunkt und auch kein unterstrich <br>kein sus, kein lul, kein binnen-i, sowas spricht und schreibt sie nicht<br>ich habe ihr schon oft gesagt: lass uns einfach da mitlaufen <br>aber sie will sich nicht mal f\u00fcr mich korrekte sprache kaufen<br>sie bleibt lieber au\u00dfen vor, pfeift auf die reglementierung <br>sie lebt die vielfalt ohne postulierung<\/p>\n\n\n\n<p>gut gesagt ist oft genug <br>das \u201egut-gedacht\u201c von \u201egut gemacht\u201c <br>vielleicht reicht das dir und mir, <br>jedoch nicht ihr.<\/p>\n\n\n\n<p><strong>\u00a9 Andersen Storm 2020, All rights reserved. Alle Rechte vorbehalten.<\/strong><\/p>\n\n\n\n<ul class=\"wp-block-list\"><li><a href=\"https:\/\/andersen-storm.com\/zuckerpuppe\/\" data-type=\"page\" data-id=\"936\">Zuckerpuppe<\/a><\/li><li><a href=\"https:\/\/andersen-storm.com\/keiner-weis-es\/\" data-type=\"page\" data-id=\"947\">Keiner wei\u00df es<\/a><\/li><li><a href=\"https:\/\/andersen-storm.com\/warten-zwei\/\" data-type=\"page\" data-id=\"951\">Warten zwei <\/a><\/li><li><a href=\"https:\/\/andersen-storm.com\/so-muss-das\/\" data-type=\"page\" data-id=\"957\">So muss das <\/a><\/li><li><a href=\"https:\/\/andersen-storm.com\/lass-dir-nichts-erzahlen\/\" data-type=\"page\" data-id=\"959\">Lass dir nichts erz\u00e4hlen<\/a><\/li><li><a href=\"https:\/\/andersen-storm.com\/warten-auf-mehr\/\" data-type=\"page\" data-id=\"961\">Warten auf mehr<\/a><\/li><li><a href=\"https:\/\/andersen-storm.com\/de\/nu-nee-ist-klar\/\" data-type=\"page\">Nu nee, ist klar (Album Version)<\/a><\/li><li><a href=\"https:\/\/andersen-storm.com\/meine-freundin\/\" data-type=\"page\" data-id=\"444\">Meine Freundin (Album Version)<\/a><\/li><\/ul>\n\n\n\n<hr class=\"wp-block-separator is-style-wide\"\/>\n\n\n\n\n\n\n\n<p><\/p>\n","protected":false},"excerpt":{"rendered":"<p>meine freundin ist ein handwerker und das nicht nur von innen,nein, sie ist auch \u00e4u\u00dferst couragiert so ein typ kann nur gewinnensie pfeift auf zuweisung und konvention und macht was sie will und dannist es ihr auch \u00e4u\u00dferlich egal ob sie dich \u00fcberzeugen kannnur eines w\u00fcrde ich gern bei ihr \u00e4ndern sie kann und will&hellip; <a class=\"more-link\" href=\"https:\/\/andersen-storm.com\/de\/meine-freundin\/\"><span class=\"screen-reader-text\">Meine Freundin<\/span> weiterlesen<\/a><\/p>\n","protected":false},"author":1,"featured_media":387,"parent":0,"menu_order":0,"comment_status":"closed","ping_status":"closed","template":"","meta":{"footnotes":"","_links_to":"","_links_to_target":""},"class_list":["post-444","page","type-page","status-publish","has-post-thumbnail","hentry","entry"],"translation":{"provider":"WPGlobus","version":"3.0.2","language":"de","enabled_languages":["en","de"],"languages":{"en":{"title":true,"content":true,"excerpt":false},"de":{"title":true,"content":true,"excerpt":false}}},"yoast_head":"<!-- This site is optimized with the Yoast SEO plugin v27.4 - https:\/\/yoast.com\/product\/yoast-seo-wordpress\/ -->\n<title>Meine Freundin - Andersen Storm<\/title>\n<meta name=\"robots\" content=\"index, follow, max-snippet:-1, max-image-preview:large, max-video-preview:-1\" \/>\n<link rel=\"canonical\" href=\"https:\/\/andersen-storm.com\/meine-freundin\/\" \/>\n<meta property=\"og:locale\" content=\"de_DE\" \/>\n<meta property=\"og:type\" content=\"article\" \/>\n<meta property=\"og:title\" content=\"Meine Freundin - Andersen Storm\" \/>\n<meta property=\"og:url\" content=\"https:\/\/andersen-storm.com\/meine-freundin\/\" \/>\n<meta property=\"og:site_name\" content=\"Andersen Storm\" \/>\n<meta property=\"article:modified_time\" content=\"2021-04-08T08:36:44+00:00\" \/>\n<meta property=\"og:image\" content=\"https:\/\/andersen-storm.com\/wp-content\/uploads\/2020\/12\/cover_meinefreundin_andersenstorm2020_600.jpg\" \/>\n\t<meta property=\"og:image:width\" content=\"600\" \/>\n\t<meta property=\"og:image:height\" content=\"600\" \/>\n\t<meta property=\"og:image:type\" content=\"image\/jpeg\" \/>\n<meta name=\"twitter:card\" content=\"summary_large_image\" \/>\n<meta name=\"twitter:label1\" content=\"Gesch\u00e4tzte Lesezeit\" \/>\n\t<meta name=\"twitter:data1\" content=\"3\u00a0Minuten\" \/>\n<script type=\"application\/ld+json\" class=\"yoast-schema-graph\">{\"@context\":\"https:\\\/\\\/schema.org\",\"@graph\":[{\"@type\":\"WebPage\",\"@id\":\"https:\\\/\\\/andersen-storm.com\\\/meine-freundin\\\/\",\"url\":\"https:\\\/\\\/andersen-storm.com\\\/meine-freundin\\\/\",\"name\":\"Meine Freundin - Andersen Storm\",\"isPartOf\":{\"@id\":\"https:\\\/\\\/andersen-storm.com\\\/#website\"},\"primaryImageOfPage\":{\"@id\":\"https:\\\/\\\/andersen-storm.com\\\/meine-freundin\\\/#primaryimage\"},\"image\":{\"@id\":\"https:\\\/\\\/andersen-storm.com\\\/meine-freundin\\\/#primaryimage\"},\"thumbnailUrl\":\"https:\\\/\\\/andersen-storm.com\\\/wp-content\\\/uploads\\\/2020\\\/12\\\/cover_meinefreundin_andersenstorm2020_600.jpg\",\"datePublished\":\"2020-12-04T12:40:46+00:00\",\"dateModified\":\"2021-04-08T08:36:44+00:00\",\"breadcrumb\":{\"@id\":\"https:\\\/\\\/andersen-storm.com\\\/meine-freundin\\\/#breadcrumb\"},\"inLanguage\":\"de\",\"potentialAction\":[{\"@type\":\"ReadAction\",\"target\":[\"https:\\\/\\\/andersen-storm.com\\\/meine-freundin\\\/\"]}]},{\"@type\":\"ImageObject\",\"inLanguage\":\"de\",\"@id\":\"https:\\\/\\\/andersen-storm.com\\\/meine-freundin\\\/#primaryimage\",\"url\":\"https:\\\/\\\/andersen-storm.com\\\/wp-content\\\/uploads\\\/2020\\\/12\\\/cover_meinefreundin_andersenstorm2020_600.jpg\",\"contentUrl\":\"https:\\\/\\\/andersen-storm.com\\\/wp-content\\\/uploads\\\/2020\\\/12\\\/cover_meinefreundin_andersenstorm2020_600.jpg\",\"width\":600,\"height\":600,\"caption\":\"Single \\\"Meine Freundin\\\" (2020)\"},{\"@type\":\"BreadcrumbList\",\"@id\":\"https:\\\/\\\/andersen-storm.com\\\/meine-freundin\\\/#breadcrumb\",\"itemListElement\":[{\"@type\":\"ListItem\",\"position\":1,\"name\":\"Startseite\",\"item\":\"https:\\\/\\\/andersen-storm.com\\\/\"},{\"@type\":\"ListItem\",\"position\":2,\"name\":\"Meine Freundin\"}]},{\"@type\":\"WebSite\",\"@id\":\"https:\\\/\\\/andersen-storm.com\\\/#website\",\"url\":\"https:\\\/\\\/andersen-storm.com\\\/\",\"name\":\"{:en}Andersen Storm{:}{:de}Andersen Storm{:}\",\"description\":\"My Music \u2022 K\u00fcnstlerwebsite\",\"publisher\":{\"@id\":\"https:\\\/\\\/andersen-storm.com\\\/#\\\/schema\\\/person\\\/e0b5c824d9b0479c8df4d0acaf5ee1a0\"},\"potentialAction\":[{\"@type\":\"SearchAction\",\"target\":{\"@type\":\"EntryPoint\",\"urlTemplate\":\"https:\\\/\\\/andersen-storm.com\\\/?s={search_term_string}\"},\"query-input\":{\"@type\":\"PropertyValueSpecification\",\"valueRequired\":true,\"valueName\":\"search_term_string\"}}],\"inLanguage\":\"de\"},{\"@type\":[\"Person\",\"Organization\"],\"@id\":\"https:\\\/\\\/andersen-storm.com\\\/#\\\/schema\\\/person\\\/e0b5c824d9b0479c8df4d0acaf5ee1a0\",\"name\":\"Andersen\",\"image\":{\"@type\":\"ImageObject\",\"inLanguage\":\"de\",\"@id\":\"https:\\\/\\\/andersen-storm.com\\\/wp-content\\\/uploads\\\/2025\\\/08\\\/20250806_161303.jpg\",\"url\":\"https:\\\/\\\/andersen-storm.com\\\/wp-content\\\/uploads\\\/2025\\\/08\\\/20250806_161303.jpg\",\"contentUrl\":\"https:\\\/\\\/andersen-storm.com\\\/wp-content\\\/uploads\\\/2025\\\/08\\\/20250806_161303.jpg\",\"width\":1080,\"height\":1079,\"caption\":\"Andersen\"},\"logo\":{\"@id\":\"https:\\\/\\\/andersen-storm.com\\\/wp-content\\\/uploads\\\/2025\\\/08\\\/20250806_161303.jpg\"},\"sameAs\":[\"https:\\\/\\\/andersenstorm.com\"]}]}<\/script>\n<!-- \/ Yoast SEO plugin. -->","yoast_head_json":{"title":"Meine Freundin - Andersen Storm","robots":{"index":"index","follow":"follow","max-snippet":"max-snippet:-1","max-image-preview":"max-image-preview:large","max-video-preview":"max-video-preview:-1"},"canonical":"https:\/\/andersen-storm.com\/meine-freundin\/","og_locale":"de_DE","og_type":"article","og_title":"Meine Freundin - Andersen Storm","og_url":"https:\/\/andersen-storm.com\/meine-freundin\/","og_site_name":"Andersen Storm","article_modified_time":"2021-04-08T08:36:44+00:00","og_image":[{"width":600,"height":600,"url":"https:\/\/andersen-storm.com\/wp-content\/uploads\/2020\/12\/cover_meinefreundin_andersenstorm2020_600.jpg","type":"image\/jpeg"}],"twitter_card":"summary_large_image","twitter_misc":{"Gesch\u00e4tzte Lesezeit":"3\u00a0Minuten"},"schema":{"@context":"https:\/\/schema.org","@graph":[{"@type":"WebPage","@id":"https:\/\/andersen-storm.com\/meine-freundin\/","url":"https:\/\/andersen-storm.com\/meine-freundin\/","name":"Meine Freundin - Andersen Storm","isPartOf":{"@id":"https:\/\/andersen-storm.com\/#website"},"primaryImageOfPage":{"@id":"https:\/\/andersen-storm.com\/meine-freundin\/#primaryimage"},"image":{"@id":"https:\/\/andersen-storm.com\/meine-freundin\/#primaryimage"},"thumbnailUrl":"https:\/\/andersen-storm.com\/wp-content\/uploads\/2020\/12\/cover_meinefreundin_andersenstorm2020_600.jpg","datePublished":"2020-12-04T12:40:46+00:00","dateModified":"2021-04-08T08:36:44+00:00","breadcrumb":{"@id":"https:\/\/andersen-storm.com\/meine-freundin\/#breadcrumb"},"inLanguage":"de","potentialAction":[{"@type":"ReadAction","target":["https:\/\/andersen-storm.com\/meine-freundin\/"]}]},{"@type":"ImageObject","inLanguage":"de","@id":"https:\/\/andersen-storm.com\/meine-freundin\/#primaryimage","url":"https:\/\/andersen-storm.com\/wp-content\/uploads\/2020\/12\/cover_meinefreundin_andersenstorm2020_600.jpg","contentUrl":"https:\/\/andersen-storm.com\/wp-content\/uploads\/2020\/12\/cover_meinefreundin_andersenstorm2020_600.jpg","width":600,"height":600,"caption":"Single \"Meine Freundin\" (2020)"},{"@type":"BreadcrumbList","@id":"https:\/\/andersen-storm.com\/meine-freundin\/#breadcrumb","itemListElement":[{"@type":"ListItem","position":1,"name":"Startseite","item":"https:\/\/andersen-storm.com\/"},{"@type":"ListItem","position":2,"name":"Meine Freundin"}]},{"@type":"WebSite","@id":"https:\/\/andersen-storm.com\/#website","url":"https:\/\/andersen-storm.com\/","name":"{:en}Andersen Storm{:}{:de}Andersen Storm{:}","description":"My Music \u2022 K\u00fcnstlerwebsite","publisher":{"@id":"https:\/\/andersen-storm.com\/#\/schema\/person\/e0b5c824d9b0479c8df4d0acaf5ee1a0"},"potentialAction":[{"@type":"SearchAction","target":{"@type":"EntryPoint","urlTemplate":"https:\/\/andersen-storm.com\/?s={search_term_string}"},"query-input":{"@type":"PropertyValueSpecification","valueRequired":true,"valueName":"search_term_string"}}],"inLanguage":"de"},{"@type":["Person","Organization"],"@id":"https:\/\/andersen-storm.com\/#\/schema\/person\/e0b5c824d9b0479c8df4d0acaf5ee1a0","name":"Andersen","image":{"@type":"ImageObject","inLanguage":"de","@id":"https:\/\/andersen-storm.com\/wp-content\/uploads\/2025\/08\/20250806_161303.jpg","url":"https:\/\/andersen-storm.com\/wp-content\/uploads\/2025\/08\/20250806_161303.jpg","contentUrl":"https:\/\/andersen-storm.com\/wp-content\/uploads\/2025\/08\/20250806_161303.jpg","width":1080,"height":1079,"caption":"Andersen"},"logo":{"@id":"https:\/\/andersen-storm.com\/wp-content\/uploads\/2025\/08\/20250806_161303.jpg"},"sameAs":["https:\/\/andersenstorm.com"]}]}},"_links":{"self":[{"href":"https:\/\/andersen-storm.com\/de\/wp-json\/wp\/v2\/pages\/444","targetHints":{"allow":["GET"]}}],"collection":[{"href":"https:\/\/andersen-storm.com\/de\/wp-json\/wp\/v2\/pages"}],"about":[{"href":"https:\/\/andersen-storm.com\/de\/wp-json\/wp\/v2\/types\/page"}],"author":[{"embeddable":true,"href":"https:\/\/andersen-storm.com\/de\/wp-json\/wp\/v2\/users\/1"}],"replies":[{"embeddable":true,"href":"https:\/\/andersen-storm.com\/de\/wp-json\/wp\/v2\/comments?post=444"}],"version-history":[{"count":10,"href":"https:\/\/andersen-storm.com\/de\/wp-json\/wp\/v2\/pages\/444\/revisions"}],"predecessor-version":[{"id":1065,"href":"https:\/\/andersen-storm.com\/de\/wp-json\/wp\/v2\/pages\/444\/revisions\/1065"}],"wp:featuredmedia":[{"embeddable":true,"href":"https:\/\/andersen-storm.com\/de\/wp-json\/wp\/v2\/media\/387"}],"wp:attachment":[{"href":"https:\/\/andersen-storm.com\/de\/wp-json\/wp\/v2\/media?parent=444"}],"curies":[{"name":"wp","href":"https:\/\/api.w.org\/{rel}","templated":true}]}}