{"id":453,"date":"2020-12-08T13:15:52","date_gmt":"2020-12-08T12:15:52","guid":{"rendered":"https:\/\/andersen-storm.com\/?page_id=453"},"modified":"2020-12-08T13:15:52","modified_gmt":"2020-12-08T12:15:52","slug":"agb","status":"publish","type":"page","link":"https:\/\/andersen-storm.com\/de\/agb\/","title":{"rendered":"AGB"},"content":{"rendered":"\n<h4 class=\"wp-block-heading\">AGBs &#8211; Versandbedingungen f\u00fcr den Online-Shop auf www.andersen-storm.com<br><br>AGB Mensch-und-Design Andreas Beck<\/h4>\n\n\n\n<p>1. Geltungsbereich<\/p>\n\n\n\n<p>F\u00fcr die Gesch\u00e4ftsbeziehungen zwischen Mensch-und-Design Andreas Beck (Demmlerstr. 15, 19053 Schwerin) und Ihnen gelten ausschlie\u00dflich die vorliegenden allgemeinen Gesch\u00e4ftsbedingungen in ihrer zum Zeitpunkt der Bestellung g\u00fcltigen Fassung. Sie k\u00f6nnen die allgemeinen Gesch\u00e4ftsbedingungen auf Ihren Computer herunterladen oder ausdrucken. Abweichende Regelungen erkenne ich nur an, wenn ich ihnen ausdr\u00fccklich zuvor schriftlich zugestimmt habe.<\/p>\n\n\n\n<p>2. Vertragsabschluss<\/p>\n\n\n\n<p>Ihre Bestellung stellt ein Angebot an mich zum Abschluss eines Kaufvertrages dar. Wenn Sie eine Bestellung bei mir aufgeben, erhalten Sie eine E-Mail, die den Eingang Ihrer Bestellung best\u00e4tigt. Diese Bestellbest\u00e4tigung stellt keine Annahme Ihres Angebotes dar, sondern soll Sie nur dar\u00fcber informieren, dass Ihre Bestellung bei uns eingegangen ist. Ein Kaufvertrag kommt erst dann zustande, wenn ich das bestellte Produkt an Sie versende.<\/p>\n\n\n\n<p>3. Widerruf<\/p>\n\n\n\n<p>(1) Sie sind an Ihre Bestellung nicht mehr gebunden, wenn Sie diese innerhalb einer Frist von zwei Wochen nach Erhalt der Ware widerrufen. Der Widerruf bedarf keiner Begr\u00fcndung, muss aber schriftlich (z.B. per Brief, per Fax, oder auf eine andere Weise in Textform) oder durch R\u00fccksendung der Ware innerhalb von zwei Wochen erkl\u00e4rt werden. Zur Fristwahrung gen\u00fcgt die rechtzeitige Absendung des Widerrufs oder der Ware an:<\/p>\n\n\n\n<p>Andreas Beck<br>Demmlerstr. 15<br>19053 Schwerin<\/p>\n\n\n\n<p>(2) Ich erstatte Ihnen im Falle der Widerrufs den schon gezahlten Kaufpreis. Im Falle eines Widerrufs sind Sie zur umgehenden R\u00fccksendung der Ware in ordentlicher Verpackung verpflichtet. Bei einer R\u00fccksendung innerhalb von 14 Tagen aus einer Warenlieferung, deren Bestellwert insgesamt bis zu 40 EUR betr\u00e4gt, haben Sie die Kosten der R\u00fccksendung zu tragen, wenn die gelieferte Ware der bestellten entspricht. Andernfalls ist die R\u00fccksendung innerhalb von 14 Tagen f\u00fcr sie kostenfrei. Bis zur Aus\u00fcbung des Widerrufsrechts sind Sie berechtigt, die gelieferte Ware zur Pr\u00fcfung der Fehlerfreiheit aus der Verpackung zu nehmen und eine erforderliche Pr\u00fcfung der Ware durchzuf\u00fchren. Bei einer dar\u00fcber hinausgehenden Benutzung behalte ich mir vor, Ihnen die Wertminderung der Ware, die auch durch eine bestimmungsgem\u00e4\u00dfe Ingebrauchnahme entstanden ist, in Rechnung zu stellen.<\/p>\n\n\n\n<p>(3) Wenn die Ware bereits benutzt wurde und Gebrauchsspuren aufweist, kann der Kauf zwar ebenfalls innerhalb 14 Tagen ab Lieferung widerrufen werden; ich behalte mir dann allerdings vor, dem Kunden die Wertminderung bzw. den Wert der Nutzung der Ware zu berechnen. Im Falle von versiegelten CDs, DVDs, Videofilmen oder Software, erlischt das Widerrufsrecht, wenn die Ware durch den Kunden ge\u00f6ffnet wurde.<\/p>\n\n\n\n<p>4. Preise, Lieferung und Versandkosten<\/p>\n\n\n\n<p>(1) Es gelten die Preise zum Zeitpunkt der Bestellung. Die Preise sind Endpreise in Euro. Sie enthalten die gesetzliche Mehrwertsteuer.<\/p>\n\n\n\n<p>(2) Die bestellte Ware liefere ich an die von Ihnen angegebene Lieferadresse. Angaben \u00fcber die Lieferfrist sind unverbindlich, soweit nicht ausnahmsweise der Liefertermin ausdr\u00fccklich verbindlich zugesagt wurde.<\/p>\n\n\n\n<p>(3) Die angegebenen Preise enthalten die gesetzliche Umsatzsteuer und sonstige Preisbestandteile. Hinzu kommen etwaige Versandkosten.<\/p>\n\n\n\n<p>(4) Die Lieferverpflichtung erfolgt vorbehaltlich der Verf\u00fcgbarkeit der Ware. Ist das bestellte Werk noch nicht erschienen, wird die Bestellung vorgemerkt. Bei vergriffenen Werken haben Sie die Wahl, Ihre Bestellung zu stornieren oder sich f\u00fcr einen evtl. Nachdruck oder eine evtl. Neuauflage vormerken zu lassen. In jedem Fall werden Sie unverz\u00fcglich \u00fcber die Nichtverf\u00fcgbarkeit eines Artikels informiert.<\/p>\n\n\n\n<p>5. Zahlungsbedingungen und Eigentumsvorbehalt<\/p>\n\n\n\n<p>(1) Der Kaufpreis ist sofort f\u00e4llig und ohne Abzug sofort zahlbar. Sie k\u00f6nnen durch \u00dcberweisung oder Paypal zahlen.<\/p>\n\n\n\n<p>(2) Im Falle eines Zahlungsverzuges bin ich berechtigt, Verzugszinsen in H\u00f6he von 5 % \u00fcber dem jeweiligen von der Deutschen Bundesbank bekannt gegebenen Basiszinssatz zu berechnen. Die Geltendmachung eines dar\u00fcber gehenden Verzugsschadens bleibt unber\u00fchrt.<\/p>\n\n\n\n<p>(3) Die gelieferte Ware bleibt bis zur vollst\u00e4ndigen Bezahlung in meinem Eigentum.<\/p>\n\n\n\n<p>6. Gew\u00e4hrleistung und Haftung<\/p>\n\n\n\n<p>(1) Liegt ein Mangel der Kaufsache vor, k\u00f6nnen Sie wahlweise M\u00e4ngelbeseitigung oder Ersatzlieferung verlangen. Eine Ersatzlieferung oder die Beseitigung der M\u00e4ngel kann ich verweigern, wenn sie nur mit unverh\u00e4ltnism\u00e4\u00dfigen Kosten m\u00f6glich ist oder sich aus von zu vertretenden Gr\u00fcnden \u00fcber angemessene Fristen hinaus verz\u00f6gert oder die M\u00e4ngelbeseitigung oder Ersatzlieferung in sonstiger Weise fehlschl\u00e4gt. Sie sind in diesen F\u00e4llen nach Ihrer Wahl berechtigt, vom Vertrag zur\u00fcckzutreten und eine entsprechende Minderung des Kaufpreises zu verlangen.<\/p>\n\n\n\n<p>(2) Es gilt die gesetzliche Gew\u00e4hrleistungsfrist. Sofern Sie nicht Verbraucher sind, gilt eine Gew\u00e4hrleistungsfrist von einem Jahr, ab Ablieferung der Ware.<\/p>\n\n\n\n<p>(3) Ich hafte f\u00fcr verschuldete Sch\u00e4den bei der Verletzung der vertraglichen Hauptpflichten und beim Fehlen einer zugesicherten Eigenschaft der Ware. Dar\u00fcber hinaus hafte ich lediglich nach dem Produkthaftungsgesetz. Die Haftung f\u00fcr die Verletzung vertraglicher Nebenpflichten ist ausgeschlossen, es sei denn, dass der Schaden durch mich grob fahrl\u00e4ssig oder vors\u00e4tzlich verursacht wurde. Im Falle einer leicht fahrl\u00e4ssigen Verletzung einer vertraglichen Hauptpflicht hafte ich f\u00fcr den typischerweise vorhersehbaren Schaden bis zur H\u00f6he des Kaufpreises der bestellten Ware.<\/p>\n\n\n\n<p>7. Datenschutz<\/p>\n\n\n\n<p>Zur Auftragsabwicklung werden Ihre personenbezogenen Daten gespeichert und ausschlie\u00dflich zu diesem Zweck gegebenenfalls an Dritte weitergegeben. Die Datenverarbeitung erfolgt nach Ma\u00dfgabe des geltenden Bundesdatenschutzgesetzes.<\/p>\n\n\n\n<p>8. Gerichtsstand<\/p>\n\n\n\n<p>Erf\u00fcllungsort ist Schwerin. Gerichtsstand im Verkehr mit Kaufleuten, juristischen Personen des \u00f6ffentlichen Rechts oder \u00f6ffentlich-rechtlichen Sonderverm\u00f6gen ist gleichfalls Schwerin.<\/p>\n\n\n\n<p>9. Salvatorische Klausel<\/p>\n\n\n\n<p>Sollten eine oder mehrere Regelungen dieser allgemeinen Gesch\u00e4ftsbedingungen unwirksam sein, so gelten an ihrer Stelle die allgemeinen gesetzlichen Regelungen. Die teilweise Unwirksamkeit einzelner Regelungen ber\u00fchrt nicht die Wirksamkeit der \u00fcbrigen Regelungen dieser allgemeinen Gesch\u00e4ftsbedingungen.<\/p>\n\n\n\n<p>Schwerin, 01. Dezember 2020<\/p>\n\n\n\n<p>Mensch-und-Design Andreas Beck<br>Demmlerstr. 15<br>19053 Schwerin<\/p>\n\n\n\n<p>E-Mail-Adresse: <a href=\"mailto:abeck@mensch-und-design.de\">abeck@mensch-und-design.de<\/a><br>Telefon: +49 385 53993738<\/p>\n","protected":false},"excerpt":{"rendered":"<p>AGBs &#8211; Versandbedingungen f\u00fcr den Online-Shop auf www.andersen-storm.com AGB Mensch-und-Design Andreas Beck 1. Geltungsbereich F\u00fcr die Gesch\u00e4ftsbeziehungen zwischen Mensch-und-Design Andreas Beck (Demmlerstr. 15, 19053 Schwerin) und Ihnen gelten ausschlie\u00dflich die vorliegenden allgemeinen Gesch\u00e4ftsbedingungen in ihrer zum Zeitpunkt der Bestellung g\u00fcltigen Fassung. Sie k\u00f6nnen die allgemeinen Gesch\u00e4ftsbedingungen auf Ihren Computer herunterladen oder ausdrucken. Abweichende Regelungen erkenne&hellip; <a class=\"more-link\" href=\"https:\/\/andersen-storm.com\/de\/agb\/\"><span class=\"screen-reader-text\">AGB<\/span> weiterlesen<\/a><\/p>\n","protected":false},"author":1,"featured_media":0,"parent":0,"menu_order":0,"comment_status":"closed","ping_status":"closed","template":"","meta":{"footnotes":"","_links_to":"","_links_to_target":""},"class_list":["post-453","page","type-page","status-publish","hentry","entry"],"translation":{"provider":"WPGlobus","version":"3.0.2","language":"de","enabled_languages":["en","de"],"languages":{"en":{"title":true,"content":true,"excerpt":false},"de":{"title":false,"content":false,"excerpt":false}}},"yoast_head":"<!-- This site is optimized with the Yoast SEO plugin v27.4 - https:\/\/yoast.com\/product\/yoast-seo-wordpress\/ -->\n<title>AGB - Andersen Storm<\/title>\n<meta name=\"robots\" content=\"index, follow, max-snippet:-1, max-image-preview:large, max-video-preview:-1\" \/>\n<link rel=\"canonical\" href=\"https:\/\/andersen-storm.com\/agb\/\" \/>\n<meta property=\"og:locale\" content=\"de_DE\" \/>\n<meta property=\"og:type\" content=\"article\" \/>\n<meta property=\"og:title\" content=\"AGB - Andersen Storm\" \/>\n<meta property=\"og:url\" content=\"https:\/\/andersen-storm.com\/agb\/\" \/>\n<meta property=\"og:site_name\" content=\"Andersen Storm\" \/>\n<meta name=\"twitter:card\" content=\"summary_large_image\" \/>\n<meta name=\"twitter:label1\" content=\"Gesch\u00e4tzte Lesezeit\" \/>\n\t<meta name=\"twitter:data1\" content=\"4\u00a0Minuten\" \/>\n<script type=\"application\/ld+json\" class=\"yoast-schema-graph\">{\"@context\":\"https:\\\/\\\/schema.org\",\"@graph\":[{\"@type\":\"WebPage\",\"@id\":\"https:\\\/\\\/andersen-storm.com\\\/agb\\\/\",\"url\":\"https:\\\/\\\/andersen-storm.com\\\/agb\\\/\",\"name\":\"AGB - Andersen Storm\",\"isPartOf\":{\"@id\":\"https:\\\/\\\/andersen-storm.com\\\/#website\"},\"datePublished\":\"2020-12-08T12:15:52+00:00\",\"breadcrumb\":{\"@id\":\"https:\\\/\\\/andersen-storm.com\\\/agb\\\/#breadcrumb\"},\"inLanguage\":\"de\",\"potentialAction\":[{\"@type\":\"ReadAction\",\"target\":[\"https:\\\/\\\/andersen-storm.com\\\/agb\\\/\"]}]},{\"@type\":\"BreadcrumbList\",\"@id\":\"https:\\\/\\\/andersen-storm.com\\\/agb\\\/#breadcrumb\",\"itemListElement\":[{\"@type\":\"ListItem\",\"position\":1,\"name\":\"Startseite\",\"item\":\"https:\\\/\\\/andersen-storm.com\\\/\"},{\"@type\":\"ListItem\",\"position\":2,\"name\":\"AGB\"}]},{\"@type\":\"WebSite\",\"@id\":\"https:\\\/\\\/andersen-storm.com\\\/#website\",\"url\":\"https:\\\/\\\/andersen-storm.com\\\/\",\"name\":\"{:en}Andersen Storm{:}{:de}Andersen Storm{:}\",\"description\":\"My Music \u2022 K\u00fcnstlerwebsite\",\"publisher\":{\"@id\":\"https:\\\/\\\/andersen-storm.com\\\/#\\\/schema\\\/person\\\/e0b5c824d9b0479c8df4d0acaf5ee1a0\"},\"potentialAction\":[{\"@type\":\"SearchAction\",\"target\":{\"@type\":\"EntryPoint\",\"urlTemplate\":\"https:\\\/\\\/andersen-storm.com\\\/?s={search_term_string}\"},\"query-input\":{\"@type\":\"PropertyValueSpecification\",\"valueRequired\":true,\"valueName\":\"search_term_string\"}}],\"inLanguage\":\"de\"},{\"@type\":[\"Person\",\"Organization\"],\"@id\":\"https:\\\/\\\/andersen-storm.com\\\/#\\\/schema\\\/person\\\/e0b5c824d9b0479c8df4d0acaf5ee1a0\",\"name\":\"Andersen\",\"image\":{\"@type\":\"ImageObject\",\"inLanguage\":\"de\",\"@id\":\"https:\\\/\\\/andersen-storm.com\\\/wp-content\\\/uploads\\\/2025\\\/08\\\/20250806_161303.jpg\",\"url\":\"https:\\\/\\\/andersen-storm.com\\\/wp-content\\\/uploads\\\/2025\\\/08\\\/20250806_161303.jpg\",\"contentUrl\":\"https:\\\/\\\/andersen-storm.com\\\/wp-content\\\/uploads\\\/2025\\\/08\\\/20250806_161303.jpg\",\"width\":1080,\"height\":1079,\"caption\":\"Andersen\"},\"logo\":{\"@id\":\"https:\\\/\\\/andersen-storm.com\\\/wp-content\\\/uploads\\\/2025\\\/08\\\/20250806_161303.jpg\"},\"sameAs\":[\"https:\\\/\\\/andersenstorm.com\"]}]}<\/script>\n<!-- \/ Yoast SEO plugin. -->","yoast_head_json":{"title":"AGB - Andersen Storm","robots":{"index":"index","follow":"follow","max-snippet":"max-snippet:-1","max-image-preview":"max-image-preview:large","max-video-preview":"max-video-preview:-1"},"canonical":"https:\/\/andersen-storm.com\/agb\/","og_locale":"de_DE","og_type":"article","og_title":"AGB - Andersen Storm","og_url":"https:\/\/andersen-storm.com\/agb\/","og_site_name":"Andersen Storm","twitter_card":"summary_large_image","twitter_misc":{"Gesch\u00e4tzte Lesezeit":"4\u00a0Minuten"},"schema":{"@context":"https:\/\/schema.org","@graph":[{"@type":"WebPage","@id":"https:\/\/andersen-storm.com\/agb\/","url":"https:\/\/andersen-storm.com\/agb\/","name":"AGB - Andersen Storm","isPartOf":{"@id":"https:\/\/andersen-storm.com\/#website"},"datePublished":"2020-12-08T12:15:52+00:00","breadcrumb":{"@id":"https:\/\/andersen-storm.com\/agb\/#breadcrumb"},"inLanguage":"de","potentialAction":[{"@type":"ReadAction","target":["https:\/\/andersen-storm.com\/agb\/"]}]},{"@type":"BreadcrumbList","@id":"https:\/\/andersen-storm.com\/agb\/#breadcrumb","itemListElement":[{"@type":"ListItem","position":1,"name":"Startseite","item":"https:\/\/andersen-storm.com\/"},{"@type":"ListItem","position":2,"name":"AGB"}]},{"@type":"WebSite","@id":"https:\/\/andersen-storm.com\/#website","url":"https:\/\/andersen-storm.com\/","name":"{:en}Andersen Storm{:}{:de}Andersen Storm{:}","description":"My Music \u2022 K\u00fcnstlerwebsite","publisher":{"@id":"https:\/\/andersen-storm.com\/#\/schema\/person\/e0b5c824d9b0479c8df4d0acaf5ee1a0"},"potentialAction":[{"@type":"SearchAction","target":{"@type":"EntryPoint","urlTemplate":"https:\/\/andersen-storm.com\/?s={search_term_string}"},"query-input":{"@type":"PropertyValueSpecification","valueRequired":true,"valueName":"search_term_string"}}],"inLanguage":"de"},{"@type":["Person","Organization"],"@id":"https:\/\/andersen-storm.com\/#\/schema\/person\/e0b5c824d9b0479c8df4d0acaf5ee1a0","name":"Andersen","image":{"@type":"ImageObject","inLanguage":"de","@id":"https:\/\/andersen-storm.com\/wp-content\/uploads\/2025\/08\/20250806_161303.jpg","url":"https:\/\/andersen-storm.com\/wp-content\/uploads\/2025\/08\/20250806_161303.jpg","contentUrl":"https:\/\/andersen-storm.com\/wp-content\/uploads\/2025\/08\/20250806_161303.jpg","width":1080,"height":1079,"caption":"Andersen"},"logo":{"@id":"https:\/\/andersen-storm.com\/wp-content\/uploads\/2025\/08\/20250806_161303.jpg"},"sameAs":["https:\/\/andersenstorm.com"]}]}},"_links":{"self":[{"href":"https:\/\/andersen-storm.com\/de\/wp-json\/wp\/v2\/pages\/453","targetHints":{"allow":["GET"]}}],"collection":[{"href":"https:\/\/andersen-storm.com\/de\/wp-json\/wp\/v2\/pages"}],"about":[{"href":"https:\/\/andersen-storm.com\/de\/wp-json\/wp\/v2\/types\/page"}],"author":[{"embeddable":true,"href":"https:\/\/andersen-storm.com\/de\/wp-json\/wp\/v2\/users\/1"}],"replies":[{"embeddable":true,"href":"https:\/\/andersen-storm.com\/de\/wp-json\/wp\/v2\/comments?post=453"}],"version-history":[{"count":1,"href":"https:\/\/andersen-storm.com\/de\/wp-json\/wp\/v2\/pages\/453\/revisions"}],"predecessor-version":[{"id":454,"href":"https:\/\/andersen-storm.com\/de\/wp-json\/wp\/v2\/pages\/453\/revisions\/454"}],"wp:attachment":[{"href":"https:\/\/andersen-storm.com\/de\/wp-json\/wp\/v2\/media?parent=453"}],"curies":[{"name":"wp","href":"https:\/\/api.w.org\/{rel}","templated":true}]}}