{"id":936,"date":"2021-03-26T15:41:19","date_gmt":"2021-03-26T14:41:19","guid":{"rendered":"https:\/\/andersen-storm.com\/?page_id=936"},"modified":"2021-04-08T10:15:28","modified_gmt":"2021-04-08T08:15:28","slug":"zuckerpuppe","status":"publish","type":"page","link":"https:\/\/andersen-storm.com\/de\/zuckerpuppe\/","title":{"rendered":"Zuckerpuppe"},"content":{"rendered":"\n<h2 class=\"wp-block-heading\">Album &#8222;So weit&#8220;<\/h2>\n\n\n\n<iframe style=\"border: 0; width: 444px; height: 120px;\" src=\"https:\/\/bandcamp.com\/EmbeddedPlayer\/album=677383909\/size=large\/bgcol=ffffff\/linkcol=0687f5\/artwork=small\/transparent=true\/tracklist=false\/tracks=4230404068\/esig=3e703110e5c1b2c5fc0ab7cb3c4a2d63\/\" seamless=\"\"><a href=\"https:\/\/andersenstorm.bandcamp.com\/album\/so-weit\">So weit by Andersen Storm<\/a><\/iframe>\n\n\n\n<p>Ich hab den weiten Weg hierher doch nicht gemacht,<br>nur um mir sagen zu lassen von dir:<br>He du, geh weg von meiner T\u00fcr!<br>Na gut, mir fehlen ein paar Teller<br>und ich hab nicht alle Tassen mehr.<br>Ich warf sie dir hinterher.<\/p>\n\n\n\n<p>Du meinst das war&#8217;s und du willst mich vergessen.<br>Ich sag O. K. Doch wollen wir nicht vorher noch was essen?<br>Du wirfst die T\u00fcr mir an den Kopf.<br>Ich krieg dich gerade noch beim Zopf.<br>Wir schreien immer schlimmer:<br>da ist es schon wieder wie immer.<\/p>\n\n\n\n<p>Wird alles wieder gut.<br>Kommt alles ins Reine.<br>Mit einem netten L\u00e4cheln l\u00e4uft die Kiste von alleine.<br>Wird alles wieder gut.<br>Kleine Zuckerpuppe.<br>Du bist das Salz in meinem Kaffee.<br>Ich bin das Haar in deiner Suppe.<\/p>\n\n\n\n<p>Du l\u00e4ufst mir fort.<br>Ich lauf dir nach, wie , &#8217;n kleiner Hund.<br>Nur um mir sagen zu lassen von dir:<br>He du, geh weg von meiner T\u00fcr!<br>O. K., da bleibt nicht viel von W\u00fcrde oder Stolz.<br>Dein Absatz steht auf meinem Fu\u00df.<br>Du s\u00e4uselst: Gib mir einen Kuss!<\/p>\n\n\n\n<p>Ich schrei vor Schmerz.<br>Ja, du kannst mir gestohlen werden.<br>Verflucht und zugen\u00e4ht.<br>Doch dazu ist es l\u00e4ngst zu sp\u00e4t.<\/p>\n\n\n\n<p>Wird alles wieder gut.<br>Kommt alles ins Reine.<br>Mit einem netten L\u00e4cheln l\u00e4uft die Kiste von alleine.<br>Wird alles wieder gut.<br>Kleine Zuckerpuppe.<br>Du bist das Salz in meinem Kaffee.<br>Ich bin das Haar in deiner Suppe.<\/p>\n\n\n\n<p>&#8217;s wird alles wieder gut!<br>&#8217;s wird alles wieder gut!<br>&#8217;s wird alles wieder gut, gut, gut, gut, gut!<br>&#8217;s wird alles wieder gut!<br>&#8217;s wird alles wieder gut!<br>&#8217;s wird alles wieder gut, gut, gut, gut, gut!<\/p>\n\n\n\n<p><strong>\u00a9 Andersen Storm 2021, All rights reserved. Alle Rechte vorbehalten.<\/strong><\/p>\n\n\n\n<ul class=\"wp-block-list\"><li><a href=\"https:\/\/andersen-storm.com\/zuckerpuppe\/\" data-type=\"page\" data-id=\"936\">Zuckerpuppe<\/a><\/li><li><a href=\"https:\/\/andersen-storm.com\/keiner-weis-es\/\" data-type=\"page\" data-id=\"947\">Keiner wei\u00df es<\/a><\/li><li><a href=\"https:\/\/andersen-storm.com\/warten-zwei\/\" data-type=\"page\" data-id=\"951\">Warten zwei <\/a><\/li><li><a href=\"https:\/\/andersen-storm.com\/so-muss-das\/\" data-type=\"page\" data-id=\"957\">So muss das <\/a><\/li><li><a href=\"https:\/\/andersen-storm.com\/lass-dir-nichts-erzahlen\/\" data-type=\"page\" data-id=\"959\">Lass dir nichts erz\u00e4hlen<\/a><\/li><li><a href=\"https:\/\/andersen-storm.com\/warten-auf-mehr\/\" data-type=\"page\" data-id=\"961\">Warten auf mehr<\/a><\/li><li><a href=\"https:\/\/andersen-storm.com\/nu-nee-ist-klar\/\" data-type=\"page\" data-id=\"408\">Nu nee, ist klar (Album Version)<\/a><\/li><li><a href=\"https:\/\/andersen-storm.com\/meine-freundin\/\" data-type=\"page\" data-id=\"444\">Meine Freundin (Album Version)<\/a><\/li><\/ul>\n\n\n\n<hr class=\"wp-block-separator\"\/>\n\n\n","protected":false},"excerpt":{"rendered":"<p>Album &#8222;So weit&#8220; So weit by Andersen Storm Ich hab den weiten Weg hierher doch nicht gemacht,nur um mir sagen zu lassen von dir:He du, geh weg von meiner T\u00fcr!Na gut, mir fehlen ein paar Tellerund ich hab nicht alle Tassen mehr.Ich warf sie dir hinterher. Du meinst das war&#8217;s und du willst mich vergessen.Ich&hellip; <a class=\"more-link\" href=\"https:\/\/andersen-storm.com\/de\/zuckerpuppe\/\"><span class=\"screen-reader-text\">Zuckerpuppe<\/span> weiterlesen<\/a><\/p>\n","protected":false},"author":1,"featured_media":1036,"parent":0,"menu_order":0,"comment_status":"closed","ping_status":"closed","template":"","meta":{"footnotes":"","_links_to":"","_links_to_target":""},"class_list":["post-936","page","type-page","status-publish","has-post-thumbnail","hentry","entry"],"translation":{"provider":"WPGlobus","version":"3.0.2","language":"de","enabled_languages":["en","de"],"languages":{"en":{"title":true,"content":true,"excerpt":false},"de":{"title":false,"content":false,"excerpt":false}}},"yoast_head":"<!-- This site is optimized with the Yoast SEO plugin v27.4 - https:\/\/yoast.com\/product\/yoast-seo-wordpress\/ -->\n<title>Zuckerpuppe - Andersen Storm<\/title>\n<meta name=\"robots\" content=\"index, follow, max-snippet:-1, max-image-preview:large, max-video-preview:-1\" \/>\n<link rel=\"canonical\" href=\"https:\/\/andersen-storm.com\/zuckerpuppe\/\" \/>\n<meta property=\"og:locale\" content=\"de_DE\" \/>\n<meta property=\"og:type\" content=\"article\" \/>\n<meta property=\"og:title\" content=\"Zuckerpuppe - Andersen Storm\" \/>\n<meta property=\"og:url\" content=\"https:\/\/andersen-storm.com\/zuckerpuppe\/\" \/>\n<meta property=\"og:site_name\" content=\"Andersen Storm\" \/>\n<meta property=\"article:modified_time\" content=\"2021-04-08T08:15:28+00:00\" \/>\n<meta property=\"og:image\" content=\"https:\/\/andersen-storm.com\/wp-content\/uploads\/2021\/04\/andersenstorm_soweit_album_cover_600px_e-1.jpg\" \/>\n\t<meta property=\"og:image:width\" content=\"600\" \/>\n\t<meta property=\"og:image:height\" content=\"600\" \/>\n\t<meta property=\"og:image:type\" content=\"image\/jpeg\" \/>\n<meta name=\"twitter:card\" content=\"summary_large_image\" \/>\n<meta name=\"twitter:label1\" content=\"Gesch\u00e4tzte Lesezeit\" \/>\n\t<meta name=\"twitter:data1\" content=\"2\u00a0Minuten\" \/>\n<script type=\"application\/ld+json\" class=\"yoast-schema-graph\">{\"@context\":\"https:\\\/\\\/schema.org\",\"@graph\":[{\"@type\":\"WebPage\",\"@id\":\"https:\\\/\\\/andersen-storm.com\\\/zuckerpuppe\\\/\",\"url\":\"https:\\\/\\\/andersen-storm.com\\\/zuckerpuppe\\\/\",\"name\":\"Zuckerpuppe - Andersen Storm\",\"isPartOf\":{\"@id\":\"https:\\\/\\\/andersen-storm.com\\\/#website\"},\"primaryImageOfPage\":{\"@id\":\"https:\\\/\\\/andersen-storm.com\\\/zuckerpuppe\\\/#primaryimage\"},\"image\":{\"@id\":\"https:\\\/\\\/andersen-storm.com\\\/zuckerpuppe\\\/#primaryimage\"},\"thumbnailUrl\":\"https:\\\/\\\/andersen-storm.com\\\/wp-content\\\/uploads\\\/2021\\\/04\\\/andersenstorm_soweit_album_cover_600px_e-1.jpg\",\"datePublished\":\"2021-03-26T14:41:19+00:00\",\"dateModified\":\"2021-04-08T08:15:28+00:00\",\"breadcrumb\":{\"@id\":\"https:\\\/\\\/andersen-storm.com\\\/zuckerpuppe\\\/#breadcrumb\"},\"inLanguage\":\"de\",\"potentialAction\":[{\"@type\":\"ReadAction\",\"target\":[\"https:\\\/\\\/andersen-storm.com\\\/zuckerpuppe\\\/\"]}]},{\"@type\":\"ImageObject\",\"inLanguage\":\"de\",\"@id\":\"https:\\\/\\\/andersen-storm.com\\\/zuckerpuppe\\\/#primaryimage\",\"url\":\"https:\\\/\\\/andersen-storm.com\\\/wp-content\\\/uploads\\\/2021\\\/04\\\/andersenstorm_soweit_album_cover_600px_e-1.jpg\",\"contentUrl\":\"https:\\\/\\\/andersen-storm.com\\\/wp-content\\\/uploads\\\/2021\\\/04\\\/andersenstorm_soweit_album_cover_600px_e-1.jpg\",\"width\":600,\"height\":600},{\"@type\":\"BreadcrumbList\",\"@id\":\"https:\\\/\\\/andersen-storm.com\\\/zuckerpuppe\\\/#breadcrumb\",\"itemListElement\":[{\"@type\":\"ListItem\",\"position\":1,\"name\":\"Startseite\",\"item\":\"https:\\\/\\\/andersen-storm.com\\\/\"},{\"@type\":\"ListItem\",\"position\":2,\"name\":\"Zuckerpuppe\"}]},{\"@type\":\"WebSite\",\"@id\":\"https:\\\/\\\/andersen-storm.com\\\/#website\",\"url\":\"https:\\\/\\\/andersen-storm.com\\\/\",\"name\":\"{:en}Andersen Storm{:}{:de}Andersen Storm{:}\",\"description\":\"My Music \u2022 K\u00fcnstlerwebsite\",\"publisher\":{\"@id\":\"https:\\\/\\\/andersen-storm.com\\\/#\\\/schema\\\/person\\\/e0b5c824d9b0479c8df4d0acaf5ee1a0\"},\"potentialAction\":[{\"@type\":\"SearchAction\",\"target\":{\"@type\":\"EntryPoint\",\"urlTemplate\":\"https:\\\/\\\/andersen-storm.com\\\/?s={search_term_string}\"},\"query-input\":{\"@type\":\"PropertyValueSpecification\",\"valueRequired\":true,\"valueName\":\"search_term_string\"}}],\"inLanguage\":\"de\"},{\"@type\":[\"Person\",\"Organization\"],\"@id\":\"https:\\\/\\\/andersen-storm.com\\\/#\\\/schema\\\/person\\\/e0b5c824d9b0479c8df4d0acaf5ee1a0\",\"name\":\"Andersen\",\"image\":{\"@type\":\"ImageObject\",\"inLanguage\":\"de\",\"@id\":\"https:\\\/\\\/andersen-storm.com\\\/wp-content\\\/uploads\\\/2025\\\/08\\\/20250806_161303.jpg\",\"url\":\"https:\\\/\\\/andersen-storm.com\\\/wp-content\\\/uploads\\\/2025\\\/08\\\/20250806_161303.jpg\",\"contentUrl\":\"https:\\\/\\\/andersen-storm.com\\\/wp-content\\\/uploads\\\/2025\\\/08\\\/20250806_161303.jpg\",\"width\":1080,\"height\":1079,\"caption\":\"Andersen\"},\"logo\":{\"@id\":\"https:\\\/\\\/andersen-storm.com\\\/wp-content\\\/uploads\\\/2025\\\/08\\\/20250806_161303.jpg\"},\"sameAs\":[\"https:\\\/\\\/andersenstorm.com\"]}]}<\/script>\n<!-- \/ Yoast SEO plugin. -->","yoast_head_json":{"title":"Zuckerpuppe - Andersen Storm","robots":{"index":"index","follow":"follow","max-snippet":"max-snippet:-1","max-image-preview":"max-image-preview:large","max-video-preview":"max-video-preview:-1"},"canonical":"https:\/\/andersen-storm.com\/zuckerpuppe\/","og_locale":"de_DE","og_type":"article","og_title":"Zuckerpuppe - Andersen Storm","og_url":"https:\/\/andersen-storm.com\/zuckerpuppe\/","og_site_name":"Andersen Storm","article_modified_time":"2021-04-08T08:15:28+00:00","og_image":[{"width":600,"height":600,"url":"https:\/\/andersen-storm.com\/wp-content\/uploads\/2021\/04\/andersenstorm_soweit_album_cover_600px_e-1.jpg","type":"image\/jpeg"}],"twitter_card":"summary_large_image","twitter_misc":{"Gesch\u00e4tzte Lesezeit":"2\u00a0Minuten"},"schema":{"@context":"https:\/\/schema.org","@graph":[{"@type":"WebPage","@id":"https:\/\/andersen-storm.com\/zuckerpuppe\/","url":"https:\/\/andersen-storm.com\/zuckerpuppe\/","name":"Zuckerpuppe - Andersen Storm","isPartOf":{"@id":"https:\/\/andersen-storm.com\/#website"},"primaryImageOfPage":{"@id":"https:\/\/andersen-storm.com\/zuckerpuppe\/#primaryimage"},"image":{"@id":"https:\/\/andersen-storm.com\/zuckerpuppe\/#primaryimage"},"thumbnailUrl":"https:\/\/andersen-storm.com\/wp-content\/uploads\/2021\/04\/andersenstorm_soweit_album_cover_600px_e-1.jpg","datePublished":"2021-03-26T14:41:19+00:00","dateModified":"2021-04-08T08:15:28+00:00","breadcrumb":{"@id":"https:\/\/andersen-storm.com\/zuckerpuppe\/#breadcrumb"},"inLanguage":"de","potentialAction":[{"@type":"ReadAction","target":["https:\/\/andersen-storm.com\/zuckerpuppe\/"]}]},{"@type":"ImageObject","inLanguage":"de","@id":"https:\/\/andersen-storm.com\/zuckerpuppe\/#primaryimage","url":"https:\/\/andersen-storm.com\/wp-content\/uploads\/2021\/04\/andersenstorm_soweit_album_cover_600px_e-1.jpg","contentUrl":"https:\/\/andersen-storm.com\/wp-content\/uploads\/2021\/04\/andersenstorm_soweit_album_cover_600px_e-1.jpg","width":600,"height":600},{"@type":"BreadcrumbList","@id":"https:\/\/andersen-storm.com\/zuckerpuppe\/#breadcrumb","itemListElement":[{"@type":"ListItem","position":1,"name":"Startseite","item":"https:\/\/andersen-storm.com\/"},{"@type":"ListItem","position":2,"name":"Zuckerpuppe"}]},{"@type":"WebSite","@id":"https:\/\/andersen-storm.com\/#website","url":"https:\/\/andersen-storm.com\/","name":"{:en}Andersen Storm{:}{:de}Andersen Storm{:}","description":"My Music \u2022 K\u00fcnstlerwebsite","publisher":{"@id":"https:\/\/andersen-storm.com\/#\/schema\/person\/e0b5c824d9b0479c8df4d0acaf5ee1a0"},"potentialAction":[{"@type":"SearchAction","target":{"@type":"EntryPoint","urlTemplate":"https:\/\/andersen-storm.com\/?s={search_term_string}"},"query-input":{"@type":"PropertyValueSpecification","valueRequired":true,"valueName":"search_term_string"}}],"inLanguage":"de"},{"@type":["Person","Organization"],"@id":"https:\/\/andersen-storm.com\/#\/schema\/person\/e0b5c824d9b0479c8df4d0acaf5ee1a0","name":"Andersen","image":{"@type":"ImageObject","inLanguage":"de","@id":"https:\/\/andersen-storm.com\/wp-content\/uploads\/2025\/08\/20250806_161303.jpg","url":"https:\/\/andersen-storm.com\/wp-content\/uploads\/2025\/08\/20250806_161303.jpg","contentUrl":"https:\/\/andersen-storm.com\/wp-content\/uploads\/2025\/08\/20250806_161303.jpg","width":1080,"height":1079,"caption":"Andersen"},"logo":{"@id":"https:\/\/andersen-storm.com\/wp-content\/uploads\/2025\/08\/20250806_161303.jpg"},"sameAs":["https:\/\/andersenstorm.com"]}]}},"_links":{"self":[{"href":"https:\/\/andersen-storm.com\/de\/wp-json\/wp\/v2\/pages\/936","targetHints":{"allow":["GET"]}}],"collection":[{"href":"https:\/\/andersen-storm.com\/de\/wp-json\/wp\/v2\/pages"}],"about":[{"href":"https:\/\/andersen-storm.com\/de\/wp-json\/wp\/v2\/types\/page"}],"author":[{"embeddable":true,"href":"https:\/\/andersen-storm.com\/de\/wp-json\/wp\/v2\/users\/1"}],"replies":[{"embeddable":true,"href":"https:\/\/andersen-storm.com\/de\/wp-json\/wp\/v2\/comments?post=936"}],"version-history":[{"count":10,"href":"https:\/\/andersen-storm.com\/de\/wp-json\/wp\/v2\/pages\/936\/revisions"}],"predecessor-version":[{"id":1049,"href":"https:\/\/andersen-storm.com\/de\/wp-json\/wp\/v2\/pages\/936\/revisions\/1049"}],"wp:featuredmedia":[{"embeddable":true,"href":"https:\/\/andersen-storm.com\/de\/wp-json\/wp\/v2\/media\/1036"}],"wp:attachment":[{"href":"https:\/\/andersen-storm.com\/de\/wp-json\/wp\/v2\/media?parent=936"}],"curies":[{"name":"wp","href":"https:\/\/api.w.org\/{rel}","templated":true}]}}