{"id":947,"date":"2021-04-08T00:01:00","date_gmt":"2021-04-07T22:01:00","guid":{"rendered":"https:\/\/andersen-storm.com\/?page_id=947"},"modified":"2021-04-08T10:22:12","modified_gmt":"2021-04-08T08:22:12","slug":"keiner-weis-es","status":"publish","type":"page","link":"https:\/\/andersen-storm.com\/de\/keiner-weis-es\/","title":{"rendered":"Keiner wei\u00df es"},"content":{"rendered":"\n<h2 class=\"wp-block-heading\">Album &#8222;So weit&#8220;, 2021<\/h2>\n\n\n\n<p>Willst du deine Zeit vertr\u00f6deln?<br>Leben nach alter Sitte?<br>Strategie der kleinen Schritte?<br>Vom Rand ab durch die Mitte?<\/p>\n\n\n\n<p>Stell dir das Leben vor so wie eine Ring.<br>Genie und Wahnsinn sind das gleiche Ding.<br>Nur mit anderer Wirkung, so wie Klassik und Punk.<br>Nicht durch die Mitte! Du musst au\u00dfen entlang.<\/p>\n\n\n\n<p>Just for fun. Nimm dir was du kriegst.<br>Was macht dir Spa\u00df wenn du am Boden liegst?<\/p>\n\n\n\n<p>Du meinst es geht nicht gut. <br>Ich wei\u00df nicht was du hast?<br>Man kommt voll Hoffnung vom Entzug <br>und t\u00e4towiert aus dem Knast.<br>Niemand wird uns sehen. <br>Jeder dreht sich weg wenn&#8217;s knallt.<br>Erst einmal m\u00fcssen sie und haben<br>und einen Wisch vom Staatsanwalt.<\/p>\n\n\n\n<p>Doch keiner wei\u00df es.<\/p>\n\n\n\n<p>Wie ein Bankraub ist die Liebe.<br>Geh&#8216; da rein und hol&#8216; den Preis.<br>Doch genie\u00dfe im Verborgenen<br>denn die Ware ist noch hei\u00df.<\/p>\n\n\n\n<p>Stell dir das Leben vor so wie eine Ring.<br>Liebe und Hass sind das gleiche Ding.<br>Nur mit anderer Wirkung, so wie clever und klug.<br>Nicht durch die Mitte ist von beiden genug.<\/p>\n\n\n\n<p>Just for fun. Nimm dir was du brauchst.<br>Was macht dir Spa\u00df wenn du am Boden krauchst?<\/p>\n\n\n\n<p>Du meinst es geht nicht gut. <br>Ich wei\u00df nicht was du hast?<br>Man kommt voll Hoffnung vom Entzug <br>und t\u00e4towiert aus dem Knast.<br>Niemand wird uns sehen. <br>Jeder dreht sich weg wenn&#8217;s knallt.<br>Erst einmal m\u00fcssen sie und haben<br>und einen Wisch vom Staatsanwalt.<\/p>\n\n\n\n<p>Doch keiner wei\u00df es.<br>Keiner wei\u00df es.<br>Keiner wei\u00df es.<\/p>\n\n\n\n<p><strong>\u00a9 Andersen Storm 2021, All rights reserved. Alle Rechte vorbehalten.<\/strong><\/p>\n\n\n\n<ul class=\"wp-block-list\"><li><a href=\"https:\/\/andersen-storm.com\/zuckerpuppe\/\" data-type=\"page\" data-id=\"936\">Zuckerpuppe<\/a><\/li><li><a href=\"https:\/\/andersen-storm.com\/keiner-weis-es\/\" data-type=\"page\" data-id=\"947\">Keiner wei\u00df es<\/a><\/li><li><a href=\"https:\/\/andersen-storm.com\/warten-zwei\/\" data-type=\"page\" data-id=\"951\">Warten zwei <\/a><\/li><li><a href=\"https:\/\/andersen-storm.com\/so-muss-das\/\" data-type=\"page\" data-id=\"957\">So muss das <\/a><\/li><li><a href=\"https:\/\/andersen-storm.com\/lass-dir-nichts-erzahlen\/\" data-type=\"page\" data-id=\"959\">Lass dir nichts erz\u00e4hlen<\/a><\/li><li><a href=\"https:\/\/andersen-storm.com\/warten-auf-mehr\/\" data-type=\"page\" data-id=\"961\">Warten auf mehr<\/a><\/li><li><a href=\"https:\/\/andersen-storm.com\/nu-nee-ist-klar\/\" data-type=\"page\" data-id=\"408\">Nu nee, ist klar (Album Version)<\/a><\/li><li><a href=\"https:\/\/andersen-storm.com\/meine-freundin\/\" data-type=\"page\" data-id=\"444\">Meine Freundin (Album Version)<\/a><\/li><\/ul>\n\n\n\n<hr class=\"wp-block-separator\"\/>\n\n\n","protected":false},"excerpt":{"rendered":"<p>Album &#8222;So weit&#8220;, 2021 Willst du deine Zeit vertr\u00f6deln?Leben nach alter Sitte?Strategie der kleinen Schritte?Vom Rand ab durch die Mitte? Stell dir das Leben vor so wie eine Ring.Genie und Wahnsinn sind das gleiche Ding.Nur mit anderer Wirkung, so wie Klassik und Punk.Nicht durch die Mitte! Du musst au\u00dfen entlang. Just for fun. Nimm dir&hellip; <a class=\"more-link\" href=\"https:\/\/andersen-storm.com\/de\/keiner-weis-es\/\"><span class=\"screen-reader-text\">Keiner wei\u00df es<\/span> weiterlesen<\/a><\/p>\n","protected":false},"author":1,"featured_media":1036,"parent":0,"menu_order":0,"comment_status":"closed","ping_status":"closed","template":"","meta":{"footnotes":"","_links_to":"","_links_to_target":""},"class_list":["post-947","page","type-page","status-publish","has-post-thumbnail","hentry","entry"],"translation":{"provider":"WPGlobus","version":"3.0.2","language":"de","enabled_languages":["en","de"],"languages":{"en":{"title":true,"content":true,"excerpt":false},"de":{"title":false,"content":false,"excerpt":false}}},"yoast_head":"<!-- This site is optimized with the Yoast SEO plugin v27.4 - https:\/\/yoast.com\/product\/yoast-seo-wordpress\/ -->\n<title>Keiner wei\u00df es - Andersen Storm<\/title>\n<meta name=\"robots\" content=\"index, follow, max-snippet:-1, max-image-preview:large, max-video-preview:-1\" \/>\n<link rel=\"canonical\" href=\"https:\/\/andersen-storm.com\/keiner-weis-es\/\" \/>\n<meta property=\"og:locale\" content=\"de_DE\" \/>\n<meta property=\"og:type\" content=\"article\" \/>\n<meta property=\"og:title\" content=\"Keiner wei\u00df es - Andersen Storm\" \/>\n<meta property=\"og:url\" content=\"https:\/\/andersen-storm.com\/keiner-weis-es\/\" \/>\n<meta property=\"og:site_name\" content=\"Andersen Storm\" \/>\n<meta property=\"article:modified_time\" content=\"2021-04-08T08:22:12+00:00\" \/>\n<meta property=\"og:image\" content=\"https:\/\/andersen-storm.com\/wp-content\/uploads\/2021\/04\/andersenstorm_soweit_album_cover_600px_e-1.jpg\" \/>\n\t<meta property=\"og:image:width\" content=\"600\" \/>\n\t<meta property=\"og:image:height\" content=\"600\" \/>\n\t<meta property=\"og:image:type\" content=\"image\/jpeg\" \/>\n<meta name=\"twitter:card\" content=\"summary_large_image\" \/>\n<meta name=\"twitter:label1\" content=\"Gesch\u00e4tzte Lesezeit\" \/>\n\t<meta name=\"twitter:data1\" content=\"1\u00a0Minute\" \/>\n<script type=\"application\/ld+json\" class=\"yoast-schema-graph\">{\"@context\":\"https:\\\/\\\/schema.org\",\"@graph\":[{\"@type\":\"WebPage\",\"@id\":\"https:\\\/\\\/andersen-storm.com\\\/keiner-weis-es\\\/\",\"url\":\"https:\\\/\\\/andersen-storm.com\\\/keiner-weis-es\\\/\",\"name\":\"Keiner wei\u00df es - Andersen Storm\",\"isPartOf\":{\"@id\":\"https:\\\/\\\/andersen-storm.com\\\/#website\"},\"primaryImageOfPage\":{\"@id\":\"https:\\\/\\\/andersen-storm.com\\\/keiner-weis-es\\\/#primaryimage\"},\"image\":{\"@id\":\"https:\\\/\\\/andersen-storm.com\\\/keiner-weis-es\\\/#primaryimage\"},\"thumbnailUrl\":\"https:\\\/\\\/andersen-storm.com\\\/wp-content\\\/uploads\\\/2021\\\/04\\\/andersenstorm_soweit_album_cover_600px_e-1.jpg\",\"datePublished\":\"2021-04-07T22:01:00+00:00\",\"dateModified\":\"2021-04-08T08:22:12+00:00\",\"breadcrumb\":{\"@id\":\"https:\\\/\\\/andersen-storm.com\\\/keiner-weis-es\\\/#breadcrumb\"},\"inLanguage\":\"de\",\"potentialAction\":[{\"@type\":\"ReadAction\",\"target\":[\"https:\\\/\\\/andersen-storm.com\\\/keiner-weis-es\\\/\"]}]},{\"@type\":\"ImageObject\",\"inLanguage\":\"de\",\"@id\":\"https:\\\/\\\/andersen-storm.com\\\/keiner-weis-es\\\/#primaryimage\",\"url\":\"https:\\\/\\\/andersen-storm.com\\\/wp-content\\\/uploads\\\/2021\\\/04\\\/andersenstorm_soweit_album_cover_600px_e-1.jpg\",\"contentUrl\":\"https:\\\/\\\/andersen-storm.com\\\/wp-content\\\/uploads\\\/2021\\\/04\\\/andersenstorm_soweit_album_cover_600px_e-1.jpg\",\"width\":600,\"height\":600},{\"@type\":\"BreadcrumbList\",\"@id\":\"https:\\\/\\\/andersen-storm.com\\\/keiner-weis-es\\\/#breadcrumb\",\"itemListElement\":[{\"@type\":\"ListItem\",\"position\":1,\"name\":\"Startseite\",\"item\":\"https:\\\/\\\/andersen-storm.com\\\/\"},{\"@type\":\"ListItem\",\"position\":2,\"name\":\"Keiner wei\u00df es\"}]},{\"@type\":\"WebSite\",\"@id\":\"https:\\\/\\\/andersen-storm.com\\\/#website\",\"url\":\"https:\\\/\\\/andersen-storm.com\\\/\",\"name\":\"{:en}Andersen Storm{:}{:de}Andersen Storm{:}\",\"description\":\"My Music \u2022 K\u00fcnstlerwebsite\",\"publisher\":{\"@id\":\"https:\\\/\\\/andersen-storm.com\\\/#\\\/schema\\\/person\\\/e0b5c824d9b0479c8df4d0acaf5ee1a0\"},\"potentialAction\":[{\"@type\":\"SearchAction\",\"target\":{\"@type\":\"EntryPoint\",\"urlTemplate\":\"https:\\\/\\\/andersen-storm.com\\\/?s={search_term_string}\"},\"query-input\":{\"@type\":\"PropertyValueSpecification\",\"valueRequired\":true,\"valueName\":\"search_term_string\"}}],\"inLanguage\":\"de\"},{\"@type\":[\"Person\",\"Organization\"],\"@id\":\"https:\\\/\\\/andersen-storm.com\\\/#\\\/schema\\\/person\\\/e0b5c824d9b0479c8df4d0acaf5ee1a0\",\"name\":\"Andersen\",\"image\":{\"@type\":\"ImageObject\",\"inLanguage\":\"de\",\"@id\":\"https:\\\/\\\/andersen-storm.com\\\/wp-content\\\/uploads\\\/2025\\\/08\\\/20250806_161303.jpg\",\"url\":\"https:\\\/\\\/andersen-storm.com\\\/wp-content\\\/uploads\\\/2025\\\/08\\\/20250806_161303.jpg\",\"contentUrl\":\"https:\\\/\\\/andersen-storm.com\\\/wp-content\\\/uploads\\\/2025\\\/08\\\/20250806_161303.jpg\",\"width\":1080,\"height\":1079,\"caption\":\"Andersen\"},\"logo\":{\"@id\":\"https:\\\/\\\/andersen-storm.com\\\/wp-content\\\/uploads\\\/2025\\\/08\\\/20250806_161303.jpg\"},\"sameAs\":[\"https:\\\/\\\/andersenstorm.com\"]}]}<\/script>\n<!-- \/ Yoast SEO plugin. -->","yoast_head_json":{"title":"Keiner wei\u00df es - Andersen Storm","robots":{"index":"index","follow":"follow","max-snippet":"max-snippet:-1","max-image-preview":"max-image-preview:large","max-video-preview":"max-video-preview:-1"},"canonical":"https:\/\/andersen-storm.com\/keiner-weis-es\/","og_locale":"de_DE","og_type":"article","og_title":"Keiner wei\u00df es - Andersen Storm","og_url":"https:\/\/andersen-storm.com\/keiner-weis-es\/","og_site_name":"Andersen Storm","article_modified_time":"2021-04-08T08:22:12+00:00","og_image":[{"width":600,"height":600,"url":"https:\/\/andersen-storm.com\/wp-content\/uploads\/2021\/04\/andersenstorm_soweit_album_cover_600px_e-1.jpg","type":"image\/jpeg"}],"twitter_card":"summary_large_image","twitter_misc":{"Gesch\u00e4tzte Lesezeit":"1\u00a0Minute"},"schema":{"@context":"https:\/\/schema.org","@graph":[{"@type":"WebPage","@id":"https:\/\/andersen-storm.com\/keiner-weis-es\/","url":"https:\/\/andersen-storm.com\/keiner-weis-es\/","name":"Keiner wei\u00df es - Andersen Storm","isPartOf":{"@id":"https:\/\/andersen-storm.com\/#website"},"primaryImageOfPage":{"@id":"https:\/\/andersen-storm.com\/keiner-weis-es\/#primaryimage"},"image":{"@id":"https:\/\/andersen-storm.com\/keiner-weis-es\/#primaryimage"},"thumbnailUrl":"https:\/\/andersen-storm.com\/wp-content\/uploads\/2021\/04\/andersenstorm_soweit_album_cover_600px_e-1.jpg","datePublished":"2021-04-07T22:01:00+00:00","dateModified":"2021-04-08T08:22:12+00:00","breadcrumb":{"@id":"https:\/\/andersen-storm.com\/keiner-weis-es\/#breadcrumb"},"inLanguage":"de","potentialAction":[{"@type":"ReadAction","target":["https:\/\/andersen-storm.com\/keiner-weis-es\/"]}]},{"@type":"ImageObject","inLanguage":"de","@id":"https:\/\/andersen-storm.com\/keiner-weis-es\/#primaryimage","url":"https:\/\/andersen-storm.com\/wp-content\/uploads\/2021\/04\/andersenstorm_soweit_album_cover_600px_e-1.jpg","contentUrl":"https:\/\/andersen-storm.com\/wp-content\/uploads\/2021\/04\/andersenstorm_soweit_album_cover_600px_e-1.jpg","width":600,"height":600},{"@type":"BreadcrumbList","@id":"https:\/\/andersen-storm.com\/keiner-weis-es\/#breadcrumb","itemListElement":[{"@type":"ListItem","position":1,"name":"Startseite","item":"https:\/\/andersen-storm.com\/"},{"@type":"ListItem","position":2,"name":"Keiner wei\u00df es"}]},{"@type":"WebSite","@id":"https:\/\/andersen-storm.com\/#website","url":"https:\/\/andersen-storm.com\/","name":"{:en}Andersen Storm{:}{:de}Andersen Storm{:}","description":"My Music \u2022 K\u00fcnstlerwebsite","publisher":{"@id":"https:\/\/andersen-storm.com\/#\/schema\/person\/e0b5c824d9b0479c8df4d0acaf5ee1a0"},"potentialAction":[{"@type":"SearchAction","target":{"@type":"EntryPoint","urlTemplate":"https:\/\/andersen-storm.com\/?s={search_term_string}"},"query-input":{"@type":"PropertyValueSpecification","valueRequired":true,"valueName":"search_term_string"}}],"inLanguage":"de"},{"@type":["Person","Organization"],"@id":"https:\/\/andersen-storm.com\/#\/schema\/person\/e0b5c824d9b0479c8df4d0acaf5ee1a0","name":"Andersen","image":{"@type":"ImageObject","inLanguage":"de","@id":"https:\/\/andersen-storm.com\/wp-content\/uploads\/2025\/08\/20250806_161303.jpg","url":"https:\/\/andersen-storm.com\/wp-content\/uploads\/2025\/08\/20250806_161303.jpg","contentUrl":"https:\/\/andersen-storm.com\/wp-content\/uploads\/2025\/08\/20250806_161303.jpg","width":1080,"height":1079,"caption":"Andersen"},"logo":{"@id":"https:\/\/andersen-storm.com\/wp-content\/uploads\/2025\/08\/20250806_161303.jpg"},"sameAs":["https:\/\/andersenstorm.com"]}]}},"_links":{"self":[{"href":"https:\/\/andersen-storm.com\/de\/wp-json\/wp\/v2\/pages\/947","targetHints":{"allow":["GET"]}}],"collection":[{"href":"https:\/\/andersen-storm.com\/de\/wp-json\/wp\/v2\/pages"}],"about":[{"href":"https:\/\/andersen-storm.com\/de\/wp-json\/wp\/v2\/types\/page"}],"author":[{"embeddable":true,"href":"https:\/\/andersen-storm.com\/de\/wp-json\/wp\/v2\/users\/1"}],"replies":[{"embeddable":true,"href":"https:\/\/andersen-storm.com\/de\/wp-json\/wp\/v2\/comments?post=947"}],"version-history":[{"count":3,"href":"https:\/\/andersen-storm.com\/de\/wp-json\/wp\/v2\/pages\/947\/revisions"}],"predecessor-version":[{"id":1053,"href":"https:\/\/andersen-storm.com\/de\/wp-json\/wp\/v2\/pages\/947\/revisions\/1053"}],"wp:featuredmedia":[{"embeddable":true,"href":"https:\/\/andersen-storm.com\/de\/wp-json\/wp\/v2\/media\/1036"}],"wp:attachment":[{"href":"https:\/\/andersen-storm.com\/de\/wp-json\/wp\/v2\/media?parent=947"}],"curies":[{"name":"wp","href":"https:\/\/api.w.org\/{rel}","templated":true}]}}