{"id":957,"date":"2021-04-08T00:01:00","date_gmt":"2021-04-07T22:01:00","guid":{"rendered":"https:\/\/andersen-storm.com\/?page_id=957"},"modified":"2021-04-08T10:24:07","modified_gmt":"2021-04-08T08:24:07","slug":"so-muss-das","status":"publish","type":"page","link":"https:\/\/andersen-storm.com\/de\/so-muss-das\/","title":{"rendered":"So muss das"},"content":{"rendered":"\n<h2 class=\"has-text-align-center wp-block-heading\">Album &#8222;So weit&#8220;, 2021<\/h2>\n\n\n\n<p>So muss das! So muss das!<br>Bleibt&#8217;s ein L\u00e4cheln oder wird ein Kuss das?<br>So muss das! So muss das!<br>Ganz egal was jetzt passiert,<br>das ist klar: wir sind verwirrt.<br>So muss das!<br>So muss das wohl sein!<br>Wir sind soweit voraus,<br>Ich krieg&#8216; mich gar nicht mehr ein! <br>So muss das! So muss das<br>dann sein!<\/p>\n\n\n\n<p>Wir ham&#8216; die Manuale durchgelesen<br>und alles hochgefahren, wie in den Gr\u00fcnderjahren.<br>Wir ham&#8216; die Scheine brav gemacht<br>und dann die Posten ausgelacht.<br>Die ham&#8216; sich all das ausgedacht <br>und es anschlie\u00dfend \u00fcberwacht.<br>Und damit war es dann vollbracht,<br>auch wenn es keinen Sinn mehr macht!<\/p>\n\n\n\n<p>Kann man so machen.<br>Ist nur doof als Pflicht.<br>K\u00f6nnst&#8217;e dr\u00fcber lachen,<br>aber kannst&#8217;e ja wohl nicht.<br>Komm&#8217;we dr\u00fcber weg,<br>hat ja sonst kein Sinn.<br>Du wirst niemals wieder der,<br>der ich heute auch nicht bin.<\/p>\n\n\n\n<p>So muss das! So muss das!<br>Bleibt&#8217;s ein L\u00e4cheln oder wird ein Kuss das?<br>So muss das! So muss das!<br>Ganz egal was jetzt passiert,<br>das ist klar: wir sind verwirrt.<br>So muss das!<br>So muss das wohl sein!<br>Wir sind soweit voraus.<br>Du kriegst dich gar nicht mehr ein!<br>So muss das! So muss das<br>dann sein!<\/p>\n\n\n\n<p>Wir ham Tortendiagramme gebacken<br>und Sahne drauf geschmiert.<br>Da sind sie explodiert.<br>Wir haben immer ein Projekt,<br>was gerade irgendjemand schmeckt.<br>Das n\u00e4chste ist schon ausgeheckt.<br>Es passte diesmal auch perfekt,<br>wenn&#8217;s nur die F\u00f6rderung mal checkt<br>und nicht gesellschaftlich nur swagt!<\/p>\n\n\n\n<p>Kann man so machen.<br>Muss man aber nicht.<br>K\u00f6nnste dr\u00fcber lachen,<br>aber ist dann auch nicht Pflicht.<br>Komm&#8216; we dr\u00fcber weg,<br>hat ja sonst kein Sinn.<br>Du wirst niemals wieder der,<br>der ich heute auch nicht bin.<\/p>\n\n\n\n<p>So muss das! So muss das!<br>Bleibt&#8217;s ein L\u00e4cheln oder wird ein Kuss das?<br>So muss das! So muss das!<br>Ganz egal was jetzt passiert,<br>das ist klar: wir sind verwirrt.<br>So muss das!<br>So muss das wohl sein!<br>Wir sind soweit voraus,<br>Ich krieg&#8216; mich gar nicht mehr ein!<br>So muss das! So muss das<br>dann sein!<\/p>\n\n\n\n<p>Denn kein Schwein will so sein<br>wie dein Wichtigtu-Verein,<br>der einfach gar nix kapiert,<br>an der macht erodiert.<br>Analog,<br>wie ein Stein,<br>hier im Fluss.<br>Reicht es nur zum Abschiedskuss!<\/p>\n\n\n\n<p>So muss das! <br>So muss das!<br>So muss das so sein.<\/p>\n\n\n\n<p><strong>\u00a9 Andersen Storm 2021, All rights reserved. Alle Rechte vorbehalten.<\/strong><\/p>\n\n\n\n<ul class=\"wp-block-list\"><li><a href=\"https:\/\/andersen-storm.com\/zuckerpuppe\/\" data-type=\"page\" data-id=\"936\">Zuckerpuppe<\/a><\/li><li><a href=\"https:\/\/andersen-storm.com\/keiner-weis-es\/\" data-type=\"page\" data-id=\"947\">Keiner wei\u00df es<\/a><\/li><li><a href=\"https:\/\/andersen-storm.com\/warten-zwei\/\" data-type=\"page\" data-id=\"951\">Warten zwei <\/a><\/li><li><a href=\"https:\/\/andersen-storm.com\/so-muss-das\/\" data-type=\"page\" data-id=\"957\">So muss das <\/a><\/li><li><a href=\"https:\/\/andersen-storm.com\/lass-dir-nichts-erzahlen\/\" data-type=\"page\" data-id=\"959\">Lass dir nichts erz\u00e4hlen<\/a><\/li><li><a href=\"https:\/\/andersen-storm.com\/warten-auf-mehr\/\" data-type=\"page\" data-id=\"961\">Warten auf mehr<\/a><\/li><li><a href=\"https:\/\/andersen-storm.com\/nu-nee-ist-klar\/\" data-type=\"page\" data-id=\"408\">Nu nee, ist klar (Album Version)<\/a><\/li><li><a href=\"https:\/\/andersen-storm.com\/meine-freundin\/\" data-type=\"page\" data-id=\"444\">Meine Freundin (Album Version)<\/a><\/li><\/ul>\n\n\n\n<hr class=\"wp-block-separator\"\/>\n\n\n","protected":false},"excerpt":{"rendered":"<p>Album &#8222;So weit&#8220;, 2021 So muss das! So muss das!Bleibt&#8217;s ein L\u00e4cheln oder wird ein Kuss das?So muss das! So muss das!Ganz egal was jetzt passiert,das ist klar: wir sind verwirrt.So muss das!So muss das wohl sein!Wir sind soweit voraus,Ich krieg&#8216; mich gar nicht mehr ein! So muss das! So muss dasdann sein! Wir ham&#8216;&hellip; <a class=\"more-link\" href=\"https:\/\/andersen-storm.com\/de\/so-muss-das\/\"><span class=\"screen-reader-text\">So muss das<\/span> weiterlesen<\/a><\/p>\n","protected":false},"author":1,"featured_media":1036,"parent":0,"menu_order":0,"comment_status":"closed","ping_status":"closed","template":"","meta":{"footnotes":"","_links_to":"","_links_to_target":""},"class_list":["post-957","page","type-page","status-publish","has-post-thumbnail","hentry","entry"],"translation":{"provider":"WPGlobus","version":"3.0.2","language":"de","enabled_languages":["en","de"],"languages":{"en":{"title":true,"content":true,"excerpt":false},"de":{"title":false,"content":false,"excerpt":false}}},"yoast_head":"<!-- This site is optimized with the Yoast SEO plugin v27.4 - https:\/\/yoast.com\/product\/yoast-seo-wordpress\/ -->\n<title>So muss das - Andersen Storm<\/title>\n<meta name=\"robots\" content=\"index, follow, max-snippet:-1, max-image-preview:large, max-video-preview:-1\" \/>\n<link rel=\"canonical\" href=\"https:\/\/andersen-storm.com\/so-muss-das\/\" \/>\n<meta property=\"og:locale\" content=\"de_DE\" \/>\n<meta property=\"og:type\" content=\"article\" \/>\n<meta property=\"og:title\" content=\"So muss das - Andersen Storm\" \/>\n<meta property=\"og:url\" content=\"https:\/\/andersen-storm.com\/so-muss-das\/\" \/>\n<meta property=\"og:site_name\" content=\"Andersen Storm\" \/>\n<meta property=\"article:modified_time\" content=\"2021-04-08T08:24:07+00:00\" \/>\n<meta property=\"og:image\" content=\"https:\/\/andersen-storm.com\/wp-content\/uploads\/2021\/04\/andersenstorm_soweit_album_cover_600px_e-1.jpg\" \/>\n\t<meta property=\"og:image:width\" content=\"600\" \/>\n\t<meta property=\"og:image:height\" content=\"600\" \/>\n\t<meta property=\"og:image:type\" content=\"image\/jpeg\" \/>\n<meta name=\"twitter:card\" content=\"summary_large_image\" \/>\n<meta name=\"twitter:label1\" content=\"Gesch\u00e4tzte Lesezeit\" \/>\n\t<meta name=\"twitter:data1\" content=\"2\u00a0Minuten\" \/>\n<script type=\"application\/ld+json\" class=\"yoast-schema-graph\">{\"@context\":\"https:\\\/\\\/schema.org\",\"@graph\":[{\"@type\":\"WebPage\",\"@id\":\"https:\\\/\\\/andersen-storm.com\\\/so-muss-das\\\/\",\"url\":\"https:\\\/\\\/andersen-storm.com\\\/so-muss-das\\\/\",\"name\":\"So muss das - Andersen Storm\",\"isPartOf\":{\"@id\":\"https:\\\/\\\/andersen-storm.com\\\/#website\"},\"primaryImageOfPage\":{\"@id\":\"https:\\\/\\\/andersen-storm.com\\\/so-muss-das\\\/#primaryimage\"},\"image\":{\"@id\":\"https:\\\/\\\/andersen-storm.com\\\/so-muss-das\\\/#primaryimage\"},\"thumbnailUrl\":\"https:\\\/\\\/andersen-storm.com\\\/wp-content\\\/uploads\\\/2021\\\/04\\\/andersenstorm_soweit_album_cover_600px_e-1.jpg\",\"datePublished\":\"2021-04-07T22:01:00+00:00\",\"dateModified\":\"2021-04-08T08:24:07+00:00\",\"breadcrumb\":{\"@id\":\"https:\\\/\\\/andersen-storm.com\\\/so-muss-das\\\/#breadcrumb\"},\"inLanguage\":\"de\",\"potentialAction\":[{\"@type\":\"ReadAction\",\"target\":[\"https:\\\/\\\/andersen-storm.com\\\/so-muss-das\\\/\"]}]},{\"@type\":\"ImageObject\",\"inLanguage\":\"de\",\"@id\":\"https:\\\/\\\/andersen-storm.com\\\/so-muss-das\\\/#primaryimage\",\"url\":\"https:\\\/\\\/andersen-storm.com\\\/wp-content\\\/uploads\\\/2021\\\/04\\\/andersenstorm_soweit_album_cover_600px_e-1.jpg\",\"contentUrl\":\"https:\\\/\\\/andersen-storm.com\\\/wp-content\\\/uploads\\\/2021\\\/04\\\/andersenstorm_soweit_album_cover_600px_e-1.jpg\",\"width\":600,\"height\":600},{\"@type\":\"BreadcrumbList\",\"@id\":\"https:\\\/\\\/andersen-storm.com\\\/so-muss-das\\\/#breadcrumb\",\"itemListElement\":[{\"@type\":\"ListItem\",\"position\":1,\"name\":\"Startseite\",\"item\":\"https:\\\/\\\/andersen-storm.com\\\/\"},{\"@type\":\"ListItem\",\"position\":2,\"name\":\"So muss das\"}]},{\"@type\":\"WebSite\",\"@id\":\"https:\\\/\\\/andersen-storm.com\\\/#website\",\"url\":\"https:\\\/\\\/andersen-storm.com\\\/\",\"name\":\"{:en}Andersen Storm{:}{:de}Andersen Storm{:}\",\"description\":\"My Music \u2022 K\u00fcnstlerwebsite\",\"publisher\":{\"@id\":\"https:\\\/\\\/andersen-storm.com\\\/#\\\/schema\\\/person\\\/e0b5c824d9b0479c8df4d0acaf5ee1a0\"},\"potentialAction\":[{\"@type\":\"SearchAction\",\"target\":{\"@type\":\"EntryPoint\",\"urlTemplate\":\"https:\\\/\\\/andersen-storm.com\\\/?s={search_term_string}\"},\"query-input\":{\"@type\":\"PropertyValueSpecification\",\"valueRequired\":true,\"valueName\":\"search_term_string\"}}],\"inLanguage\":\"de\"},{\"@type\":[\"Person\",\"Organization\"],\"@id\":\"https:\\\/\\\/andersen-storm.com\\\/#\\\/schema\\\/person\\\/e0b5c824d9b0479c8df4d0acaf5ee1a0\",\"name\":\"Andersen\",\"image\":{\"@type\":\"ImageObject\",\"inLanguage\":\"de\",\"@id\":\"https:\\\/\\\/andersen-storm.com\\\/wp-content\\\/uploads\\\/2025\\\/08\\\/20250806_161303.jpg\",\"url\":\"https:\\\/\\\/andersen-storm.com\\\/wp-content\\\/uploads\\\/2025\\\/08\\\/20250806_161303.jpg\",\"contentUrl\":\"https:\\\/\\\/andersen-storm.com\\\/wp-content\\\/uploads\\\/2025\\\/08\\\/20250806_161303.jpg\",\"width\":1080,\"height\":1079,\"caption\":\"Andersen\"},\"logo\":{\"@id\":\"https:\\\/\\\/andersen-storm.com\\\/wp-content\\\/uploads\\\/2025\\\/08\\\/20250806_161303.jpg\"},\"sameAs\":[\"https:\\\/\\\/andersenstorm.com\"]}]}<\/script>\n<!-- \/ Yoast SEO plugin. -->","yoast_head_json":{"title":"So muss das - Andersen Storm","robots":{"index":"index","follow":"follow","max-snippet":"max-snippet:-1","max-image-preview":"max-image-preview:large","max-video-preview":"max-video-preview:-1"},"canonical":"https:\/\/andersen-storm.com\/so-muss-das\/","og_locale":"de_DE","og_type":"article","og_title":"So muss das - Andersen Storm","og_url":"https:\/\/andersen-storm.com\/so-muss-das\/","og_site_name":"Andersen Storm","article_modified_time":"2021-04-08T08:24:07+00:00","og_image":[{"width":600,"height":600,"url":"https:\/\/andersen-storm.com\/wp-content\/uploads\/2021\/04\/andersenstorm_soweit_album_cover_600px_e-1.jpg","type":"image\/jpeg"}],"twitter_card":"summary_large_image","twitter_misc":{"Gesch\u00e4tzte Lesezeit":"2\u00a0Minuten"},"schema":{"@context":"https:\/\/schema.org","@graph":[{"@type":"WebPage","@id":"https:\/\/andersen-storm.com\/so-muss-das\/","url":"https:\/\/andersen-storm.com\/so-muss-das\/","name":"So muss das - Andersen Storm","isPartOf":{"@id":"https:\/\/andersen-storm.com\/#website"},"primaryImageOfPage":{"@id":"https:\/\/andersen-storm.com\/so-muss-das\/#primaryimage"},"image":{"@id":"https:\/\/andersen-storm.com\/so-muss-das\/#primaryimage"},"thumbnailUrl":"https:\/\/andersen-storm.com\/wp-content\/uploads\/2021\/04\/andersenstorm_soweit_album_cover_600px_e-1.jpg","datePublished":"2021-04-07T22:01:00+00:00","dateModified":"2021-04-08T08:24:07+00:00","breadcrumb":{"@id":"https:\/\/andersen-storm.com\/so-muss-das\/#breadcrumb"},"inLanguage":"de","potentialAction":[{"@type":"ReadAction","target":["https:\/\/andersen-storm.com\/so-muss-das\/"]}]},{"@type":"ImageObject","inLanguage":"de","@id":"https:\/\/andersen-storm.com\/so-muss-das\/#primaryimage","url":"https:\/\/andersen-storm.com\/wp-content\/uploads\/2021\/04\/andersenstorm_soweit_album_cover_600px_e-1.jpg","contentUrl":"https:\/\/andersen-storm.com\/wp-content\/uploads\/2021\/04\/andersenstorm_soweit_album_cover_600px_e-1.jpg","width":600,"height":600},{"@type":"BreadcrumbList","@id":"https:\/\/andersen-storm.com\/so-muss-das\/#breadcrumb","itemListElement":[{"@type":"ListItem","position":1,"name":"Startseite","item":"https:\/\/andersen-storm.com\/"},{"@type":"ListItem","position":2,"name":"So muss das"}]},{"@type":"WebSite","@id":"https:\/\/andersen-storm.com\/#website","url":"https:\/\/andersen-storm.com\/","name":"{:en}Andersen Storm{:}{:de}Andersen Storm{:}","description":"My Music \u2022 K\u00fcnstlerwebsite","publisher":{"@id":"https:\/\/andersen-storm.com\/#\/schema\/person\/e0b5c824d9b0479c8df4d0acaf5ee1a0"},"potentialAction":[{"@type":"SearchAction","target":{"@type":"EntryPoint","urlTemplate":"https:\/\/andersen-storm.com\/?s={search_term_string}"},"query-input":{"@type":"PropertyValueSpecification","valueRequired":true,"valueName":"search_term_string"}}],"inLanguage":"de"},{"@type":["Person","Organization"],"@id":"https:\/\/andersen-storm.com\/#\/schema\/person\/e0b5c824d9b0479c8df4d0acaf5ee1a0","name":"Andersen","image":{"@type":"ImageObject","inLanguage":"de","@id":"https:\/\/andersen-storm.com\/wp-content\/uploads\/2025\/08\/20250806_161303.jpg","url":"https:\/\/andersen-storm.com\/wp-content\/uploads\/2025\/08\/20250806_161303.jpg","contentUrl":"https:\/\/andersen-storm.com\/wp-content\/uploads\/2025\/08\/20250806_161303.jpg","width":1080,"height":1079,"caption":"Andersen"},"logo":{"@id":"https:\/\/andersen-storm.com\/wp-content\/uploads\/2025\/08\/20250806_161303.jpg"},"sameAs":["https:\/\/andersenstorm.com"]}]}},"_links":{"self":[{"href":"https:\/\/andersen-storm.com\/de\/wp-json\/wp\/v2\/pages\/957","targetHints":{"allow":["GET"]}}],"collection":[{"href":"https:\/\/andersen-storm.com\/de\/wp-json\/wp\/v2\/pages"}],"about":[{"href":"https:\/\/andersen-storm.com\/de\/wp-json\/wp\/v2\/types\/page"}],"author":[{"embeddable":true,"href":"https:\/\/andersen-storm.com\/de\/wp-json\/wp\/v2\/users\/1"}],"replies":[{"embeddable":true,"href":"https:\/\/andersen-storm.com\/de\/wp-json\/wp\/v2\/comments?post=957"}],"version-history":[{"count":2,"href":"https:\/\/andersen-storm.com\/de\/wp-json\/wp\/v2\/pages\/957\/revisions"}],"predecessor-version":[{"id":1055,"href":"https:\/\/andersen-storm.com\/de\/wp-json\/wp\/v2\/pages\/957\/revisions\/1055"}],"wp:featuredmedia":[{"embeddable":true,"href":"https:\/\/andersen-storm.com\/de\/wp-json\/wp\/v2\/media\/1036"}],"wp:attachment":[{"href":"https:\/\/andersen-storm.com\/de\/wp-json\/wp\/v2\/media?parent=957"}],"curies":[{"name":"wp","href":"https:\/\/api.w.org\/{rel}","templated":true}]}}