{"id":959,"date":"2021-04-08T00:01:00","date_gmt":"2021-04-07T22:01:00","guid":{"rendered":"https:\/\/andersen-storm.com\/?page_id=959"},"modified":"2021-04-08T10:25:11","modified_gmt":"2021-04-08T08:25:11","slug":"lass-dir-nichts-erzahlen","status":"publish","type":"page","link":"https:\/\/andersen-storm.com\/de\/lass-dir-nichts-erzahlen\/","title":{"rendered":"Lass&#8216; dir nichts erz\u00e4hlen"},"content":{"rendered":"\n<h2 class=\"has-text-align-center wp-block-heading\">Album &#8222;So weit&#8220;, 2021<\/h2>\n\n\n\n<p>Lass&#8216; dir nichts erz\u00e4hlen! (Lass&#8216; dir nichts erz\u00e4hlen!)<br>Nur geradeaus entkommst du aus dem Kreis.<br>Da musst du \u00fcber&#8217;n Tellerrand.<br>Klar sind Barrieren zu \u00fcberwinden.<br>Ganz sicher gibt es Widerstand.<\/p>\n\n\n\n<p>Du kannst es lieben oder hassen.<br>Du kannst es bauen oder zerst\u00f6ren.<br>Du kannst es tun oder lassen,<br>nicht oder doch dazugeh\u00f6ren.<\/p>\n\n\n\n<p>Du kannst dich stellen oder versagen, <br>kannst hilflos nach &#8217;nem Retter schreien.<br>Und du kannst selber Neues wagen<br>und wirst auch dort nicht einsam sein.<\/p>\n\n\n\n<p>Nur: Lass&#8216; dir nichts erz\u00e4hlen. (Lass&#8216; dir nichts erz\u00e4hlen!)<br>Nur geradeaus entkommst du aus dem Kreis.<br>Da musst du \u00fcber&#8217;n Tellerrand.<br>Klar sind Barrieren zu \u00fcberwinden.<br>Ganz sicher gibt es Widerstand.<\/p>\n\n\n\n<p>Du kannst es lesen kannst es schreiben.<br>Du kannst es sagen, kannst es h\u00f6ren.<br>Du kannst bei deiner Meinung bleiben.<br>Du kannst auf ihre G\u00f6tter schw\u00f6ren.<\/p>\n\n\n\n<p>Du kannst es glauben, kannst es wissen.<br>Du kannst es finden und verlieren.<br>Du wirst dich doch entscheiden m\u00fcssen,<br>ob sie dich kl\u00e4ren oder verwirren.<\/p>\n\n\n\n<p>Nur: Lass&#8216; dir nichts erz\u00e4hlen. (Lass&#8216; dir nichts erz\u00e4hlen!)<br>Nur geradeaus entkommst du aus dem Kreis.<br>Da musst du \u00fcber&#8217;n Tellerrand.<br>Klar sind Barrieren zu \u00fcberwinden.<br>Ganz sicher gibt es Widerstand.<\/p>\n\n\n\n<p>Du kannst verlieren, du kannst gewinnen.<br>Du kannst ersch\u00f6pft am Rande stehen.<br>Kannst jederzeit nochmal beginnen, <br>kannst einfach grinsend weitergehen.<\/p>\n\n\n\n<p>Du kannst das alles selbst bestimmen.<br>Du musst f\u00fcr niemand in das Rad.<br>Warum soll&#8217;s heute schon vorbei sein, <br>wo&#8217;s vielleicht grad&#8216; begonnen hat?<\/p>\n\n\n\n<p>Nur: Lass&#8216; dir nichts erz\u00e4hlen. (Lass&#8216; dir nichts erz\u00e4hlen!)<br>Nur geradeaus entkommst du aus dem Kreis.<br>Benutz&#8216; den eigenen Verstand!<br>Ganz sicher nicht in Richtung Mitte. <br>Du musst nach au\u00dfen, \u00fcbern Rand.<\/p>\n\n\n\n<p>Nur: Lass&#8216; dir nichts erz\u00e4hlen. (Lass&#8216; dir nichts erz\u00e4hlen!)<br>Nur geradeaus entkommst du aus dem Kreis.<br>Da musst du \u00fcber&#8217;n Tellerrand.<br>Klar sind Barrieren zu \u00fcberwinden.<br>Ganz sicher gibt es Widerstand.<\/p>\n\n\n\n<p><strong>\u00a9 Andersen Storm 2021, All rights reserved. Alle Rechte vorbehalten.<\/strong><\/p>\n\n\n\n<ul class=\"wp-block-list\"><li><a href=\"https:\/\/andersen-storm.com\/zuckerpuppe\/\" data-type=\"page\" data-id=\"936\">Zuckerpuppe<\/a><\/li><li><a href=\"https:\/\/andersen-storm.com\/keiner-weis-es\/\" data-type=\"page\" data-id=\"947\">Keiner wei\u00df es<\/a><\/li><li><a href=\"https:\/\/andersen-storm.com\/warten-zwei\/\" data-type=\"page\" data-id=\"951\">Warten zwei <\/a><\/li><li><a href=\"https:\/\/andersen-storm.com\/so-muss-das\/\" data-type=\"page\" data-id=\"957\">So muss das <\/a><\/li><li><a href=\"https:\/\/andersen-storm.com\/lass-dir-nichts-erzahlen\/\" data-type=\"page\" data-id=\"959\">Lass dir nichts erz\u00e4hlen<\/a><\/li><li><a href=\"https:\/\/andersen-storm.com\/warten-auf-mehr\/\" data-type=\"page\" data-id=\"961\">Warten auf mehr<\/a><\/li><li><a href=\"https:\/\/andersen-storm.com\/nu-nee-ist-klar\/\" data-type=\"page\" data-id=\"408\">Nu nee, ist klar (Album Version)<\/a><\/li><li><a href=\"https:\/\/andersen-storm.com\/meine-freundin\/\" data-type=\"page\" data-id=\"444\">Meine Freundin (Album Version)<\/a><\/li><\/ul>\n\n\n\n<hr class=\"wp-block-separator\"\/>\n\n\n","protected":false},"excerpt":{"rendered":"<p>Album &#8222;So weit&#8220;, 2021 Lass&#8216; dir nichts erz\u00e4hlen! (Lass&#8216; dir nichts erz\u00e4hlen!)Nur geradeaus entkommst du aus dem Kreis.Da musst du \u00fcber&#8217;n Tellerrand.Klar sind Barrieren zu \u00fcberwinden.Ganz sicher gibt es Widerstand. Du kannst es lieben oder hassen.Du kannst es bauen oder zerst\u00f6ren.Du kannst es tun oder lassen,nicht oder doch dazugeh\u00f6ren. Du kannst dich stellen oder versagen,&hellip; <a class=\"more-link\" href=\"https:\/\/andersen-storm.com\/de\/lass-dir-nichts-erzahlen\/\"><span class=\"screen-reader-text\">Lass&#8216; dir nichts erz\u00e4hlen<\/span> weiterlesen<\/a><\/p>\n","protected":false},"author":1,"featured_media":1036,"parent":0,"menu_order":0,"comment_status":"closed","ping_status":"closed","template":"","meta":{"footnotes":"","_links_to":"","_links_to_target":""},"class_list":["post-959","page","type-page","status-publish","has-post-thumbnail","hentry","entry"],"translation":{"provider":"WPGlobus","version":"3.0.2","language":"de","enabled_languages":["en","de"],"languages":{"en":{"title":true,"content":true,"excerpt":false},"de":{"title":false,"content":false,"excerpt":false}}},"yoast_head":"<!-- This site is optimized with the Yoast SEO plugin v27.4 - https:\/\/yoast.com\/product\/yoast-seo-wordpress\/ -->\n<title>Lass&#039; dir nichts erz\u00e4hlen - Andersen Storm<\/title>\n<meta name=\"robots\" content=\"index, follow, max-snippet:-1, max-image-preview:large, max-video-preview:-1\" \/>\n<link rel=\"canonical\" href=\"https:\/\/andersen-storm.com\/lass-dir-nichts-erzahlen\/\" \/>\n<meta property=\"og:locale\" content=\"de_DE\" \/>\n<meta property=\"og:type\" content=\"article\" \/>\n<meta property=\"og:title\" content=\"Lass&#039; dir nichts erz\u00e4hlen - Andersen Storm\" \/>\n<meta property=\"og:url\" content=\"https:\/\/andersen-storm.com\/lass-dir-nichts-erzahlen\/\" \/>\n<meta property=\"og:site_name\" content=\"Andersen Storm\" \/>\n<meta property=\"article:modified_time\" content=\"2021-04-08T08:25:11+00:00\" \/>\n<meta property=\"og:image\" content=\"https:\/\/andersen-storm.com\/wp-content\/uploads\/2021\/04\/andersenstorm_soweit_album_cover_600px_e-1.jpg\" \/>\n\t<meta property=\"og:image:width\" content=\"600\" \/>\n\t<meta property=\"og:image:height\" content=\"600\" \/>\n\t<meta property=\"og:image:type\" content=\"image\/jpeg\" \/>\n<meta name=\"twitter:card\" content=\"summary_large_image\" \/>\n<meta name=\"twitter:label1\" content=\"Gesch\u00e4tzte Lesezeit\" \/>\n\t<meta name=\"twitter:data1\" content=\"2\u00a0Minuten\" \/>\n<script type=\"application\/ld+json\" class=\"yoast-schema-graph\">{\"@context\":\"https:\\\/\\\/schema.org\",\"@graph\":[{\"@type\":\"WebPage\",\"@id\":\"https:\\\/\\\/andersen-storm.com\\\/lass-dir-nichts-erzahlen\\\/\",\"url\":\"https:\\\/\\\/andersen-storm.com\\\/lass-dir-nichts-erzahlen\\\/\",\"name\":\"Lass' dir nichts erz\u00e4hlen - Andersen Storm\",\"isPartOf\":{\"@id\":\"https:\\\/\\\/andersen-storm.com\\\/#website\"},\"primaryImageOfPage\":{\"@id\":\"https:\\\/\\\/andersen-storm.com\\\/lass-dir-nichts-erzahlen\\\/#primaryimage\"},\"image\":{\"@id\":\"https:\\\/\\\/andersen-storm.com\\\/lass-dir-nichts-erzahlen\\\/#primaryimage\"},\"thumbnailUrl\":\"https:\\\/\\\/andersen-storm.com\\\/wp-content\\\/uploads\\\/2021\\\/04\\\/andersenstorm_soweit_album_cover_600px_e-1.jpg\",\"datePublished\":\"2021-04-07T22:01:00+00:00\",\"dateModified\":\"2021-04-08T08:25:11+00:00\",\"breadcrumb\":{\"@id\":\"https:\\\/\\\/andersen-storm.com\\\/lass-dir-nichts-erzahlen\\\/#breadcrumb\"},\"inLanguage\":\"de\",\"potentialAction\":[{\"@type\":\"ReadAction\",\"target\":[\"https:\\\/\\\/andersen-storm.com\\\/lass-dir-nichts-erzahlen\\\/\"]}]},{\"@type\":\"ImageObject\",\"inLanguage\":\"de\",\"@id\":\"https:\\\/\\\/andersen-storm.com\\\/lass-dir-nichts-erzahlen\\\/#primaryimage\",\"url\":\"https:\\\/\\\/andersen-storm.com\\\/wp-content\\\/uploads\\\/2021\\\/04\\\/andersenstorm_soweit_album_cover_600px_e-1.jpg\",\"contentUrl\":\"https:\\\/\\\/andersen-storm.com\\\/wp-content\\\/uploads\\\/2021\\\/04\\\/andersenstorm_soweit_album_cover_600px_e-1.jpg\",\"width\":600,\"height\":600},{\"@type\":\"BreadcrumbList\",\"@id\":\"https:\\\/\\\/andersen-storm.com\\\/lass-dir-nichts-erzahlen\\\/#breadcrumb\",\"itemListElement\":[{\"@type\":\"ListItem\",\"position\":1,\"name\":\"Startseite\",\"item\":\"https:\\\/\\\/andersen-storm.com\\\/\"},{\"@type\":\"ListItem\",\"position\":2,\"name\":\"Lass&#8217; dir nichts erz\u00e4hlen\"}]},{\"@type\":\"WebSite\",\"@id\":\"https:\\\/\\\/andersen-storm.com\\\/#website\",\"url\":\"https:\\\/\\\/andersen-storm.com\\\/\",\"name\":\"{:en}Andersen Storm{:}{:de}Andersen Storm{:}\",\"description\":\"My Music \u2022 K\u00fcnstlerwebsite\",\"publisher\":{\"@id\":\"https:\\\/\\\/andersen-storm.com\\\/#\\\/schema\\\/person\\\/e0b5c824d9b0479c8df4d0acaf5ee1a0\"},\"potentialAction\":[{\"@type\":\"SearchAction\",\"target\":{\"@type\":\"EntryPoint\",\"urlTemplate\":\"https:\\\/\\\/andersen-storm.com\\\/?s={search_term_string}\"},\"query-input\":{\"@type\":\"PropertyValueSpecification\",\"valueRequired\":true,\"valueName\":\"search_term_string\"}}],\"inLanguage\":\"de\"},{\"@type\":[\"Person\",\"Organization\"],\"@id\":\"https:\\\/\\\/andersen-storm.com\\\/#\\\/schema\\\/person\\\/e0b5c824d9b0479c8df4d0acaf5ee1a0\",\"name\":\"Andersen\",\"image\":{\"@type\":\"ImageObject\",\"inLanguage\":\"de\",\"@id\":\"https:\\\/\\\/andersen-storm.com\\\/wp-content\\\/uploads\\\/2025\\\/08\\\/20250806_161303.jpg\",\"url\":\"https:\\\/\\\/andersen-storm.com\\\/wp-content\\\/uploads\\\/2025\\\/08\\\/20250806_161303.jpg\",\"contentUrl\":\"https:\\\/\\\/andersen-storm.com\\\/wp-content\\\/uploads\\\/2025\\\/08\\\/20250806_161303.jpg\",\"width\":1080,\"height\":1079,\"caption\":\"Andersen\"},\"logo\":{\"@id\":\"https:\\\/\\\/andersen-storm.com\\\/wp-content\\\/uploads\\\/2025\\\/08\\\/20250806_161303.jpg\"},\"sameAs\":[\"https:\\\/\\\/andersenstorm.com\"]}]}<\/script>\n<!-- \/ Yoast SEO plugin. -->","yoast_head_json":{"title":"Lass' dir nichts erz\u00e4hlen - Andersen Storm","robots":{"index":"index","follow":"follow","max-snippet":"max-snippet:-1","max-image-preview":"max-image-preview:large","max-video-preview":"max-video-preview:-1"},"canonical":"https:\/\/andersen-storm.com\/lass-dir-nichts-erzahlen\/","og_locale":"de_DE","og_type":"article","og_title":"Lass' dir nichts erz\u00e4hlen - Andersen Storm","og_url":"https:\/\/andersen-storm.com\/lass-dir-nichts-erzahlen\/","og_site_name":"Andersen Storm","article_modified_time":"2021-04-08T08:25:11+00:00","og_image":[{"width":600,"height":600,"url":"https:\/\/andersen-storm.com\/wp-content\/uploads\/2021\/04\/andersenstorm_soweit_album_cover_600px_e-1.jpg","type":"image\/jpeg"}],"twitter_card":"summary_large_image","twitter_misc":{"Gesch\u00e4tzte Lesezeit":"2\u00a0Minuten"},"schema":{"@context":"https:\/\/schema.org","@graph":[{"@type":"WebPage","@id":"https:\/\/andersen-storm.com\/lass-dir-nichts-erzahlen\/","url":"https:\/\/andersen-storm.com\/lass-dir-nichts-erzahlen\/","name":"Lass' dir nichts erz\u00e4hlen - Andersen Storm","isPartOf":{"@id":"https:\/\/andersen-storm.com\/#website"},"primaryImageOfPage":{"@id":"https:\/\/andersen-storm.com\/lass-dir-nichts-erzahlen\/#primaryimage"},"image":{"@id":"https:\/\/andersen-storm.com\/lass-dir-nichts-erzahlen\/#primaryimage"},"thumbnailUrl":"https:\/\/andersen-storm.com\/wp-content\/uploads\/2021\/04\/andersenstorm_soweit_album_cover_600px_e-1.jpg","datePublished":"2021-04-07T22:01:00+00:00","dateModified":"2021-04-08T08:25:11+00:00","breadcrumb":{"@id":"https:\/\/andersen-storm.com\/lass-dir-nichts-erzahlen\/#breadcrumb"},"inLanguage":"de","potentialAction":[{"@type":"ReadAction","target":["https:\/\/andersen-storm.com\/lass-dir-nichts-erzahlen\/"]}]},{"@type":"ImageObject","inLanguage":"de","@id":"https:\/\/andersen-storm.com\/lass-dir-nichts-erzahlen\/#primaryimage","url":"https:\/\/andersen-storm.com\/wp-content\/uploads\/2021\/04\/andersenstorm_soweit_album_cover_600px_e-1.jpg","contentUrl":"https:\/\/andersen-storm.com\/wp-content\/uploads\/2021\/04\/andersenstorm_soweit_album_cover_600px_e-1.jpg","width":600,"height":600},{"@type":"BreadcrumbList","@id":"https:\/\/andersen-storm.com\/lass-dir-nichts-erzahlen\/#breadcrumb","itemListElement":[{"@type":"ListItem","position":1,"name":"Startseite","item":"https:\/\/andersen-storm.com\/"},{"@type":"ListItem","position":2,"name":"Lass&#8217; dir nichts erz\u00e4hlen"}]},{"@type":"WebSite","@id":"https:\/\/andersen-storm.com\/#website","url":"https:\/\/andersen-storm.com\/","name":"{:en}Andersen Storm{:}{:de}Andersen Storm{:}","description":"My Music \u2022 K\u00fcnstlerwebsite","publisher":{"@id":"https:\/\/andersen-storm.com\/#\/schema\/person\/e0b5c824d9b0479c8df4d0acaf5ee1a0"},"potentialAction":[{"@type":"SearchAction","target":{"@type":"EntryPoint","urlTemplate":"https:\/\/andersen-storm.com\/?s={search_term_string}"},"query-input":{"@type":"PropertyValueSpecification","valueRequired":true,"valueName":"search_term_string"}}],"inLanguage":"de"},{"@type":["Person","Organization"],"@id":"https:\/\/andersen-storm.com\/#\/schema\/person\/e0b5c824d9b0479c8df4d0acaf5ee1a0","name":"Andersen","image":{"@type":"ImageObject","inLanguage":"de","@id":"https:\/\/andersen-storm.com\/wp-content\/uploads\/2025\/08\/20250806_161303.jpg","url":"https:\/\/andersen-storm.com\/wp-content\/uploads\/2025\/08\/20250806_161303.jpg","contentUrl":"https:\/\/andersen-storm.com\/wp-content\/uploads\/2025\/08\/20250806_161303.jpg","width":1080,"height":1079,"caption":"Andersen"},"logo":{"@id":"https:\/\/andersen-storm.com\/wp-content\/uploads\/2025\/08\/20250806_161303.jpg"},"sameAs":["https:\/\/andersenstorm.com"]}]}},"_links":{"self":[{"href":"https:\/\/andersen-storm.com\/de\/wp-json\/wp\/v2\/pages\/959","targetHints":{"allow":["GET"]}}],"collection":[{"href":"https:\/\/andersen-storm.com\/de\/wp-json\/wp\/v2\/pages"}],"about":[{"href":"https:\/\/andersen-storm.com\/de\/wp-json\/wp\/v2\/types\/page"}],"author":[{"embeddable":true,"href":"https:\/\/andersen-storm.com\/de\/wp-json\/wp\/v2\/users\/1"}],"replies":[{"embeddable":true,"href":"https:\/\/andersen-storm.com\/de\/wp-json\/wp\/v2\/comments?post=959"}],"version-history":[{"count":2,"href":"https:\/\/andersen-storm.com\/de\/wp-json\/wp\/v2\/pages\/959\/revisions"}],"predecessor-version":[{"id":1056,"href":"https:\/\/andersen-storm.com\/de\/wp-json\/wp\/v2\/pages\/959\/revisions\/1056"}],"wp:featuredmedia":[{"embeddable":true,"href":"https:\/\/andersen-storm.com\/de\/wp-json\/wp\/v2\/media\/1036"}],"wp:attachment":[{"href":"https:\/\/andersen-storm.com\/de\/wp-json\/wp\/v2\/media?parent=959"}],"curies":[{"name":"wp","href":"https:\/\/api.w.org\/{rel}","templated":true}]}}