{"id":961,"date":"2021-04-08T00:01:00","date_gmt":"2021-04-07T22:01:00","guid":{"rendered":"https:\/\/andersen-storm.com\/?page_id=961"},"modified":"2021-04-08T10:25:57","modified_gmt":"2021-04-08T08:25:57","slug":"warten-auf-mehr","status":"publish","type":"page","link":"https:\/\/andersen-storm.com\/de\/warten-auf-mehr\/","title":{"rendered":"Warten auf mehr"},"content":{"rendered":"\n<h2 class=\"has-text-align-center wp-block-heading\">Album &#8222;So weit&#8220;, 2021<\/h2>\n\n\n\n<p>Warten auf mehr<br>wird manchmal schwer.<br>Sieh es doch ein,<br>wir k\u00f6nnten schon viel weiter sein.<\/p>\n\n\n\n<p>Denn es ist l\u00e4ngst nicht zu sp\u00e4t,<br>weil wir jetzt wissen wie&#8217;s geht<br>und mit der Zeit etwas Gro\u00dfes<br>entsteht.<\/p>\n\n\n\n<p>\u00dcber die Wand,<br>das wird verkannt,<br>hilft mit Verstand<br>nur deine ausgestreckte Hand.<\/p>\n\n\n\n<p>Denn es ist l\u00e4ngst nicht zu sp\u00e4t,<br>weil wir jetzt wissen wie&#8217;s geht<br>und mit der Zeit etwas Gro\u00dfes<br>entsteht.<\/p>\n\n\n\n<p>Denn nur wer fragt, der kriegt auch.<br>Denn nur wer&#8217;s wagt, der siegt auch.<br>Wer nicht verzagt, der bleibt auch<br>obenauf.<\/p>\n\n\n\n<p>Mach wie&#8217;s gef\u00e4llt,<br>dein schnelles Geld.<br>Du bist ein Held<br>in einer obsoleten Welt.<\/p>\n\n\n\n<p>Denn es ist l\u00e4ngst nicht zu sp\u00e4t,<br>weil wir jetzt wissen wie&#8217;s geht<br>und mit der Zeit etwas Gro\u00dfes<br>entsteht.<\/p>\n\n\n\n<p>Biet&#8216; etwas an.<br>Zeig uns was geht.<br>Was f\u00e4llt, was steht, das zeigt sich,<br>wenn der Wind sich dreht.<\/p>\n\n\n\n<p>Denn es ist l\u00e4ngst nicht zu sp\u00e4t,<br>weil wir jetzt wissen wie&#8217;s geht<br>und mit der Zeit etwas Gro\u00dfes<br>entsteht.<\/p>\n\n\n\n<p>Denn nur wer fragt, der kriegt auch.<br>Denn nur wer&#8217;s wagt, der siegt auch.<br>Wer nicht verzagt, der bleibt auch<br>obenauf.<\/p>\n\n\n\n<p>Warten auf mehr<br>wird manchmal schwer.<br>Sieh es doch ein,<br>wir k\u00f6nnten schon viel weiter sein.<\/p>\n\n\n\n<p>Denn es ist l\u00e4ngst nicht zu sp\u00e4t,<br>weil wir jetzt wissen wie&#8217;s geht<br>und mit der Zeit etwas Gro\u00dfes<br>entsteht.<\/p>\n\n\n\n<p>Denn nur wer fragt, der kriegt auch.<br>Und nur wer&#8217;s wagt, der siegt auch.<br>Wer nicht verzagt, der bleibt auch<br>obenauf.<\/p>\n\n\n\n<p>Denn nur wer fragt, der kriegt auch.<br>Denn nur wer&#8217;s wagt, der siegt auch.<br>Und wer es mag, der setzt noch<br>Einen drauf. Einen drauf!<\/p>\n\n\n\n<p><strong>\u00a9 Andersen Storm 2021, All rights reserved. Alle Rechte vorbehalten.<\/strong><\/p>\n\n\n\n<ul class=\"wp-block-list\"><li><a href=\"https:\/\/andersen-storm.com\/zuckerpuppe\/\" data-type=\"page\" data-id=\"936\">Zuckerpuppe<\/a><\/li><li><a href=\"https:\/\/andersen-storm.com\/keiner-weis-es\/\" data-type=\"page\" data-id=\"947\">Keiner wei\u00df es<\/a><\/li><li><a href=\"https:\/\/andersen-storm.com\/warten-zwei\/\" data-type=\"page\" data-id=\"951\">Warten zwei <\/a><\/li><li><a href=\"https:\/\/andersen-storm.com\/so-muss-das\/\" data-type=\"page\" data-id=\"957\">So muss das <\/a><\/li><li><a href=\"https:\/\/andersen-storm.com\/lass-dir-nichts-erzahlen\/\" data-type=\"page\" data-id=\"959\">Lass dir nichts erz\u00e4hlen<\/a><\/li><li><a href=\"https:\/\/andersen-storm.com\/warten-auf-mehr\/\" data-type=\"page\" data-id=\"961\">Warten auf mehr<\/a><\/li><li><a href=\"https:\/\/andersen-storm.com\/nu-nee-ist-klar\/\" data-type=\"page\" data-id=\"408\">Nu nee, ist klar (Album Version)<\/a><\/li><li><a href=\"https:\/\/andersen-storm.com\/meine-freundin\/\" data-type=\"page\" data-id=\"444\">Meine Freundin (Album Version)<\/a><\/li><\/ul>\n\n\n\n<hr class=\"wp-block-separator\"\/>\n\n\n","protected":false},"excerpt":{"rendered":"<p>Album &#8222;So weit&#8220;, 2021 Warten auf mehrwird manchmal schwer.Sieh es doch ein,wir k\u00f6nnten schon viel weiter sein. Denn es ist l\u00e4ngst nicht zu sp\u00e4t,weil wir jetzt wissen wie&#8217;s gehtund mit der Zeit etwas Gro\u00dfesentsteht. \u00dcber die Wand,das wird verkannt,hilft mit Verstandnur deine ausgestreckte Hand. Denn es ist l\u00e4ngst nicht zu sp\u00e4t,weil wir jetzt wissen wie&#8217;s&hellip; <a class=\"more-link\" href=\"https:\/\/andersen-storm.com\/de\/warten-auf-mehr\/\"><span class=\"screen-reader-text\">Warten auf mehr<\/span> weiterlesen<\/a><\/p>\n","protected":false},"author":1,"featured_media":1036,"parent":0,"menu_order":0,"comment_status":"closed","ping_status":"closed","template":"","meta":{"footnotes":"","_links_to":"","_links_to_target":""},"class_list":["post-961","page","type-page","status-publish","has-post-thumbnail","hentry","entry"],"translation":{"provider":"WPGlobus","version":"3.0.2","language":"de","enabled_languages":["en","de"],"languages":{"en":{"title":true,"content":true,"excerpt":false},"de":{"title":false,"content":false,"excerpt":false}}},"yoast_head":"<!-- This site is optimized with the Yoast SEO plugin v27.6 - https:\/\/yoast.com\/product\/yoast-seo-wordpress\/ -->\n<title>Warten auf mehr - Andersen Storm<\/title>\n<meta name=\"robots\" content=\"index, follow, max-snippet:-1, max-image-preview:large, max-video-preview:-1\" \/>\n<link rel=\"canonical\" href=\"https:\/\/andersen-storm.com\/warten-auf-mehr\/\" \/>\n<meta property=\"og:locale\" content=\"de_DE\" \/>\n<meta property=\"og:type\" content=\"article\" \/>\n<meta property=\"og:title\" content=\"Warten auf mehr - Andersen Storm\" \/>\n<meta property=\"og:url\" content=\"https:\/\/andersen-storm.com\/warten-auf-mehr\/\" \/>\n<meta property=\"og:site_name\" content=\"Andersen Storm\" \/>\n<meta property=\"article:modified_time\" content=\"2021-04-08T08:25:57+00:00\" \/>\n<meta property=\"og:image\" content=\"https:\/\/andersen-storm.com\/wp-content\/uploads\/2021\/04\/andersenstorm_soweit_album_cover_600px_e-1.jpg\" \/>\n\t<meta property=\"og:image:width\" content=\"600\" \/>\n\t<meta property=\"og:image:height\" content=\"600\" \/>\n\t<meta property=\"og:image:type\" content=\"image\/jpeg\" \/>\n<meta name=\"twitter:card\" content=\"summary_large_image\" \/>\n<meta name=\"twitter:label1\" content=\"Gesch\u00e4tzte Lesezeit\" \/>\n\t<meta name=\"twitter:data1\" content=\"2\u00a0Minuten\" \/>\n<script type=\"application\/ld+json\" class=\"yoast-schema-graph\">{\"@context\":\"https:\\\/\\\/schema.org\",\"@graph\":[{\"@type\":\"WebPage\",\"@id\":\"https:\\\/\\\/andersen-storm.com\\\/warten-auf-mehr\\\/\",\"url\":\"https:\\\/\\\/andersen-storm.com\\\/warten-auf-mehr\\\/\",\"name\":\"Warten auf mehr - Andersen Storm\",\"isPartOf\":{\"@id\":\"https:\\\/\\\/andersen-storm.com\\\/#website\"},\"primaryImageOfPage\":{\"@id\":\"https:\\\/\\\/andersen-storm.com\\\/warten-auf-mehr\\\/#primaryimage\"},\"image\":{\"@id\":\"https:\\\/\\\/andersen-storm.com\\\/warten-auf-mehr\\\/#primaryimage\"},\"thumbnailUrl\":\"https:\\\/\\\/andersen-storm.com\\\/wp-content\\\/uploads\\\/2021\\\/04\\\/andersenstorm_soweit_album_cover_600px_e-1.jpg\",\"datePublished\":\"2021-04-07T22:01:00+00:00\",\"dateModified\":\"2021-04-08T08:25:57+00:00\",\"breadcrumb\":{\"@id\":\"https:\\\/\\\/andersen-storm.com\\\/warten-auf-mehr\\\/#breadcrumb\"},\"inLanguage\":\"de\",\"potentialAction\":[{\"@type\":\"ReadAction\",\"target\":[\"https:\\\/\\\/andersen-storm.com\\\/warten-auf-mehr\\\/\"]}]},{\"@type\":\"ImageObject\",\"inLanguage\":\"de\",\"@id\":\"https:\\\/\\\/andersen-storm.com\\\/warten-auf-mehr\\\/#primaryimage\",\"url\":\"https:\\\/\\\/andersen-storm.com\\\/wp-content\\\/uploads\\\/2021\\\/04\\\/andersenstorm_soweit_album_cover_600px_e-1.jpg\",\"contentUrl\":\"https:\\\/\\\/andersen-storm.com\\\/wp-content\\\/uploads\\\/2021\\\/04\\\/andersenstorm_soweit_album_cover_600px_e-1.jpg\",\"width\":600,\"height\":600},{\"@type\":\"BreadcrumbList\",\"@id\":\"https:\\\/\\\/andersen-storm.com\\\/warten-auf-mehr\\\/#breadcrumb\",\"itemListElement\":[{\"@type\":\"ListItem\",\"position\":1,\"name\":\"Startseite\",\"item\":\"https:\\\/\\\/andersen-storm.com\\\/\"},{\"@type\":\"ListItem\",\"position\":2,\"name\":\"Warten auf mehr\"}]},{\"@type\":\"WebSite\",\"@id\":\"https:\\\/\\\/andersen-storm.com\\\/#website\",\"url\":\"https:\\\/\\\/andersen-storm.com\\\/\",\"name\":\"{:en}Andersen Storm{:}{:de}Andersen Storm{:}\",\"description\":\"My Music \u2022 K\u00fcnstlerwebsite\",\"publisher\":{\"@id\":\"https:\\\/\\\/andersen-storm.com\\\/#\\\/schema\\\/person\\\/e0b5c824d9b0479c8df4d0acaf5ee1a0\"},\"potentialAction\":[{\"@type\":\"SearchAction\",\"target\":{\"@type\":\"EntryPoint\",\"urlTemplate\":\"https:\\\/\\\/andersen-storm.com\\\/?s={search_term_string}\"},\"query-input\":{\"@type\":\"PropertyValueSpecification\",\"valueRequired\":true,\"valueName\":\"search_term_string\"}}],\"inLanguage\":\"de\"},{\"@type\":[\"Person\",\"Organization\"],\"@id\":\"https:\\\/\\\/andersen-storm.com\\\/#\\\/schema\\\/person\\\/e0b5c824d9b0479c8df4d0acaf5ee1a0\",\"name\":\"Andersen\",\"image\":{\"@type\":\"ImageObject\",\"inLanguage\":\"de\",\"@id\":\"https:\\\/\\\/andersen-storm.com\\\/wp-content\\\/uploads\\\/2025\\\/08\\\/20250806_161303.jpg\",\"url\":\"https:\\\/\\\/andersen-storm.com\\\/wp-content\\\/uploads\\\/2025\\\/08\\\/20250806_161303.jpg\",\"contentUrl\":\"https:\\\/\\\/andersen-storm.com\\\/wp-content\\\/uploads\\\/2025\\\/08\\\/20250806_161303.jpg\",\"width\":1080,\"height\":1079,\"caption\":\"Andersen\"},\"logo\":{\"@id\":\"https:\\\/\\\/andersen-storm.com\\\/wp-content\\\/uploads\\\/2025\\\/08\\\/20250806_161303.jpg\"},\"sameAs\":[\"https:\\\/\\\/andersenstorm.com\"]}]}<\/script>\n<!-- \/ Yoast SEO plugin. -->","yoast_head_json":{"title":"Warten auf mehr - Andersen Storm","robots":{"index":"index","follow":"follow","max-snippet":"max-snippet:-1","max-image-preview":"max-image-preview:large","max-video-preview":"max-video-preview:-1"},"canonical":"https:\/\/andersen-storm.com\/warten-auf-mehr\/","og_locale":"de_DE","og_type":"article","og_title":"Warten auf mehr - Andersen Storm","og_url":"https:\/\/andersen-storm.com\/warten-auf-mehr\/","og_site_name":"Andersen Storm","article_modified_time":"2021-04-08T08:25:57+00:00","og_image":[{"width":600,"height":600,"url":"https:\/\/andersen-storm.com\/wp-content\/uploads\/2021\/04\/andersenstorm_soweit_album_cover_600px_e-1.jpg","type":"image\/jpeg"}],"twitter_card":"summary_large_image","twitter_misc":{"Gesch\u00e4tzte Lesezeit":"2\u00a0Minuten"},"schema":{"@context":"https:\/\/schema.org","@graph":[{"@type":"WebPage","@id":"https:\/\/andersen-storm.com\/warten-auf-mehr\/","url":"https:\/\/andersen-storm.com\/warten-auf-mehr\/","name":"Warten auf mehr - Andersen Storm","isPartOf":{"@id":"https:\/\/andersen-storm.com\/#website"},"primaryImageOfPage":{"@id":"https:\/\/andersen-storm.com\/warten-auf-mehr\/#primaryimage"},"image":{"@id":"https:\/\/andersen-storm.com\/warten-auf-mehr\/#primaryimage"},"thumbnailUrl":"https:\/\/andersen-storm.com\/wp-content\/uploads\/2021\/04\/andersenstorm_soweit_album_cover_600px_e-1.jpg","datePublished":"2021-04-07T22:01:00+00:00","dateModified":"2021-04-08T08:25:57+00:00","breadcrumb":{"@id":"https:\/\/andersen-storm.com\/warten-auf-mehr\/#breadcrumb"},"inLanguage":"de","potentialAction":[{"@type":"ReadAction","target":["https:\/\/andersen-storm.com\/warten-auf-mehr\/"]}]},{"@type":"ImageObject","inLanguage":"de","@id":"https:\/\/andersen-storm.com\/warten-auf-mehr\/#primaryimage","url":"https:\/\/andersen-storm.com\/wp-content\/uploads\/2021\/04\/andersenstorm_soweit_album_cover_600px_e-1.jpg","contentUrl":"https:\/\/andersen-storm.com\/wp-content\/uploads\/2021\/04\/andersenstorm_soweit_album_cover_600px_e-1.jpg","width":600,"height":600},{"@type":"BreadcrumbList","@id":"https:\/\/andersen-storm.com\/warten-auf-mehr\/#breadcrumb","itemListElement":[{"@type":"ListItem","position":1,"name":"Startseite","item":"https:\/\/andersen-storm.com\/"},{"@type":"ListItem","position":2,"name":"Warten auf mehr"}]},{"@type":"WebSite","@id":"https:\/\/andersen-storm.com\/#website","url":"https:\/\/andersen-storm.com\/","name":"{:en}Andersen Storm{:}{:de}Andersen Storm{:}","description":"My Music \u2022 K\u00fcnstlerwebsite","publisher":{"@id":"https:\/\/andersen-storm.com\/#\/schema\/person\/e0b5c824d9b0479c8df4d0acaf5ee1a0"},"potentialAction":[{"@type":"SearchAction","target":{"@type":"EntryPoint","urlTemplate":"https:\/\/andersen-storm.com\/?s={search_term_string}"},"query-input":{"@type":"PropertyValueSpecification","valueRequired":true,"valueName":"search_term_string"}}],"inLanguage":"de"},{"@type":["Person","Organization"],"@id":"https:\/\/andersen-storm.com\/#\/schema\/person\/e0b5c824d9b0479c8df4d0acaf5ee1a0","name":"Andersen","image":{"@type":"ImageObject","inLanguage":"de","@id":"https:\/\/andersen-storm.com\/wp-content\/uploads\/2025\/08\/20250806_161303.jpg","url":"https:\/\/andersen-storm.com\/wp-content\/uploads\/2025\/08\/20250806_161303.jpg","contentUrl":"https:\/\/andersen-storm.com\/wp-content\/uploads\/2025\/08\/20250806_161303.jpg","width":1080,"height":1079,"caption":"Andersen"},"logo":{"@id":"https:\/\/andersen-storm.com\/wp-content\/uploads\/2025\/08\/20250806_161303.jpg"},"sameAs":["https:\/\/andersenstorm.com"]}]}},"_links":{"self":[{"href":"https:\/\/andersen-storm.com\/de\/wp-json\/wp\/v2\/pages\/961","targetHints":{"allow":["GET"]}}],"collection":[{"href":"https:\/\/andersen-storm.com\/de\/wp-json\/wp\/v2\/pages"}],"about":[{"href":"https:\/\/andersen-storm.com\/de\/wp-json\/wp\/v2\/types\/page"}],"author":[{"embeddable":true,"href":"https:\/\/andersen-storm.com\/de\/wp-json\/wp\/v2\/users\/1"}],"replies":[{"embeddable":true,"href":"https:\/\/andersen-storm.com\/de\/wp-json\/wp\/v2\/comments?post=961"}],"version-history":[{"count":2,"href":"https:\/\/andersen-storm.com\/de\/wp-json\/wp\/v2\/pages\/961\/revisions"}],"predecessor-version":[{"id":1057,"href":"https:\/\/andersen-storm.com\/de\/wp-json\/wp\/v2\/pages\/961\/revisions\/1057"}],"wp:featuredmedia":[{"embeddable":true,"href":"https:\/\/andersen-storm.com\/de\/wp-json\/wp\/v2\/media\/1036"}],"wp:attachment":[{"href":"https:\/\/andersen-storm.com\/de\/wp-json\/wp\/v2\/media?parent=961"}],"curies":[{"name":"wp","href":"https:\/\/api.w.org\/{rel}","templated":true}]}}