{"id":2009,"date":"2025-04-28T19:48:59","date_gmt":"2025-04-28T17:48:59","guid":{"rendered":"https:\/\/andersen-storm.com\/?post_type=product&#038;p=2009"},"modified":"2025-04-28T20:20:22","modified_gmt":"2025-04-28T18:20:22","slug":"unterstuetzung-1-euro","status":"publish","type":"product","link":"https:\/\/andersen-storm.com\/de\/produkt\/unterstuetzung-1-euro\/","title":{"rendered":"Unterst\u00fctzung: 1 Euro"},"content":{"rendered":"<p class=\"\" data-start=\"1254\" data-end=\"1305\"><strong data-start=\"1254\" data-end=\"1305\">Ich unterst\u00fctze deine freie Arbeit \u2013 mit einem Euro<\/strong><\/p>\n<p class=\"\" data-start=\"1312\" data-end=\"1410\"><strong>Du kannst meine unabh\u00e4ngige Arbeit als Musiker, Autor und Leseb\u00fchnen-Akteur einmalig unterst\u00fctzen:<\/strong><\/p>\n<p class=\"\" data-start=\"1419\" data-end=\"1514\">Lege den Unterst\u00fctzer-Euro in den Warenkorb (zum Beispiel gemeinsam mit dem kostenlosen eBook), bezahle ihn \u2013 und erhalte:<\/p>\n<ul>\n<li data-start=\"1552\" data-end=\"1618\">das eBook <em data-start=\"1562\" data-end=\"1586\">\u201eLiebe? Keine Option.\u201c<\/em> mit einem anspruchsvollen Text,<\/li>\n<li data-start=\"1625\" data-end=\"1674\">das z\u00e4rtliche Gef\u00fchl, etwas Gutes getan zu haben,<\/li>\n<li data-start=\"1681\" data-end=\"1716\">meinen aufrichtigen Dank im Herzen.<\/li>\n<\/ul>\n<p class=\"\" data-start=\"1723\" data-end=\"1859\"><strong data-start=\"1723\" data-end=\"1779\">Der Download bleibt auch ohne Unterst\u00fctzung m\u00f6glich.<\/strong><br data-start=\"1779\" data-end=\"1782\" \/>Jeder Beitrag hilft, unabh\u00e4ngige Kultur zu erhalten und weiterzuentwickeln.<\/p>\n","protected":false},"excerpt":{"rendered":"<p>Ich unterst\u00fctze deine freie Arbeit im Bereich der Musik, als Autor oder als Leseb\u00fchnen-Akteur einmalig<br \/>\nmit einem Euro. Meine Anerkennung st\u00e4rkt freie Kultur.<\/p>\n","protected":false},"featured_media":2017,"comment_status":"open","ping_status":"closed","template":"","meta":{"_links_to":"","_links_to_target":""},"product_brand":[],"product_cat":[63,18,29,106],"product_tag":[30,93,96,100,102,104,107,95],"class_list":{"0":"post-2009","1":"product","2":"type-product","3":"status-publish","4":"has-post-thumbnail","6":"product_cat-artikel-pdf","7":"product_cat-downloads","8":"product_cat-ebooks","9":"product_cat-support","10":"product_tag-ebook","11":"product_tag-lebensweisheit","12":"product_tag-liebe","13":"product_tag-philosophie","14":"product_tag-sein","15":"product_tag-sprache","16":"product_tag-support-artist","17":"product_tag-vergaenglichkeit","18":"entry","20":"first","21":"instock","22":"virtual","23":"purchasable","24":"product-type-simple"},"translation":{"provider":"WPGlobus","version":"3.0.2","language":"de","enabled_languages":["en","de"],"languages":{"en":{"title":true,"content":true,"excerpt":true},"de":{"title":false,"content":false,"excerpt":false}}},"yoast_head":"<!-- This site is optimized with the Yoast SEO plugin v27.4 - https:\/\/yoast.com\/product\/yoast-seo-wordpress\/ -->\n<title>Unterst\u00fctzung: 1 Euro - Andersen Storm<\/title>\n<meta name=\"robots\" content=\"index, follow, max-snippet:-1, max-image-preview:large, max-video-preview:-1\" \/>\n<link rel=\"canonical\" href=\"https:\/\/andersen-storm.com\/produkt\/unterstuetzung-1-euro\/\" \/>\n<meta property=\"og:locale\" content=\"de_DE\" \/>\n<meta property=\"og:type\" content=\"article\" \/>\n<meta property=\"og:title\" content=\"Unterst\u00fctzung: 1 Euro - Andersen Storm\" \/>\n<meta property=\"og:url\" content=\"https:\/\/andersen-storm.com\/produkt\/unterstuetzung-1-euro\/\" \/>\n<meta property=\"og:site_name\" content=\"Andersen Storm\" \/>\n<meta property=\"article:modified_time\" content=\"2025-04-28T18:20:22+00:00\" \/>\n<meta property=\"og:image\" content=\"https:\/\/andersen-storm.com\/wp-content\/uploads\/2025\/04\/euro.jpg\" \/>\n\t<meta property=\"og:image:width\" content=\"1024\" \/>\n\t<meta property=\"og:image:height\" content=\"1024\" \/>\n\t<meta property=\"og:image:type\" content=\"image\/jpeg\" \/>\n<meta name=\"twitter:card\" content=\"summary_large_image\" \/>\n<script type=\"application\/ld+json\" class=\"yoast-schema-graph\">{\"@context\":\"https:\\\/\\\/schema.org\",\"@graph\":[{\"@type\":\"WebPage\",\"@id\":\"https:\\\/\\\/andersen-storm.com\\\/produkt\\\/unterstuetzung-1-euro\\\/\",\"url\":\"https:\\\/\\\/andersen-storm.com\\\/produkt\\\/unterstuetzung-1-euro\\\/\",\"name\":\"Unterst\u00fctzung: 1 Euro - Andersen Storm\",\"isPartOf\":{\"@id\":\"https:\\\/\\\/andersen-storm.com\\\/#website\"},\"primaryImageOfPage\":{\"@id\":\"https:\\\/\\\/andersen-storm.com\\\/produkt\\\/unterstuetzung-1-euro\\\/#primaryimage\"},\"image\":{\"@id\":\"https:\\\/\\\/andersen-storm.com\\\/produkt\\\/unterstuetzung-1-euro\\\/#primaryimage\"},\"thumbnailUrl\":\"https:\\\/\\\/andersen-storm.com\\\/wp-content\\\/uploads\\\/2025\\\/04\\\/euro.jpg\",\"datePublished\":\"2025-04-28T17:48:59+00:00\",\"dateModified\":\"2025-04-28T18:20:22+00:00\",\"breadcrumb\":{\"@id\":\"https:\\\/\\\/andersen-storm.com\\\/produkt\\\/unterstuetzung-1-euro\\\/#breadcrumb\"},\"inLanguage\":\"de\",\"potentialAction\":[{\"@type\":\"ReadAction\",\"target\":[\"https:\\\/\\\/andersen-storm.com\\\/produkt\\\/unterstuetzung-1-euro\\\/\"]}]},{\"@type\":\"ImageObject\",\"inLanguage\":\"de\",\"@id\":\"https:\\\/\\\/andersen-storm.com\\\/produkt\\\/unterstuetzung-1-euro\\\/#primaryimage\",\"url\":\"https:\\\/\\\/andersen-storm.com\\\/wp-content\\\/uploads\\\/2025\\\/04\\\/euro.jpg\",\"contentUrl\":\"https:\\\/\\\/andersen-storm.com\\\/wp-content\\\/uploads\\\/2025\\\/04\\\/euro.jpg\",\"width\":1024,\"height\":1024},{\"@type\":\"BreadcrumbList\",\"@id\":\"https:\\\/\\\/andersen-storm.com\\\/produkt\\\/unterstuetzung-1-euro\\\/#breadcrumb\",\"itemListElement\":[{\"@type\":\"ListItem\",\"position\":1,\"name\":\"Startseite\",\"item\":\"https:\\\/\\\/andersen-storm.com\\\/\"},{\"@type\":\"ListItem\",\"position\":2,\"name\":\"Shop\",\"item\":\"https:\\\/\\\/andersen-storm.com\\\/shopnow\\\/\"},{\"@type\":\"ListItem\",\"position\":3,\"name\":\"Unterst\u00fctzung: 1 Euro\"}]},{\"@type\":\"WebSite\",\"@id\":\"https:\\\/\\\/andersen-storm.com\\\/#website\",\"url\":\"https:\\\/\\\/andersen-storm.com\\\/\",\"name\":\"{:en}Andersen Storm{:}{:de}Andersen Storm{:}\",\"description\":\"My Music \u2022 K\u00fcnstlerwebsite\",\"publisher\":{\"@id\":\"https:\\\/\\\/andersen-storm.com\\\/#\\\/schema\\\/person\\\/e0b5c824d9b0479c8df4d0acaf5ee1a0\"},\"potentialAction\":[{\"@type\":\"SearchAction\",\"target\":{\"@type\":\"EntryPoint\",\"urlTemplate\":\"https:\\\/\\\/andersen-storm.com\\\/?s={search_term_string}\"},\"query-input\":{\"@type\":\"PropertyValueSpecification\",\"valueRequired\":true,\"valueName\":\"search_term_string\"}}],\"inLanguage\":\"de\"},{\"@type\":[\"Person\",\"Organization\"],\"@id\":\"https:\\\/\\\/andersen-storm.com\\\/#\\\/schema\\\/person\\\/e0b5c824d9b0479c8df4d0acaf5ee1a0\",\"name\":\"Andersen\",\"image\":{\"@type\":\"ImageObject\",\"inLanguage\":\"de\",\"@id\":\"https:\\\/\\\/andersen-storm.com\\\/wp-content\\\/uploads\\\/2025\\\/08\\\/20250806_161303.jpg\",\"url\":\"https:\\\/\\\/andersen-storm.com\\\/wp-content\\\/uploads\\\/2025\\\/08\\\/20250806_161303.jpg\",\"contentUrl\":\"https:\\\/\\\/andersen-storm.com\\\/wp-content\\\/uploads\\\/2025\\\/08\\\/20250806_161303.jpg\",\"width\":1080,\"height\":1079,\"caption\":\"Andersen\"},\"logo\":{\"@id\":\"https:\\\/\\\/andersen-storm.com\\\/wp-content\\\/uploads\\\/2025\\\/08\\\/20250806_161303.jpg\"},\"sameAs\":[\"https:\\\/\\\/andersenstorm.com\"]}]}<\/script>\n<!-- \/ Yoast SEO plugin. -->","yoast_head_json":{"title":"Unterst\u00fctzung: 1 Euro - Andersen Storm","robots":{"index":"index","follow":"follow","max-snippet":"max-snippet:-1","max-image-preview":"max-image-preview:large","max-video-preview":"max-video-preview:-1"},"canonical":"https:\/\/andersen-storm.com\/produkt\/unterstuetzung-1-euro\/","og_locale":"de_DE","og_type":"article","og_title":"Unterst\u00fctzung: 1 Euro - Andersen Storm","og_url":"https:\/\/andersen-storm.com\/produkt\/unterstuetzung-1-euro\/","og_site_name":"Andersen Storm","article_modified_time":"2025-04-28T18:20:22+00:00","og_image":[{"width":1024,"height":1024,"url":"https:\/\/andersen-storm.com\/wp-content\/uploads\/2025\/04\/euro.jpg","type":"image\/jpeg"}],"twitter_card":"summary_large_image","schema":{"@context":"https:\/\/schema.org","@graph":[{"@type":"WebPage","@id":"https:\/\/andersen-storm.com\/produkt\/unterstuetzung-1-euro\/","url":"https:\/\/andersen-storm.com\/produkt\/unterstuetzung-1-euro\/","name":"Unterst\u00fctzung: 1 Euro - Andersen Storm","isPartOf":{"@id":"https:\/\/andersen-storm.com\/#website"},"primaryImageOfPage":{"@id":"https:\/\/andersen-storm.com\/produkt\/unterstuetzung-1-euro\/#primaryimage"},"image":{"@id":"https:\/\/andersen-storm.com\/produkt\/unterstuetzung-1-euro\/#primaryimage"},"thumbnailUrl":"https:\/\/andersen-storm.com\/wp-content\/uploads\/2025\/04\/euro.jpg","datePublished":"2025-04-28T17:48:59+00:00","dateModified":"2025-04-28T18:20:22+00:00","breadcrumb":{"@id":"https:\/\/andersen-storm.com\/produkt\/unterstuetzung-1-euro\/#breadcrumb"},"inLanguage":"de","potentialAction":[{"@type":"ReadAction","target":["https:\/\/andersen-storm.com\/produkt\/unterstuetzung-1-euro\/"]}]},{"@type":"ImageObject","inLanguage":"de","@id":"https:\/\/andersen-storm.com\/produkt\/unterstuetzung-1-euro\/#primaryimage","url":"https:\/\/andersen-storm.com\/wp-content\/uploads\/2025\/04\/euro.jpg","contentUrl":"https:\/\/andersen-storm.com\/wp-content\/uploads\/2025\/04\/euro.jpg","width":1024,"height":1024},{"@type":"BreadcrumbList","@id":"https:\/\/andersen-storm.com\/produkt\/unterstuetzung-1-euro\/#breadcrumb","itemListElement":[{"@type":"ListItem","position":1,"name":"Startseite","item":"https:\/\/andersen-storm.com\/"},{"@type":"ListItem","position":2,"name":"Shop","item":"https:\/\/andersen-storm.com\/shopnow\/"},{"@type":"ListItem","position":3,"name":"Unterst\u00fctzung: 1 Euro"}]},{"@type":"WebSite","@id":"https:\/\/andersen-storm.com\/#website","url":"https:\/\/andersen-storm.com\/","name":"{:en}Andersen Storm{:}{:de}Andersen Storm{:}","description":"My Music \u2022 K\u00fcnstlerwebsite","publisher":{"@id":"https:\/\/andersen-storm.com\/#\/schema\/person\/e0b5c824d9b0479c8df4d0acaf5ee1a0"},"potentialAction":[{"@type":"SearchAction","target":{"@type":"EntryPoint","urlTemplate":"https:\/\/andersen-storm.com\/?s={search_term_string}"},"query-input":{"@type":"PropertyValueSpecification","valueRequired":true,"valueName":"search_term_string"}}],"inLanguage":"de"},{"@type":["Person","Organization"],"@id":"https:\/\/andersen-storm.com\/#\/schema\/person\/e0b5c824d9b0479c8df4d0acaf5ee1a0","name":"Andersen","image":{"@type":"ImageObject","inLanguage":"de","@id":"https:\/\/andersen-storm.com\/wp-content\/uploads\/2025\/08\/20250806_161303.jpg","url":"https:\/\/andersen-storm.com\/wp-content\/uploads\/2025\/08\/20250806_161303.jpg","contentUrl":"https:\/\/andersen-storm.com\/wp-content\/uploads\/2025\/08\/20250806_161303.jpg","width":1080,"height":1079,"caption":"Andersen"},"logo":{"@id":"https:\/\/andersen-storm.com\/wp-content\/uploads\/2025\/08\/20250806_161303.jpg"},"sameAs":["https:\/\/andersenstorm.com"]}]}},"_links":{"self":[{"href":"https:\/\/andersen-storm.com\/de\/wp-json\/wp\/v2\/product\/2009","targetHints":{"allow":["GET"]}}],"collection":[{"href":"https:\/\/andersen-storm.com\/de\/wp-json\/wp\/v2\/product"}],"about":[{"href":"https:\/\/andersen-storm.com\/de\/wp-json\/wp\/v2\/types\/product"}],"replies":[{"embeddable":true,"href":"https:\/\/andersen-storm.com\/de\/wp-json\/wp\/v2\/comments?post=2009"}],"wp:featuredmedia":[{"embeddable":true,"href":"https:\/\/andersen-storm.com\/de\/wp-json\/wp\/v2\/media\/2017"}],"wp:attachment":[{"href":"https:\/\/andersen-storm.com\/de\/wp-json\/wp\/v2\/media?parent=2009"}],"wp:term":[{"taxonomy":"product_brand","embeddable":true,"href":"https:\/\/andersen-storm.com\/de\/wp-json\/wp\/v2\/product_brand?post=2009"},{"taxonomy":"product_cat","embeddable":true,"href":"https:\/\/andersen-storm.com\/de\/wp-json\/wp\/v2\/product_cat?post=2009"},{"taxonomy":"product_tag","embeddable":true,"href":"https:\/\/andersen-storm.com\/de\/wp-json\/wp\/v2\/product_tag?post=2009"}],"curies":[{"name":"wp","href":"https:\/\/api.w.org\/{rel}","templated":true}]}}